{"id":105,"date":"2013-05-20T17:12:23","date_gmt":"2013-05-20T17:12:23","guid":{"rendered":"http:\/\/projects.madstudio.northwestern.edu\/bauhaus-and-beyond\/?page_id=105"},"modified":"2013-11-19T17:28:28","modified_gmt":"2013-11-19T17:28:28","slug":"die-moderne","status":"publish","type":"page","link":"https:\/\/projects.madstudio.northwestern.edu\/bauhaus-and-beyond\/chicago-skyline\/geschichte-der-skyline\/die-moderne\/","title":{"rendered":"Die Moderne"},"content":{"rendered":"<p>Das Anfang des zwanzigsten Jahrhundert brachte aber auch noch andere <a href = \"#\" class=\"vocabWord\" id=\"SMSN-VW0\" bubbleText=\"<button type='button' class='balloonClose'> <\/button><p class = 'trans'>movement, direction<\/p><\/br><form><input class='vocabCheck' id = 'SMSN-VC0' type='checkbox' word=' Str\u00f6mungen' translation='movement, direction'><label class = 'checkprompt' for = 'SMSN-VC0'>Add to my vocab sheet<\/label><\/input><\/form>\"> Str\u00f6mungen<\/a> mit sich und besonders in den USA begann man, sich an Ideen zu orientieren, die ihre Urspr\u00fcnge weitgehend in Europa hatten. 1932 fand eine Ausstellung am MOMA, dem Museum of Modern Art in New York statt, die sich als\u00a0 Ziel gesetzt hatte, Werke der Moderne zu zeigen, die auch die von deutschen K\u00fcnstlern einschlossen. Philip Johnson und Henry Russell Hitchcock schrieben sp\u00e4ter eine Zusammenfassung \u00fcber die Merkmale der Moderne in der Architektur.\u00a0 Sie identifizierten drei Merkmale:<\/p>\n<p>1.\u00a0 Abwendung von traditionellen Ornamenten, was sowohl auf ideologische als auch auf pragmatische und aesthetische Gr\u00fcnde zur\u00fcckzuf\u00fchren ist.<\/p>\n<p>2.\u00a0 Volumen dominiert \u00fcber Masse, was bedeutet, dass moderne Geb\u00e4ude hoch sind und transparent und d\u00fcnne W\u00e4nde haben anstatt massive W\u00e4nde aus Stein.<\/p>\n<p>3.\u00a0 Regelm\u00e4\u00dfigkeit statt Symmetrie.\u00a0 Geb\u00e4ude der Moderne zeigen kein Bestreben nach Symmetrie, sondern zeichnen sich durch <a href = \"#\" class=\"vocabWord\" id=\"SMSN-VW1\" bubbleText=\"<button type='button' class='balloonClose'> <\/button><p class = 'trans'>gridlike patterns and uniformity<\/p><\/br><form><input class='vocabCheck' id = 'SMSN-VC1' type='checkbox' word=' rasterartige Muster und Einheitlichkeit' translation='gridlike patterns and uniformity'><label class = 'checkprompt' for = 'SMSN-VC1'>Add to my vocab sheet<\/label><\/input><\/form>\"> rasterartige Muster und Einheitlichkeit<\/a> aus, ihrem Wunsch entsprechend, sich der industriellen Gesellschaft und der ihr inh\u00e4renten Anonymit\u00e4t anzupasse<i>n.<br \/>\n<\/i><\/p>\n\n<!-- iframe plugin v.4.5 wordpress.org\/plugins\/iframe\/ -->\n<iframe loading=\"lazy\" src=\"https:\/\/projects.madstudio.northwestern.edu\/bauhaus-and-beyond\/hotpot\/chicagoskyline\/diemoderne.htm\" height=\"420\" width=\"100%\" scrolling=\"yes\" class=\"iframe-class\" frameborder=\"0\"><\/iframe>\n\n<p>&nbsp;<\/p>\n","protected":false},"excerpt":{"rendered":"<p>Das Anfang des zwanzigsten Jahrhundert brachte aber auch noch andere mit sich und besonders in den USA begann man, sich an Ideen zu orientieren, die ihre Urspr\u00fcnge weitgehend in Europa hatten. 1932 fand eine Ausstellung am MOMA, dem Museum of Modern Art in New York statt, die sich als\u00a0 Ziel gesetzt hatte, Werke der Moderne [&hellip;]<\/p>\n","protected":false},"author":2,"featured_media":0,"parent":22,"menu_order":11,"comment_status":"open","ping_status":"open","template":"","meta":{"footnotes":""},"class_list":["post-105","page","type-page","status-publish","hentry"],"_links":{"self":[{"href":"https:\/\/projects.madstudio.northwestern.edu\/bauhaus-and-beyond\/wp-json\/wp\/v2\/pages\/105","targetHints":{"allow":["GET"]}}],"collection":[{"href":"https:\/\/projects.madstudio.northwestern.edu\/bauhaus-and-beyond\/wp-json\/wp\/v2\/pages"}],"about":[{"href":"https:\/\/projects.madstudio.northwestern.edu\/bauhaus-and-beyond\/wp-json\/wp\/v2\/types\/page"}],"author":[{"embeddable":true,"href":"https:\/\/projects.madstudio.northwestern.edu\/bauhaus-and-beyond\/wp-json\/wp\/v2\/users\/2"}],"replies":[{"embeddable":true,"href":"https:\/\/projects.madstudio.northwestern.edu\/bauhaus-and-beyond\/wp-json\/wp\/v2\/comments?post=105"}],"version-history":[{"count":7,"href":"https:\/\/projects.madstudio.northwestern.edu\/bauhaus-and-beyond\/wp-json\/wp\/v2\/pages\/105\/revisions"}],"predecessor-version":[{"id":906,"href":"https:\/\/projects.madstudio.northwestern.edu\/bauhaus-and-beyond\/wp-json\/wp\/v2\/pages\/105\/revisions\/906"}],"up":[{"embeddable":true,"href":"https:\/\/projects.madstudio.northwestern.edu\/bauhaus-and-beyond\/wp-json\/wp\/v2\/pages\/22"}],"wp:attachment":[{"href":"https:\/\/projects.madstudio.northwestern.edu\/bauhaus-and-beyond\/wp-json\/wp\/v2\/media?parent=105"}],"curies":[{"name":"wp","href":"https:\/\/api.w.org\/{rel}","templated":true}]}}