{"id":11,"date":"2013-05-15T18:39:51","date_gmt":"2013-05-15T18:39:51","guid":{"rendered":"http:\/\/projects.madstudio.northwestern.edu\/bauhaus-and-beyond\/?page_id=11"},"modified":"2014-03-15T22:32:43","modified_gmt":"2014-03-15T22:32:43","slug":"galerie","status":"publish","type":"page","link":"https:\/\/projects.madstudio.northwestern.edu\/bauhaus-and-beyond\/chicago-skyline\/galerie\/","title":{"rendered":"Galerie"},"content":{"rendered":"<p>Diese Galerie zeigt Geb\u00e4ude, die repr\u00e4sentativ f\u00fcr wichtige Stile in der Architektur in Chicago und weltweit sind. Die Geb\u00e4ude sind historisch chronologisch geordnet, und dem deutschen Einfluss auf die Skyline wurde in der Auswahl besondere Aufmerksamkeit geschenkt.\u00a0 Sie finden bei jedem Geb\u00e4ude einen kurzen Kommentar zu der Zeitperiode, in der es entstanden ist und von wem es entworfen wurde. Sie k\u00f6nnen sich die Galerie chronologisch ansehen oder auf individuelle Geb\u00e4ude klicken um mehr \u00fcber sie zu erfahren.<\/p>\n","protected":false},"excerpt":{"rendered":"<p>Diese Galerie zeigt Geb\u00e4ude, die repr\u00e4sentativ f\u00fcr wichtige Stile in der Architektur in Chicago und weltweit sind. Die Geb\u00e4ude sind historisch chronologisch geordnet, und dem deutschen Einfluss auf die Skyline wurde in der Auswahl besondere Aufmerksamkeit geschenkt.\u00a0 Sie finden bei jedem Geb\u00e4ude einen kurzen Kommentar zu der Zeitperiode, in der es entstanden ist und von [&hellip;]<\/p>\n","protected":false},"author":1,"featured_media":0,"parent":7,"menu_order":3,"comment_status":"open","ping_status":"closed","template":"","meta":{"footnotes":""},"class_list":["post-11","page","type-page","status-publish","hentry"],"_links":{"self":[{"href":"https:\/\/projects.madstudio.northwestern.edu\/bauhaus-and-beyond\/wp-json\/wp\/v2\/pages\/11","targetHints":{"allow":["GET"]}}],"collection":[{"href":"https:\/\/projects.madstudio.northwestern.edu\/bauhaus-and-beyond\/wp-json\/wp\/v2\/pages"}],"about":[{"href":"https:\/\/projects.madstudio.northwestern.edu\/bauhaus-and-beyond\/wp-json\/wp\/v2\/types\/page"}],"author":[{"embeddable":true,"href":"https:\/\/projects.madstudio.northwestern.edu\/bauhaus-and-beyond\/wp-json\/wp\/v2\/users\/1"}],"replies":[{"embeddable":true,"href":"https:\/\/projects.madstudio.northwestern.edu\/bauhaus-and-beyond\/wp-json\/wp\/v2\/comments?post=11"}],"version-history":[{"count":20,"href":"https:\/\/projects.madstudio.northwestern.edu\/bauhaus-and-beyond\/wp-json\/wp\/v2\/pages\/11\/revisions"}],"predecessor-version":[{"id":1461,"href":"https:\/\/projects.madstudio.northwestern.edu\/bauhaus-and-beyond\/wp-json\/wp\/v2\/pages\/11\/revisions\/1461"}],"up":[{"embeddable":true,"href":"https:\/\/projects.madstudio.northwestern.edu\/bauhaus-and-beyond\/wp-json\/wp\/v2\/pages\/7"}],"wp:attachment":[{"href":"https:\/\/projects.madstudio.northwestern.edu\/bauhaus-and-beyond\/wp-json\/wp\/v2\/media?parent=11"}],"curies":[{"name":"wp","href":"https:\/\/api.w.org\/{rel}","templated":true}]}}