{"id":112,"date":"2013-05-20T17:13:56","date_gmt":"2013-05-20T17:13:56","guid":{"rendered":"http:\/\/projects.madstudio.northwestern.edu\/bauhaus-and-beyond\/?page_id=112"},"modified":"2013-11-15T16:43:19","modified_gmt":"2013-11-15T16:43:19","slug":"postmoderne","status":"publish","type":"page","link":"https:\/\/projects.madstudio.northwestern.edu\/bauhaus-and-beyond\/chicago-skyline\/geschichte-der-skyline\/postmoderne\/","title":{"rendered":"Postmoderne"},"content":{"rendered":"<p>In den siebziger Jahren begann sich die Konzentration auf die rechteckigen Strukturen des Internationalen Stils zu lockern, und die Weichen f\u00fcr spielerischere architektonische <a href = \"#\" class=\"vocabWord\" id=\"SMSN-VW0\" bubbleText=\"<button type='button' class='balloonClose'> <\/button><p class = 'trans'>approaches<\/p><\/br><form><input class='vocabCheck' id = 'SMSN-VC0' type='checkbox' word=' Ans\u00e4tze' translation='approaches'><label class = 'checkprompt' for = 'SMSN-VC0'>Add to my vocab sheet<\/label><\/input><\/form>\"> Ans\u00e4tze<\/a> wurden <a href = \"#\" class=\"vocabWord\" id=\"SMSN-VW1\" bubbleText=\"<button type='button' class='balloonClose'> <\/button><p class = 'trans'>Weichen stellen = to pave a path<\/p><\/br><form><input class='vocabCheck' id = 'SMSN-VC1' type='checkbox' word=' gestellt' translation='Weichen stellen = to pave a path'><label class = 'checkprompt' for = 'SMSN-VC1'>Add to my vocab sheet<\/label><\/input><\/form>\"> gestellt<\/a>. Kreative Alternativen snd z.B. das dreieckige und mit einer ungew\u00f6hnlichen fensterreichen Fassade <a href = \"#\" class=\"vocabWord\" id=\"SMSN-VW2\" bubbleText=\"<button type='button' class='balloonClose'> <\/button><p class = 'trans'>integrated; applied<\/p><\/br><form><input class='vocabCheck' id = 'SMSN-VC2' type='checkbox' word=' versehene ' translation='integrated; applied'><label class = 'checkprompt' for = 'SMSN-VC2'>Add to my vocab sheet<\/label><\/input><\/form>\"> versehene <\/a> Gef\u00e4ngnis (Metropolitan Correctional Center) von Harry Weese, einem Architekten aus Evanston, aus dem Jahre 1975.<\/p>\n<p>&nbsp;<\/p>\n<p>Ein bekanntes Beispiel f\u00fcr die Postmoderne ist auch die Harold Washington Bibliothek, die 1991 von der New York Firma Hammond, Beeby, und Babka fertiggestellt wurde.\u00a0 Sie integriert Elemente aus historischen Geb\u00e4uden in Chicago, aber arrangiert sie in neuen Dimensionen, Formen, und Materialien.<\/p>\n<p>&nbsp;<\/p>\n<p>Helmut Jahn wagte 1986 mit seinem State of Illinois Center, auch Thompson Center genannt, einen wahren Sprung in die Zukunft.\u00a0 Sein Bau wurde mit einer fliegenden Untertasse verglichen und erntete ihm den Namen Flash Gordon.\u00a0 Als Deutscher aus N\u00fcrnberg, der mit 20 Jahren in die USA kam, um bei Mies van der Rohe am IIT zu studieren, brachte Jahn auch ein verst\u00e4rktes <a href = \"#\" class=\"vocabWord\" id=\"SMSN-VW3\" bubbleText=\"<button type='button' class='balloonClose'> <\/button><p class = 'trans'>environmental concern; awareness regarding the environment<\/p><\/br><form><input class='vocabCheck' id = 'SMSN-VC3' type='checkbox' word=' Umweltbewusstsein' translation='environmental concern; awareness regarding the environment'><label class = 'checkprompt' for = 'SMSN-VC3'>Add to my vocab sheet<\/label><\/input><\/form>\"> Umweltbewusstsein<\/a> mit, das er durch innovative Verglasungen, deren Zweck Energiesparen war, auszudr\u00fccken versuchte. Auch strukturell ragte Jahn bald durch seine kreativen Sch\u00f6pfungen hervor, die den United Terminal am O&#8217;Hare Flughafen, den Messeturm in Frankfurt, das Sony Center in Berlin, und viele weitere Geb\u00e4ude in Chicago einschlie\u00dfen.<\/p>\n<div><\/div>\n<div>\n<!-- iframe plugin v.4.5 wordpress.org\/plugins\/iframe\/ -->\n<iframe loading=\"lazy\" src=\"https:\/\/projects.madstudio.northwestern.edu\/bauhaus-and-beyond\/hotpot\/chicagoskyline\/postmoderne.htm\" height=\"450\" width=\"100%\" scrolling=\"yes\" class=\"iframe-class\" frameborder=\"0\"><\/iframe>\n<\/div>\n","protected":false},"excerpt":{"rendered":"<p>In den siebziger Jahren begann sich die Konzentration auf die rechteckigen Strukturen des Internationalen Stils zu lockern, und die Weichen f\u00fcr spielerischere architektonische wurden . Kreative Alternativen snd z.B. das dreieckige und mit einer ungew\u00f6hnlichen fensterreichen Fassade Gef\u00e4ngnis (Metropolitan Correctional Center) von Harry Weese, einem Architekten aus Evanston, aus dem Jahre 1975. &nbsp; Ein bekanntes [&hellip;]<\/p>\n","protected":false},"author":2,"featured_media":0,"parent":22,"menu_order":14,"comment_status":"open","ping_status":"open","template":"","meta":{"footnotes":""},"class_list":["post-112","page","type-page","status-publish","hentry"],"_links":{"self":[{"href":"https:\/\/projects.madstudio.northwestern.edu\/bauhaus-and-beyond\/wp-json\/wp\/v2\/pages\/112","targetHints":{"allow":["GET"]}}],"collection":[{"href":"https:\/\/projects.madstudio.northwestern.edu\/bauhaus-and-beyond\/wp-json\/wp\/v2\/pages"}],"about":[{"href":"https:\/\/projects.madstudio.northwestern.edu\/bauhaus-and-beyond\/wp-json\/wp\/v2\/types\/page"}],"author":[{"embeddable":true,"href":"https:\/\/projects.madstudio.northwestern.edu\/bauhaus-and-beyond\/wp-json\/wp\/v2\/users\/2"}],"replies":[{"embeddable":true,"href":"https:\/\/projects.madstudio.northwestern.edu\/bauhaus-and-beyond\/wp-json\/wp\/v2\/comments?post=112"}],"version-history":[{"count":8,"href":"https:\/\/projects.madstudio.northwestern.edu\/bauhaus-and-beyond\/wp-json\/wp\/v2\/pages\/112\/revisions"}],"predecessor-version":[{"id":643,"href":"https:\/\/projects.madstudio.northwestern.edu\/bauhaus-and-beyond\/wp-json\/wp\/v2\/pages\/112\/revisions\/643"}],"up":[{"embeddable":true,"href":"https:\/\/projects.madstudio.northwestern.edu\/bauhaus-and-beyond\/wp-json\/wp\/v2\/pages\/22"}],"wp:attachment":[{"href":"https:\/\/projects.madstudio.northwestern.edu\/bauhaus-and-beyond\/wp-json\/wp\/v2\/media?parent=112"}],"curies":[{"name":"wp","href":"https:\/\/api.w.org\/{rel}","templated":true}]}}