{"id":1784,"date":"2014-03-19T19:14:50","date_gmt":"2014-03-19T19:14:50","guid":{"rendered":"http:\/\/projects.madstudio.northwestern.edu\/bauhaus-and-beyond\/?page_id=1784"},"modified":"2023-11-09T20:46:50","modified_gmt":"2023-11-09T20:46:50","slug":"northwestern-universitat-campus","status":"publish","type":"page","link":"https:\/\/projects.madstudio.northwestern.edu\/bauhaus-and-beyond\/studentenmagazin\/northwestern-universitat-campus\/","title":{"rendered":"Geb\u00e4ude auf dem Northwestern Universit\u00e4t Campus"},"content":{"rendered":"\r\n            \r\n            \r\n            \r\n            <a name='map1'><\/a>\r\n            \r\n            \r\n            \r\n            \r\n            <div class=\"wpgmza_map \"  id=\"wpgmza_map_1\" style=\"display:block; overflow:auto; width:100%; height:400px; float:left;\" data-settings='{\"id\":\"1\",\"map_title\":\"Northwestern Universit\\u00e4t Campus\",\"map_width\":\"100\",\"map_height\":\"400\",\"map_start_lat\":\"42.056097\",\"map_start_lng\":\"-87.676210\",\"map_start_location\":\"42.056097,-87.67620999999997\",\"map_start_zoom\":\"15\",\"default_marker\":\"0\",\"type\":\"1\",\"alignment\":\"1\",\"directions_enabled\":\"1\",\"styling_enabled\":\"0\",\"styling_json\":\"\",\"active\":\"0\",\"kml\":\"\",\"bicycle\":\"0\",\"traffic\":\"0\",\"dbox\":\"1\",\"dbox_width\":\"100\",\"listmarkers\":\"0\",\"listmarkers_advanced\":\"0\",\"filterbycat\":\"0\",\"ugm_enabled\":\"0\",\"ugm_category_enabled\":\"0\",\"fusion\":\"\",\"map_width_type\":\"\\\\%\",\"map_height_type\":\"px\",\"mass_marker_support\":\"1\",\"ugm_access\":\"0\",\"order_markers_by\":\"1\",\"order_markers_choice\":\"2\",\"show_user_location\":\"2\",\"default_to\":\"\",\"other_settings\":{\"wpgmza_store_locator_restrict\":\"\",\"wpgmza_sl_animation\":\"1\",\"store_locator_bounce\":1,\"store_locator_query_string\":\"ZIP \\\/ Address:\",\"store_locator_name_string\":\"Title \\\/ Description:\",\"store_locator_default_address\":\"\",\"wpgmza_dbox_width_type\":\"%\",\"map_max_zoom\":\"1\",\"map_min_zoom\":\"21\",\"sl_stroke_color\":\"FF0000\",\"sl_stroke_opacity\":\"0.25\",\"sl_fill_color\":\"FF0000\",\"sl_fill_opacity\":\"0.15\",\"click_open_link\":2,\"transport_layer\":0,\"iw_primary_color\":\"2A3744\",\"iw_accent_color\":\"252F3A\",\"iw_text_color\":\"FFFFFF\",\"wpgmza_iw_type\":\"0\",\"list_markers_by\":\"0\",\"push_in_map\":\"\",\"push_in_map_placement\":\"9\",\"wpgmza_push_in_map_width\":\"\",\"wpgmza_push_in_map_height\":\"\",\"wpgmza_theme_data\":\"\",\"upload_default_ul_marker\":\"\",\"upload_default_sl_marker\":\"\",\"shortcodeAttributes\":{\"id\":\"1\"}}}' data-map-id='1' data-shortcode-attributes='{\"id\":\"1\"}'> <\/div>\r\n            \r\n               \r\n        <div style=\"display:block; width:100%;\">\r\n\t\t\t\t\r\n\t\t\t\t<div class=\"wpgmza-directions-box wpgmaps_directions_outer_div\" data-map-id=\"1\" style=\"width:100%;display:none;clear:both;\" id=\"wpgmaps_directions_edit_1\">\n\t<h2 class=\"wpgmza-directions-box__title\">Get Directions<\/h2>\n\t\n\t<div class=\"wpgmza-directions-box-inner\" id=\"wpgmaps_directions_editbox_1\">\n\t\t<div class=\"wpgmza-directions-actions wpgmza-form-field\">\n\t\t\t<div class=\"wpgmza-directions__travel-mode\">\n\t\t\t\t<span class=\"wpgmza-travel-mode-option wpgmza-travel-option__selected\" data-mode=\"driving\">\n\t\t\t\t\t<img decoding=\"async\" src=\"https:\/\/projects.madstudio.northwestern.edu\/bauhaus-and-beyond\/wp-content\/plugins\/wp-google-maps-pro\/images\/icons\/directions_car.png\">\n\t\t\t\t<\/span>\n\t\t\t\t<span class=\"wpgmza-travel-mode-option\" data-mode=\"walking\">\n\t\t\t\t\t<img decoding=\"async\" src=\"https:\/\/projects.madstudio.northwestern.edu\/bauhaus-and-beyond\/wp-content\/plugins\/wp-google-maps-pro\/images\/icons\/directions_walking.png\">\n\t\t\t\t<\/span>\n\t\t\t\t<span class=\"wpgmza-travel-mode-option\" data-mode=\"transit\">\n\t\t\t\t\t<img decoding=\"async\" src=\"https:\/\/projects.madstudio.northwestern.edu\/bauhaus-and-beyond\/wp-content\/plugins\/wp-google-maps-pro\/images\/icons\/directions_transit.png\">\n\t\t\t\t<\/span>\n\t\t\t\t<span class=\"wpgmza-travel-mode-option\" data-mode=\"bicycling\">\n\t\t\t\t\t<img decoding=\"async\" src=\"https:\/\/projects.madstudio.northwestern.edu\/bauhaus-and-beyond\/wp-content\/plugins\/wp-google-maps-pro\/images\/icons\/directions_bike.png\">\n\t\t\t\t<\/span>\n\t\t\t<\/div>\n\n\t\t\t<div class=\"wpgmza-directions-locations\">\n\t\t\t\t<div class=\"wpgmza-directions-from wpgmza-form-field\">\n\n\t\t\t\t\t<i class=\"wpgmza-directions-from__icon fa fa-circle\"><\/i>\n\t\t\t\n\t\t\t\t\t<label class=\"wpgmza-form-field__label\" for=\"wpgmza_input_from_1\">\n\t\t\t\t\t\tFrom\t\t\t\t\t<\/label>\n\t\t\t\t\t\n\t\t\t\t\t<input class=\"wpgmza-address wpgmza-directions-from wpgmza-form-field__input\" type=\"text\" placeholder=\"From\" value=\"\" id=\"wpgmza_input_from_1\">\n\t\t\t\t\n\t\t\t\t<\/div>\n\n\t\t\t\t<div class=\"wpgmza-directions-to wpgmza-form-field wpgmaps_to_row\">\n\n\t\t\t\t\t<i class=\"wpgmza-directions-to__icon fa fas fa-map-marker\"><\/i>\n\n\t\t\t\t\t<label class=\"wpgmza-form-field__label\" for=\"wpgmza_input_to_1\">\n\t\t\t\t\t\tTo\t\t\t\t\t<\/label>\n\t\t\t\t\t<input class=\"wpgmza-address wpgmza-form-field__input wpgmza-directions-to\" type=\"text\" placeholder=\"To\" value=\"\" id=\"wpgmza_input_to_1\">\n\t\t\t\t<\/div>\n\t\t\t\t\n\t\t\t\t<div class=\"wpgmza-waypoint-via wpgmza-form-field wpgmza-form-field--no-pad wpgmaps_via wpgmaps_template\">\n\n\t\t\t\t\t<i class=\"wpgmza-directions-from__icon fa fa-circle\"><\/i>\n\t\t\t\t\n\t\t\t\t\t<input class=\"wpgmza-waypoint-via wpgmza-form-field__input wpgmaps_via\" type=\"text\" placeholder=\"Via\">\n\t\t\t\t\t\n\t\t\t\t\t<button href=\"javascript:%20;\" class=\"wpgmza_remove_via\">\n\t\t\t\t\t\t<i class=\"fa fa-times\"><\/i>\n\t\t\t\t\t<\/button>\n\t\t\t\t\t\n\t\t\t\t<\/div>\n\t\t\t\t\n\t\t\t\t<div class=\"wpgmza-add-waypoint wpgmza-form-field wpgmza-form-field--no-pad wpgmaps_add_waypoint\">\n\t\t\t\t\t<div class=\"wpgmaps_add_waypoint\">\n\t\t\t\t\t\t<a href=\"javascript:%20;\" class=\"wpgmaps_add_waypoint\" mapid=\"1\">\n\t\t\t\t\t\t\t<i class=\"fa fa-plus-circle\" aria-hidden=\"true\"><\/i>\n\t\t\t\t\t\t\tAdd Waypoint\t\t\t\t\t\t<\/a>\n\t\t\t\t\t<\/div>\n\t\t\t\t<\/div>\n\t\t\t<\/div>\n\n\t\t\t<div class=\"wpgmza-hidden\">\n\t\t\t<label class=\"wpgmza-travel-mode wpgmza-form-field__label\" for=\"wpgmza_dir_type_1\">\n\t\t\t\tFor\t\t\t<\/label>\n\t\t\t<select class=\"wpgmza-travel-mode wpgmza-form-field__input\" name=\"wpgmza_dir_type_1\" id=\"wpgmza_dir_type_1\">\n\t\t\t\t<option value=\"driving\">\n\t\t\t\t\tDriving\t\t\t\t<\/option>\n\t\t\t\t<option value=\"walking\">\n\t\t\t\t\tWalking\t\t\t\t<\/option>\n\t\t\t\t<option value=\"transit\">\n\t\t\t\t\tTransit\t\t\t\t<\/option>\n\t\t\t\t<option value=\"bicycling\">\n\t\t\t\t\tBicycling\t\t\t\t<\/option>\n\t\t\t<\/select>\n\t\t\t<\/div>\n\t\t<\/div>\n\t\t\t\n\t\t<div class=\"wpgmza-directions-options__section\">\n\t\t\t<a href=\"javascript:;\" class=\"wpgmza-show-directions-options\" id=\"wpgmza_show_options_1\" mapid=\"1\">\n\t\t\t\tshow options\t\t\t<\/a>\n\t\t\t\n\t\t\t<a href=\"javascript:;\" class=\"wpgmza-hide-directions-options\" id=\"wpgmza_hide_options_1\" mapid=\"1\">\n\t\t\t\thide options\t\t\t<\/a>\n\t\t\t\n\t\t\t<div class=\"wpgmza-directions-options wpgmza-form-field wpgmza-form-field--no-pad wpgmza_dir_options\">\n\t\t\t\t<label class=\"class\">\n\t\t\t\t\t<input type=\"checkbox\" class=\"wpgmza-avoid-tolls\" value=\"tolls\" name=\"wpgmza_tolls_1\" id=\"wpgmza_tolls_1\">\n\t\t\t\t\tAvoid Tolls\t\t\t\t<\/label>\n\t\t\t\t<label class=\"class\">\n\t\t\t\t\t<input type=\"checkbox\" class=\"wpgmza-avoid-highways\" value=\"highways\" name=\"wpgmza_highways_1\" id=\"wpgmza_highways_1\">\n\t\t\t\t\tAvoid Highways\t\t\t\t<\/label>\n\t\t\t\t<label class=\"class\">\n\t\t\t\t\t<input type=\"checkbox\" class=\"wpgmza-avoid-ferries\" value=\"ferries\" name=\"wpgmza_ferries_1\" id=\"wpgmza_ferries_1\">\n\t\t\t\t\tAvoid Ferries\t\t\t\t<\/label>\n\t\t\t<\/div>\n\t\t<\/div>\n\t\t\n\t<\/div>\n\t\n\t<div class=\"wpgmza-directions-buttons wpgmza-form-field wpgmaps_to_row\">\n\t\t<input class=\"wpgmza-get-directions wpgmaps_get_directions\" onclick=\"javascript: ;\" type=\"button\" value=\"Go\" id=\"1\">\n\t\t\n\t\t<span class=\"wpgmza-directions-result__buttons\">\n\t\t\t<a class=\"wpgmza-print-directions\" style=\"display: none;\" onclick=\"javascript: ;\" mapid=\"1\">\n\t\t\t\tPrint directions\t\t\t<\/a>\n\t\t\t\n\t\t\t<a class=\"wpgmza-reset-directions\" style=\"display: none;\" onclick=\"javascript: ;\" mapid=\"1\">\n\t\t\t\tReset directions\t\t\t<\/a>\n\t\t<\/span>\n\t<\/div>\n<\/div>\r\n\t\t\t\t\r\n\t\t\t\t<div id=\"wpgmaps_directions_notification_1\" style=\"display:none;\">Fetching directions......<\/div>\r\n\t\t\t\t\r\n\t\t\t\t<div id=\"wpgmaps_directions_reset_1\" style=\"display:none;\">\r\n\r\n\t\t\t\t\t<a href='javascript:void(0)' onclick='wpgmza_reset_directions(1);' id='wpgmaps_reset_directions' title='Reset directions'>Reset directions<\/a>\r\n\t\t\t\t\t<br \/>\r\n\t\t\t\t\t<a href='javascript: ;' id='wpgmaps_print_directions_1' target='_blank' title='Print directions'>Print directions<\/a>\r\n\t\t\t\t<\/div>\r\n\t\t\t\t\r\n\t\t\t\t<div id=\"directions_panel_1\"><\/div>\r\n\r\n\t\t\t<\/div>\n<p><a href=\"https:\/\/projects.madstudio.northwestern.edu\/bauhaus-and-beyond\/studentenmagazin\/northwestern-universitat-campus\/2934-2\/\">Die Alice Millar Kapelle: der klassische Dom von Northwestern<\/a> von Andrew Rowberg (Oktober 2012)<br \/>\n<a href=\"https:\/\/projects.madstudio.northwestern.edu\/bauhaus-and-beyond\/studentenmagazin\/northwestern-universitat-campus\/deering-eine-historische-perspektive-durch-architektur\/\">Deering &#8211; eine historische Perspektive durch Architektur<\/a> von Christine Prorok (Oktober 2012)<br \/>\n<a href=\"https:\/\/projects.madstudio.northwestern.edu\/bauhaus-and-beyond\/studentenmagazin\/northwestern-universitat-campus\/harris-hall-praservierung-renovierung-und-identitat\/\">Harris Hall &#8211; Pr\u00e4servierung, Renovierung, und Identit\u00e4t<\/a> von Cosima Lenz (Oktober 2012)<br \/>\n<a href=\"https:\/\/projects.madstudio.northwestern.edu\/bauhaus-and-beyond\/2946-2\/\">Das MAB &#8211; eine historische Sch\u00f6nheit<\/a> von Elena Spiegel (Oktober 2012)<br \/>\n<a href=\"https:\/\/projects.madstudio.northwestern.edu\/bauhaus-and-beyond\/studentenmagazin\/northwestern-universitat-campus\/patten-ein-historischer-sportplatz\/\">Patten &#8211; ein historischer Sportplatz<\/a> von Felicitas Lenz (Oktober 2012)<br \/>\n<a href=\"https:\/\/projects.madstudio.northwestern.edu\/bauhaus-and-beyond\/studentenmagazin\/northwestern-universitat-campus\/2963-2\/\">University Hall: das \u00e4lteste Geb\u00e4ude auf dem Campus<\/a> von Mac Stanford (Oktober 2012)<br \/>\n<a href=\"https:\/\/projects.madstudio.northwestern.edu\/bauhaus-and-beyond\/studentenmagazin\/northwestern-universitat-campus\/2968-2\/\">Die Dearborne Sternwarte und ihre historische Bedeutung<\/a> von Stefan Falstauer (Oktober 2012)<br \/>\n<a title=\"Norris University Center: Das Herzst\u00fcck des Campus\" href=\"https:\/\/projects.madstudio.northwestern.edu\/bauhaus-and-beyond\/studentenmagazin\/northwestern-universitat-campus\/1687-2\/\">Norris University Center: Das Herzst\u00fcck des Campus<\/a> von Nicole Bronnimann (Oktober 2012)<br \/>\n<a href=\"https:\/\/projects.madstudio.northwestern.edu\/bauhaus-and-beyond\/studentenmagazin\/scott-hall\/\">Scott Hall &#8211; das Verm\u00e4chtnis einer Institution<\/a> von Xander Tapling (Oktober 2012)<br \/>\n<a href=\"https:\/\/projects.madstudio.northwestern.edu\/bauhaus-and-beyond\/studentenmagazin\/northwestern-universitat-campus\/die-uni-bibliothek-das-intellektuelle-zentrum-am-see\/\">Die Universit\u00e4tsbibliothek &#8211; das intellektuelle Zentrum am See<\/a> von Yohanna Hanna (Oktober 2012)<br \/>\n<a title=\"Das USS Bienen \u2013 Northwesterns neues Musikschiff!\" href=\"https:\/\/projects.madstudio.northwestern.edu\/bauhaus-and-beyond\/studentenmagazin\/northwestern-universitat-campus\/das-uss-bienen-northwesterns-neues-musikschiff\/\">Das USS Bienen &#8211; Northwesterns neues Musikschiff <\/a>von Marie Engle (April 2015)<br \/>\n<a title=\"Bunte Bleiglasfenster und Fassaden aus Stein: die Alice Millar Kapelle\" href=\"https:\/\/projects.madstudio.northwestern.edu\/bauhaus-and-beyond\/studentenmagazin\/northwestern-universitat-campus\/bunte-bleiglasfenster-und-fassaden-aus-stein-die-alice-millar-kapelle\/\">Bunte Bleiglasfenster und Fassaden aus Stein: die Alice Millar Kapelle <\/a>von Klaus (Britt) Jordan (April 2015)<br \/>\n<a title=\"Annie May Swift Hall \u2013 ungew\u00f6hnlich, aber sch\u00f6n!\" href=\"https:\/\/projects.madstudio.northwestern.edu\/bauhaus-and-beyond\/studentenmagazin\/northwestern-universitat-campus\/annie-may-swift-hall-ungewohnlich-aber-schon\/\">Annie May Swift &#8211; ungew\u00f6hnlich, aber sch\u00f6n<\/a> von Devon Buckingham (April 2015)<br \/>\n<a title=\"Das Haus der Sozialwissenschaften \u2013 Harris Hall\" href=\"https:\/\/projects.madstudio.northwestern.edu\/bauhaus-and-beyond\/studentenmagazin\/northwestern-universitat-campus\/das-haus-der-sozialwissenschaften-harris-hall\/\">Harris Hall &#8211; das Haus der Sozialwissenschaften<\/a> von Daniel Li (April 2015)<br \/>\n<a title=\"Kellogg: das Geb\u00e4ude der Zukunft an Northwestern\" href=\"https:\/\/projects.madstudio.northwestern.edu\/bauhaus-and-beyond\/studentenmagazin\/northwestern-universitat-campus\/kellogg-das-gebaude-der-zukunft-an-northwestern\/\">Kellogg: das Geb\u00e4ude der Zukunft an Northwestern <\/a>von Heinrich (Michael) Sheridan (April 2015)<br \/>\n<a title=\"University Hall \u2013 Mein Lieblingsgeb\u00e4ude auf dem Campus\" href=\"https:\/\/projects.madstudio.northwestern.edu\/bauhaus-and-beyond\/studentenmagazin\/northwestern-universitat-campus\/university-hall-mein-lieblingsgebaude-auf-dem-campus\/\">University Hall: Mein Lieblingsgeb\u00e4ude auf dem Campus<\/a> von&nbsp; Andrew Cramer (April 2015)<br \/>\n<a href=\"https:\/\/projects.madstudio.northwestern.edu\/bauhaus-and-beyond\/studentenmagazin\/northwestern-universitat-campus\/2282-2\/\">Seabury Hall: ein historisches Geb\u00e4ude mit vielen Funktionen<\/a> von Megan Anderson (April 2015)<br \/>\n<a title=\"Das geheime historische Geb\u00e4ude \u2013 Shanley Pavilion\" href=\"https:\/\/projects.madstudio.northwestern.edu\/bauhaus-and-beyond\/studentenmagazin\/northwestern-universitat-campus\/das-geheime-historische-gebaude-shanley-pavilion\/\">Das geheime historische Geb\u00e4ude: Shanley Pavilion<\/a> von Lena (Sarah) Lee (April 2015)<br \/>\n<a title=\"Das akademische Zentrum \u2013 Die Universit\u00e4tsbibliothek\" href=\"https:\/\/projects.madstudio.northwestern.edu\/bauhaus-and-beyond\/studentenmagazin\/northwestern-universitat-campus\/2274-2\/\">Das akademische Zentrum: Die Universit\u00e4tsbibliothek<\/a> von Cynthia Yang (April 2015)<br \/>\n<a title=\"Die gutaussehende Bibliothek auf dem Campus \u2013 Deering Bibliothek!!\" href=\"https:\/\/projects.madstudio.northwestern.edu\/bauhaus-and-beyond\/studentenmagazin\/northwestern-universitat-campus\/die-gutaussehende-bibliothek-auf-dem-campus-deering-bibliothek\/\">Die gutaussehende Bibliothek auf dem Campus <\/a>von Philip Trautlein (April 2015)<br \/>\n<a title=\"Tech \u2013 die Geschichte, die Sie nicht wissen!\" href=\"https:\/\/projects.madstudio.northwestern.edu\/bauhaus-and-beyond\/studentenmagazin\/northwestern-universitat-campus\/tech-die-geschichte-die-sie-nicht-wissen\/\">Tech &#8211; die Geschichte, die Sie nicht wissen <\/a>von Tony Chen (April 2015)<br \/>\n<a href=\"https:\/\/projects.madstudio.northwestern.edu\/bauhaus-and-beyond\/studentenmagazin\/northwestern-universitat-campus\/die-mudd-bibliothek-ein-innovatives-zentrum-fur-ingenieure\/\">Die Mudd Bibliothek \u2014 ein innovatives Zentrum f\u00fcr Ingenieure<\/a> von Alice Wei, (April 2018)<br \/>\n<a href=\"https:\/\/projects.madstudio.northwestern.edu\/bauhaus-and-beyond\/studentenmagazin\/northwestern-universitat-campus\/2482-2\/\">Alice Millar Kapelle &#8211; ein gro\u00dfes Geb\u00e4ude f\u00fcr eine gro\u00dfe Frau<\/a> von Annie Krall (April 2018)<br \/>\n<a href=\"https:\/\/projects.madstudio.northwestern.edu\/bauhaus-and-beyond\/studentenmagazin\/gebaude-in-chicago-und-umgebung\/university-hall-das-alteste-gebaude-auf-dem-campus\/\">University Hall &#8211; das \u00e4lteste Geb\u00e4ude auf dem Campus<\/a> von Bobbi Throckmorton (April 2018)<br \/>\n<a href=\"https:\/\/projects.madstudio.northwestern.edu\/bauhaus-and-beyond\/studentenmagazin\/northwestern-universitat-campus\/annie-may-swift-das-frohliche-orange-gebaude\/\">Das fr\u00f6hliche orange Geb\u00e4ude &#8211; auf den Spuren von Annie May Swift<\/a> von Courtney Chatterton (April 2018)<br \/>\n<a href=\"https:\/\/projects.madstudio.northwestern.edu\/bauhaus-and-beyond\/studentenmagazin\/northwestern-universitat-campus\/kellogg-global-hub-ein-neuer-favorit-auf-dem-nu-campus\/\">Ein neuer Favorit auf dem Campus &#8211; Kellogg Global Hub<\/a> von Dominic Stary (April 2018)<br \/>\n<a href=\"https:\/\/projects.madstudio.northwestern.edu\/bauhaus-and-beyond\/studentenmagazin\/northwestern-universitat-campus\/2703-2\/\">Die Main Library &#8211; das Gehirn aus Beton<\/a> von Giz Belkaya (April 2018)<br \/>\n<a href=\"https:\/\/projects.madstudio.northwestern.edu\/bauhaus-and-beyond\/studentenmagazin\/northwestern-universitat-campus\/2710-2\/\">Das Block Museum of Art &#8211; das neue MoMa?<\/a> von Katharina Nachtigall (April 2018)<br \/>\n<a href=\"https:\/\/projects.madstudio.northwestern.edu\/bauhaus-and-beyond\/studentenmagazin\/northwestern-universitat-campus\/tech-wo-studierende-wissenschaftlerinnen-werden\/\">Tech &#8211; Wo Studierende WissenschaftlerInnen werden<\/a> von Maya Daiter (April 2018)<br \/>\n<a href=\"https:\/\/projects.madstudio.northwestern.edu\/bauhaus-and-beyond\/studentenmagazin\/northwestern-universitat-campus\/2736-2\/\">Das Norris Zentrum: lustig, sch\u00f6n, schick &#8211; wie seine Studierenden<\/a> von Moses Lee (April 2018)<br \/>\n<a href=\"https:\/\/projects.madstudio.northwestern.edu\/bauhaus-and-beyond\/studentenmagazin\/northwestern-universitat-campus\/2740-2\/\">Die Deering Bibliothek &#8211; eine Sch\u00f6nheit zu jeder Jahreszeit<\/a> von Sarah Dinegar (April 2018)<br \/>\n<a href=\"https:\/\/projects.madstudio.northwestern.edu\/bauhaus-and-beyond\/studentenmagazin\/northwestern-universitat-campus\/das-ford-gebaude-ein-symbol-fur-die-zukunft\/\">Das Ford Geb\u00e4ude &#8211; ein Symbol f\u00fcr die Zukunft<\/a> von Taylor Reyes (April 2018)<br \/>\n<a href=\"https:\/\/projects.madstudio.northwestern.edu\/bauhaus-and-beyond\/studentenmagazin\/northwestern-universitat-campus\/tech-hassliches-gefangnis-oder-praktisches-wunder\/\">Tech &#8211; h\u00e4ssliches Gef\u00e4ngnis oder praktisches Wunder<\/a> von Aditya Jain (April 2017)<br \/>\n<a href=\"https:\/\/projects.madstudio.northwestern.edu\/bauhaus-and-beyond\/studentenmagazin\/northwestern-universitat-campus\/das-ford-gebaude-zentrum-fur-die-zukunft-des-designs\/\">Das Ford Geb\u00e4ude &#8211; Zentrum f\u00fcr die Zukunft des Designs<\/a> von Can Aygen (April 2017)<br \/>\n<a href=\"https:\/\/projects.madstudio.northwestern.edu\/bauhaus-and-beyond\/studentenmagazin\/northwestern-universitat-campus\/2784-2\/\">Garrett-Evangelical Seminary: ein weniger bekannter Teil Northwesterns <\/a>von Devesh Singh (April 2017)<br \/>\n<a href=\"https:\/\/projects.madstudio.northwestern.edu\/bauhaus-and-beyond\/studentenmagazin\/northwestern-universitat-campus\/2794-2\/\">Die Main Library &#8211; Brutalismus auf dem Campus<\/a> von Ege Serruf (April 2017)<br \/>\n<a href=\"https:\/\/projects.madstudio.northwestern.edu\/bauhaus-and-beyond\/studentenmagazin\/northwestern-universitat-campus\/university-hall-das-schloss-northwestern\/\">University Hall &#8211; das Schloss Northwestern<\/a> von Elizabeth Blair (April 2017)<br \/>\n<a href=\"https:\/\/projects.madstudio.northwestern.edu\/bauhaus-and-beyond\/studentenmagazin\/northwestern-universitat-campus\/die-charles-deering-bibliothek-ein-abenteuer-durch-die-zeit\/\">Die Charles Deering Bibliothek \u2013 ein Abenteuer durch die Zeit<\/a> von Haley Hartnett (April 2017)<br \/>\n<a href=\"https:\/\/projects.madstudio.northwestern.edu\/bauhaus-and-beyond\/studentenmagazin\/northwestern-universitat-campus\/mab-eine-konigin-unter-den-historischen-gebauden\/\">MAB &#8211; eine K\u00f6nigin unter den historischen Geb\u00e4uden<\/a> von Ilana Goldstein (April 2017)<br \/>\n<a href=\"https:\/\/projects.madstudio.northwestern.edu\/bauhaus-and-beyond\/studentenmagazin\/northwestern-universitat-campus\/dearborn-observatorium-eine-heimat-fur-die-astronomie-an-northwestern\/\">Dearborn Observatorium: Eine Heimat f\u00fcr die Astronomie an Northwestern<\/a> von Lauren Barmore (April 2017)<br \/>\n<a href=\"https:\/\/projects.madstudio.northwestern.edu\/bauhaus-and-beyond\/studentenmagazin\/northwestern-universitat-campus\/alice-millar-kapelle-eine-neue-seele-in-zeitloser-kleidung\/\">Alice Millar Kapelle: Eine neue Seele in zeitloser Kleidung<\/a> von Matthew Cummings (April 2017)<br \/>\n<a href=\"https:\/\/projects.madstudio.northwestern.edu\/bauhaus-and-beyond\/studentenmagazin\/northwestern-universitat-campus\/kellogg-school-global-hub-imitiert-mehr-als-natur\/\">Kellogg School Global Hub imitiert mehr als Natur<\/a> von Rachel Hersh (April 2017)<br \/>\n<a href=\"https:\/\/projects.madstudio.northwestern.edu\/bauhaus-and-beyond\/studentenmagazin\/northwestern-universitat-campus\/das-segal-visitor-center-herzlich-wilkommen-an-der-northwestern-universitat\/\">Das Segal Visitor Center &#8211; Herzlich Wilkommen an der Northwestern Universit\u00e4t! <\/a>von Sheehan Hanrahan (April 2017)<br \/>\n<a href=\"https:\/\/projects.madstudio.northwestern.edu\/bauhaus-and-beyond\/wp-admin\/post.php?post=3408&amp;action=edit\">Norris &#8211; das Zentrum des Studentenlebens<\/a> von Ata Atabek (April 2021)<br \/>\n<a href=\"https:\/\/projects.madstudio.northwestern.edu\/bauhaus-and-beyond\/wp-admin\/post.php?post=3471&amp;action=edit\">Vom Entwurf zur preisgekr\u00f6nten Sehensw\u00fcdigkeit: Die Geschichte von Annie May Swift Hall durch die Augen einer Deutschstudentin<\/a> von Kendall Clark (Mai 2021)<br \/>\nMudd Bibliothek: Studieren im 21. Jahrhundert von Bianca Crockett (Mai 2021)<br \/>\n<a href=\"https:\/\/projects.madstudio.northwestern.edu\/bauhaus-and-beyond\/wp-admin\/post.php?post=3468&amp;action=edit\">Die Bibliothek mi 8 Millionen Objekten<\/a> von Gretchen Faliszek (Mai 2021)<br \/>\n<a href=\"https:\/\/projects.madstudio.northwestern.edu\/bauhaus-and-beyond\/wp-admin\/post.php?post=3461&amp;action=edit\">Dearborn Observatorium: Der Eingang zu den Sternen<\/a> von Orion Forowycz (Mai 2021)<br \/>\n<a href=\"https:\/\/projects.madstudio.northwestern.edu\/bauhaus-and-beyond\/wp-admin\/post.php?post=3440&amp;action=edit\">Lunt Hall &#8211; die Geschichte der Universituat in einem Geb\u00e4ude<\/a> von Denis Gribincea (April 2021)<br \/>\n<a href=\"https:\/\/projects.madstudio.northwestern.edu\/bauhaus-and-beyond\/wp-admin\/post.php?post=3428&amp;action=edit\">Deering Library &#8211; Eine t\u00e4gliche Reise in die Vergangenheit<\/a> von Mey Kaynakcioglu (April 2021)<br \/>\n<a href=\"https:\/\/projects.madstudio.northwestern.edu\/bauhaus-and-beyond\/wp-admin\/post.php?post=3437&amp;action=edit\">Segal Visitors Centre &#8211; der erste Schritt der Northwestern Erfahrung<\/a> von Justin Lau (April 2021)<br \/>\n<a href=\"https:\/\/projects.madstudio.northwestern.edu\/bauhaus-and-beyond\/wp-admin\/post.php?post=3434&amp;action=edit\">Die akustische und visuelle Sch\u00f6nheit der Bienen School of Music<\/a> von Jelena Lee (April 2021)<br \/>\n<a href=\"https:\/\/projects.madstudio.northwestern.edu\/bauhaus-and-beyond\/wp-admin\/post.php?post=3423&amp;action=edit\">Ein verstecktes Juwel auf dem Campus &#8211; das Block Museum<\/a> von Molly Liu (Mai 2021)<br \/>\n<a href=\"https:\/\/projects.madstudio.northwestern.edu\/bauhaus-and-beyond\/wp-admin\/post.php?post=3457&amp;action=edit\">Alice Millar Chapel: eine traditionelle Kirche auf einem modernen Campus<\/a> von Sarah Reitmeister (Mai 2021)<br \/>\n<a href=\"https:\/\/projects.madstudio.northwestern.edu\/bauhaus-and-beyond\/wp-admin\/post.php?post=3451&amp;action=edit\">Kellogg Global Hub: eine neue Idee f\u00fcr die architektonische Landschaft der Northwestern Universit\u00e4t<\/a> von Aili Simpson (Mai 2021)<br \/>\n<a href=\"https:\/\/projects.madstudio.northwestern.edu\/bauhaus-and-beyond\/wp-admin\/post.php?post=3447&amp;action=edit\">Das McCormick Foundation Center: Eine neue Richtung f\u00fcr Medill im Jahr 2002<\/a> von Danny Vesurai (Mai 2021)<br \/>\n<a href=\"https:\/\/projects.madstudio.northwestern.edu\/bauhaus-and-beyond\/wp-admin\/post.php?post=3415&amp;action=edit\">University Hall: Das Tor zur Geschichte von Northwestern<\/a> von Kayden Washington (Mai 2021)<br \/>\n<a href=\"https:\/\/projects.madstudio.northwestern.edu\/bauhaus-and-beyond\/wp-admin\/post.php?post=3399&amp;action=edit\">Das Ford Geb\u00e4ude: schlicht, aber passend<\/a> von Yuyan Zhang (April 2021)<\/p>\n","protected":false},"excerpt":{"rendered":"<p>Die Alice Millar Kapelle: der klassische Dom von Northwestern von Andrew Rowberg (Oktober 2012) Deering &#8211; eine historische Perspektive durch Architektur von Christine Prorok (Oktober 2012) Harris Hall &#8211; Pr\u00e4servierung, Renovierung, und Identit\u00e4t von Cosima Lenz (Oktober 2012) Das MAB &#8211; eine historische Sch\u00f6nheit von Elena Spiegel (Oktober 2012) Patten &#8211; ein historischer Sportplatz von [&hellip;]<\/p>\n","protected":false},"author":2,"featured_media":0,"parent":37,"menu_order":1,"comment_status":"closed","ping_status":"closed","template":"page.php","meta":{"footnotes":""},"class_list":["post-1784","page","type-page","status-publish","hentry"],"_links":{"self":[{"href":"https:\/\/projects.madstudio.northwestern.edu\/bauhaus-and-beyond\/wp-json\/wp\/v2\/pages\/1784","targetHints":{"allow":["GET"]}}],"collection":[{"href":"https:\/\/projects.madstudio.northwestern.edu\/bauhaus-and-beyond\/wp-json\/wp\/v2\/pages"}],"about":[{"href":"https:\/\/projects.madstudio.northwestern.edu\/bauhaus-and-beyond\/wp-json\/wp\/v2\/types\/page"}],"author":[{"embeddable":true,"href":"https:\/\/projects.madstudio.northwestern.edu\/bauhaus-and-beyond\/wp-json\/wp\/v2\/users\/2"}],"replies":[{"embeddable":true,"href":"https:\/\/projects.madstudio.northwestern.edu\/bauhaus-and-beyond\/wp-json\/wp\/v2\/comments?post=1784"}],"version-history":[{"count":72,"href":"https:\/\/projects.madstudio.northwestern.edu\/bauhaus-and-beyond\/wp-json\/wp\/v2\/pages\/1784\/revisions"}],"predecessor-version":[{"id":2191,"href":"https:\/\/projects.madstudio.northwestern.edu\/bauhaus-and-beyond\/wp-json\/wp\/v2\/pages\/1784\/revisions\/2191"}],"up":[{"embeddable":true,"href":"https:\/\/projects.madstudio.northwestern.edu\/bauhaus-and-beyond\/wp-json\/wp\/v2\/pages\/37"}],"wp:attachment":[{"href":"https:\/\/projects.madstudio.northwestern.edu\/bauhaus-and-beyond\/wp-json\/wp\/v2\/media?parent=1784"}],"curies":[{"name":"wp","href":"https:\/\/api.w.org\/{rel}","templated":true}]}}