{"id":22,"date":"2013-05-15T18:42:18","date_gmt":"2013-05-15T18:42:18","guid":{"rendered":"http:\/\/projects.madstudio.northwestern.edu\/bauhaus-and-beyond\/?page_id=22"},"modified":"2014-03-16T03:55:03","modified_gmt":"2014-03-16T03:55:03","slug":"geschichte-der-skyline","status":"publish","type":"page","link":"https:\/\/projects.madstudio.northwestern.edu\/bauhaus-and-beyond\/chicago-skyline\/geschichte-der-skyline\/","title":{"rendered":"Geschichte der Chicago Skyline"},"content":{"rendered":"<p><a href=\"https:\/\/projects.madstudio.northwestern.edu\/bauhaus-and-beyond\/wp-content\/uploads\/2013\/11\/IMG_0383.jpg\"><img loading=\"lazy\" decoding=\"async\" class=\"size-medium wp-image-803 alignright\" alt=\"IMG_0383\" src=\"https:\/\/projects.madstudio.northwestern.edu\/bauhaus-and-beyond\/wp-content\/uploads\/2013\/11\/IMG_0383-300x200.jpg\" width=\"300\" height=\"200\" srcset=\"https:\/\/projects.madstudio.northwestern.edu\/bauhaus-and-beyond\/wp-content\/uploads\/2013\/11\/IMG_0383-300x200.jpg 300w, https:\/\/projects.madstudio.northwestern.edu\/bauhaus-and-beyond\/wp-content\/uploads\/2013\/11\/IMG_0383-1024x682.jpg 1024w, https:\/\/projects.madstudio.northwestern.edu\/bauhaus-and-beyond\/wp-content\/uploads\/2013\/11\/IMG_0383-600x400.jpg 600w\" sizes=\"auto, (max-width: 300px) 100vw, 300px\" \/><\/a>Chicago hat eine einzigartige Geschichte! Hier bekommen Sie einen \u00dcberblick \u00fcber die Entwicklung der Stadt seit ihrer Gr\u00fcndung. Sie k\u00f6nnen chronologisch vorgehen, aber auch auf die individuellen Stationen klicken!<\/p>\n","protected":false},"excerpt":{"rendered":"<p>Chicago hat eine einzigartige Geschichte! Hier bekommen Sie einen \u00dcberblick \u00fcber die Entwicklung der Stadt seit ihrer Gr\u00fcndung. Sie k\u00f6nnen chronologisch vorgehen, aber auch auf die individuellen Stationen klicken!<\/p>\n","protected":false},"author":1,"featured_media":0,"parent":7,"menu_order":1,"comment_status":"open","ping_status":"closed","template":"","meta":{"footnotes":""},"class_list":["post-22","page","type-page","status-publish","hentry"],"_links":{"self":[{"href":"https:\/\/projects.madstudio.northwestern.edu\/bauhaus-and-beyond\/wp-json\/wp\/v2\/pages\/22","targetHints":{"allow":["GET"]}}],"collection":[{"href":"https:\/\/projects.madstudio.northwestern.edu\/bauhaus-and-beyond\/wp-json\/wp\/v2\/pages"}],"about":[{"href":"https:\/\/projects.madstudio.northwestern.edu\/bauhaus-and-beyond\/wp-json\/wp\/v2\/types\/page"}],"author":[{"embeddable":true,"href":"https:\/\/projects.madstudio.northwestern.edu\/bauhaus-and-beyond\/wp-json\/wp\/v2\/users\/1"}],"replies":[{"embeddable":true,"href":"https:\/\/projects.madstudio.northwestern.edu\/bauhaus-and-beyond\/wp-json\/wp\/v2\/comments?post=22"}],"version-history":[{"count":13,"href":"https:\/\/projects.madstudio.northwestern.edu\/bauhaus-and-beyond\/wp-json\/wp\/v2\/pages\/22\/revisions"}],"predecessor-version":[{"id":1482,"href":"https:\/\/projects.madstudio.northwestern.edu\/bauhaus-and-beyond\/wp-json\/wp\/v2\/pages\/22\/revisions\/1482"}],"up":[{"embeddable":true,"href":"https:\/\/projects.madstudio.northwestern.edu\/bauhaus-and-beyond\/wp-json\/wp\/v2\/pages\/7"}],"wp:attachment":[{"href":"https:\/\/projects.madstudio.northwestern.edu\/bauhaus-and-beyond\/wp-json\/wp\/v2\/media?parent=22"}],"curies":[{"name":"wp","href":"https:\/\/api.w.org\/{rel}","templated":true}]}}