{"id":2244,"date":"2015-08-11T16:17:22","date_gmt":"2015-08-11T16:17:22","guid":{"rendered":"http:\/\/projects.madstudio.northwestern.edu\/bauhaus-and-beyond\/?page_id=2244"},"modified":"2015-08-11T16:22:54","modified_gmt":"2015-08-11T16:22:54","slug":"das-haus-der-sozialwissenschaften-harris-hall","status":"publish","type":"page","link":"https:\/\/projects.madstudio.northwestern.edu\/bauhaus-and-beyond\/studentenmagazin\/northwestern-universitat-campus\/das-haus-der-sozialwissenschaften-harris-hall\/","title":{"rendered":"Das Haus der Sozialwissenschaften &#8211; Harris Hall"},"content":{"rendered":"<h1 style=\"text-align: left;\" align=\"center\"><span style=\"color: #800080;\"><em>Das Haus der Sozialwissenschaften &#8211; Harris Hall<\/em><\/span><\/h1>\n<p style=\"text-align: left;\" align=\"center\">von Daniel Li (April 2015)<\/p>\n<p><a href=\"https:\/\/projects.madstudio.northwestern.edu\/bauhaus-and-beyond\/wp-content\/uploads\/2015\/08\/IMG_8240.jpg\"><img loading=\"lazy\" decoding=\"async\" class=\"wp-image-2247 alignleft\" alt=\"IMG_8240\" src=\"https:\/\/projects.madstudio.northwestern.edu\/bauhaus-and-beyond\/wp-content\/uploads\/2015\/08\/IMG_8240-300x200.jpg\" width=\"300\" height=\"200\" srcset=\"https:\/\/projects.madstudio.northwestern.edu\/bauhaus-and-beyond\/wp-content\/uploads\/2015\/08\/IMG_8240-300x200.jpg 300w, https:\/\/projects.madstudio.northwestern.edu\/bauhaus-and-beyond\/wp-content\/uploads\/2015\/08\/IMG_8240-1024x682.jpg 1024w, https:\/\/projects.madstudio.northwestern.edu\/bauhaus-and-beyond\/wp-content\/uploads\/2015\/08\/IMG_8240-600x400.jpg 600w\" sizes=\"auto, (max-width: 300px) 100vw, 300px\" \/><\/a>Harris Hall wurde im Jahr 1915 gebaut. Das Geb\u00e4ude wurde nach Norman Wait Harris, einen prominenten Banker, Philanthrop und Treuh\u00e4nder, benannt. Der Architekt, Charles Coolidge, war ein Direktor von der Architektenfirma, die auch verantwortlich f\u00fcr den Bau des Chicago Cultural Centers und des Art Institutes of Chicago war. Harris Hall ist ein historisches Geb\u00e4ude und wurde in einem neoklassischen Stil gebaut.<\/p>\n<p><a href=\"https:\/\/projects.madstudio.northwestern.edu\/bauhaus-and-beyond\/wp-content\/uploads\/2015\/08\/IMG_8240.jpg\"><img loading=\"lazy\" decoding=\"async\" class=\"size-medium wp-image-2247 alignright\" alt=\"IMG_8240\" src=\"https:\/\/projects.madstudio.northwestern.edu\/bauhaus-and-beyond\/wp-content\/uploads\/2015\/08\/IMG_8240-300x200.jpg\" width=\"300\" height=\"200\" srcset=\"https:\/\/projects.madstudio.northwestern.edu\/bauhaus-and-beyond\/wp-content\/uploads\/2015\/08\/IMG_8240-300x200.jpg 300w, https:\/\/projects.madstudio.northwestern.edu\/bauhaus-and-beyond\/wp-content\/uploads\/2015\/08\/IMG_8240-1024x682.jpg 1024w, https:\/\/projects.madstudio.northwestern.edu\/bauhaus-and-beyond\/wp-content\/uploads\/2015\/08\/IMG_8240-600x400.jpg 600w\" sizes=\"auto, (max-width: 300px) 100vw, 300px\" \/><\/a>Harris Hall ist in diesem 100 Jahre alt geworden, und es war von Anfang an das Haus f\u00fcr die Sozialwissenschaften wie Geschichte, Politikwissenschaft und Wirtschaft. Es liegt in der N\u00e4he von dem &#8220;Arch&#8221; und ist ein bemerkenswertes Geb\u00e4ude auf dem S\u00fcdcampus. Es hat drei Stockwerke und einen Keller, und man sieht einige, aber nicht sehr viele Ornamente. Es ist ein graues, rechteckiges Geb\u00e4ude aus Stein, und hat ionische S\u00e4ulen und dekorative Pilaster. Das Geb\u00e4ude sieht quadratisch aus, aber auch elegant und \u00e4sthetisch. Die Eingangst\u00fcr neben dem Arch ist hoch und schwer, und die Eingangshalle im ersten Stock ist ger\u00e4umig und hat eine hohe Decke. Ich glaube, dass diese Architektur den klassischen Stil und die Funktion als das Haus der Geschichte Abteilung reflektiert.<\/p>\n<p>Das gr\u00f6\u00dfte Klassenzimmer in Harris ist Harris 107. Die Innenarchitektur sieht wie ein Amphitheater aus, mit lila St\u00fchlen und einer gro\u00dfen B\u00fchne. Die Klassenzimmer im Keller sind kleiner und intimer, und sie werden f\u00fcr Seminare oder andere Kurse genutzt, die viele Diskussionen brauchen. Die zweiten und dritten Stockwerke haben keine Klassenzimmer und funktionieren als das Haus der Geschichte Abteilung und die B\u00fcros von Professoren.<\/p>\n<p>Harris Hall wurde im Jahr 2009 und 2010 renoviert und die Innenarchitektur sieht relativ modern aus. Ich hatte in Harris viele interessante Kurse, zum Beispiel Game Theory, MMSS, und nat\u00fcrlich manch einen Deutschkurs. Deswegen ist Harris Hall mein Lieblingsgeb\u00e4ude.<\/p>\n","protected":false},"excerpt":{"rendered":"<p>Das Haus der Sozialwissenschaften &#8211; Harris Hall von Daniel Li (April 2015) Harris Hall wurde im Jahr 1915 gebaut. Das Geb\u00e4ude wurde nach Norman Wait Harris, einen prominenten Banker, Philanthrop und Treuh\u00e4nder, benannt. Der Architekt, Charles Coolidge, war ein Direktor von der Architektenfirma, die auch verantwortlich f\u00fcr den Bau des Chicago Cultural Centers und des [&hellip;]<\/p>\n","protected":false},"author":4,"featured_media":0,"parent":1784,"menu_order":0,"comment_status":"closed","ping_status":"closed","template":"","meta":{"footnotes":""},"class_list":["post-2244","page","type-page","status-publish","hentry"],"_links":{"self":[{"href":"https:\/\/projects.madstudio.northwestern.edu\/bauhaus-and-beyond\/wp-json\/wp\/v2\/pages\/2244","targetHints":{"allow":["GET"]}}],"collection":[{"href":"https:\/\/projects.madstudio.northwestern.edu\/bauhaus-and-beyond\/wp-json\/wp\/v2\/pages"}],"about":[{"href":"https:\/\/projects.madstudio.northwestern.edu\/bauhaus-and-beyond\/wp-json\/wp\/v2\/types\/page"}],"author":[{"embeddable":true,"href":"https:\/\/projects.madstudio.northwestern.edu\/bauhaus-and-beyond\/wp-json\/wp\/v2\/users\/4"}],"replies":[{"embeddable":true,"href":"https:\/\/projects.madstudio.northwestern.edu\/bauhaus-and-beyond\/wp-json\/wp\/v2\/comments?post=2244"}],"version-history":[{"count":4,"href":"https:\/\/projects.madstudio.northwestern.edu\/bauhaus-and-beyond\/wp-json\/wp\/v2\/pages\/2244\/revisions"}],"predecessor-version":[{"id":2250,"href":"https:\/\/projects.madstudio.northwestern.edu\/bauhaus-and-beyond\/wp-json\/wp\/v2\/pages\/2244\/revisions\/2250"}],"up":[{"embeddable":true,"href":"https:\/\/projects.madstudio.northwestern.edu\/bauhaus-and-beyond\/wp-json\/wp\/v2\/pages\/1784"}],"wp:attachment":[{"href":"https:\/\/projects.madstudio.northwestern.edu\/bauhaus-and-beyond\/wp-json\/wp\/v2\/media?parent=2244"}],"curies":[{"name":"wp","href":"https:\/\/api.w.org\/{rel}","templated":true}]}}