{"id":2482,"date":"2018-08-02T21:43:26","date_gmt":"2018-08-02T21:43:26","guid":{"rendered":"http:\/\/projects.madstudio.northwestern.edu\/bauhaus-and-beyond\/?page_id=2482"},"modified":"2018-08-02T21:53:05","modified_gmt":"2018-08-02T21:53:05","slug":"2482-2","status":"publish","type":"page","link":"https:\/\/projects.madstudio.northwestern.edu\/bauhaus-and-beyond\/studentenmagazin\/northwestern-universitat-campus\/2482-2\/","title":{"rendered":"Alice Millar Kapelle &#8211; ein gro\u00dfes Geb\u00e4ude f\u00fcr eine gro\u00dfe Frau"},"content":{"rendered":"<p>Alice Millar Kapelle &#8211; ein gro\u00dfes Geb\u00e4ude f\u00fcr eine gro\u00dfe Frau von Annie Krall (April 2018)<\/p>\n<p>Die Sch\u00f6nheit und Geschichte der Alice Millar Chapel spiegelt das Leben der edlen, aber bescheidenen Alice Millar im 19. Jahrhundert wider. Die Kapelle wurde 1962 gebaut. Der Architekt war Edward Gray Halstead. Der Stil ist neogotisch aber auch modern. Das Geb\u00e4ude ist sechsundf\u00fcnfzig Jahre alt. &nbsp;Es ist ein <em>&nbsp;<\/em>relativ neues Geb\u00e4ude. Die Kirche h\u00e4lt jeden Sonntag um 11 Uhr einen Gottesdienst. Man kann eine Hochzeit in der Kapelle haben. Der Architekt w\u00e4re stolz, weil der Raum sehr beliebt und einladend ist. Viele Menschen sind jetzt bereit, seine Vision von Intimit\u00e4t, die mit Ornamenten ausgeglichen ist, zu sch\u00e4tzen. Die Kapelle ist an der Ecke von der Chicago und Sheridan Stra\u00dfe. Beide sind sehr belebte Stra\u00dfen. Viele Leute sehen die Geb\u00e4ude jeden Tag auf der Fahrt an.<\/p>\n<p><a href=\"https:\/\/projects.madstudio.northwestern.edu\/bauhaus-and-beyond\/wp-content\/uploads\/2018\/08\/Screen-Shot-2018-07-27-at-2.34.14-PM.png\"><img loading=\"lazy\" decoding=\"async\" class=\"wp-image-2489 aligncenter\" src=\"https:\/\/projects.madstudio.northwestern.edu\/bauhaus-and-beyond\/wp-content\/uploads\/2018\/08\/Screen-Shot-2018-07-27-at-2.34.14-PM-300x141.png\" alt=\"\" width=\"538\" height=\"253\" srcset=\"https:\/\/projects.madstudio.northwestern.edu\/bauhaus-and-beyond\/wp-content\/uploads\/2018\/08\/Screen-Shot-2018-07-27-at-2.34.14-PM-300x141.png 300w, https:\/\/projects.madstudio.northwestern.edu\/bauhaus-and-beyond\/wp-content\/uploads\/2018\/08\/Screen-Shot-2018-07-27-at-2.34.14-PM-768x361.png 768w, https:\/\/projects.madstudio.northwestern.edu\/bauhaus-and-beyond\/wp-content\/uploads\/2018\/08\/Screen-Shot-2018-07-27-at-2.34.14-PM-1024x481.png 1024w, https:\/\/projects.madstudio.northwestern.edu\/bauhaus-and-beyond\/wp-content\/uploads\/2018\/08\/Screen-Shot-2018-07-27-at-2.34.14-PM-851x400.png 851w\" sizes=\"auto, (max-width: 538px) 100vw, 538px\" \/><\/a><\/p>\n<p>Es ist nur ein Stockwerk hoch, und die &nbsp;gro\u00dfen Fenster sind mit Glasmalerei verziert.<\/p>\n<p>Das \u00c4u\u00dfere ist aus Stein. Die Kapelle hat einen hohen Spitzturm. Das Innere ist prunkvoller als das \u00c4u\u00dfere. Die Glasmalerei zeigt die Geschichte der Sch\u00f6pfung in der Bibel. 700 Leute k\u00f6nnen in der Kapelle sitzen. Es gibt ein Dutzend B\u00e4nder mit Bibelstellen, um die Besucher der Kapelle zu inspirieren. Es gibt viele Glasfenster an den Seiten der Kapelle. Alle die Fenster sind gebogen. Die Pfeifenorgel von Aeolian Skinner ist massiv. Die Orgel befindet sich hoch \u00fcber der Gemeinde.<\/p>\n<p><a href=\"https:\/\/projects.madstudio.northwestern.edu\/bauhaus-and-beyond\/wp-content\/uploads\/2018\/08\/Screen-Shot-2018-07-27-at-2.32.32-PM.png\"><img loading=\"lazy\" decoding=\"async\" class=\"wp-image-2487 alignleft\" src=\"https:\/\/projects.madstudio.northwestern.edu\/bauhaus-and-beyond\/wp-content\/uploads\/2018\/08\/Screen-Shot-2018-07-27-at-2.32.32-PM-300x300.png\" alt=\"\" width=\"384\" height=\"384\" srcset=\"https:\/\/projects.madstudio.northwestern.edu\/bauhaus-and-beyond\/wp-content\/uploads\/2018\/08\/Screen-Shot-2018-07-27-at-2.32.32-PM-300x300.png 300w, https:\/\/projects.madstudio.northwestern.edu\/bauhaus-and-beyond\/wp-content\/uploads\/2018\/08\/Screen-Shot-2018-07-27-at-2.32.32-PM-150x150.png 150w, https:\/\/projects.madstudio.northwestern.edu\/bauhaus-and-beyond\/wp-content\/uploads\/2018\/08\/Screen-Shot-2018-07-27-at-2.32.32-PM-768x768.png 768w, https:\/\/projects.madstudio.northwestern.edu\/bauhaus-and-beyond\/wp-content\/uploads\/2018\/08\/Screen-Shot-2018-07-27-at-2.32.32-PM-400x400.png 400w, https:\/\/projects.madstudio.northwestern.edu\/bauhaus-and-beyond\/wp-content\/uploads\/2018\/08\/Screen-Shot-2018-07-27-at-2.32.32-PM.png 1022w\" sizes=\"auto, (max-width: 384px) 100vw, 384px\" \/><\/a>Das \u00c4u\u00dfere ist klassisch. Der Spitzturm vorne an der Stra\u00dfe macht das Geb\u00e4ude von weit her sichtbar. Innen sind die Fenster prunkvoll. Die Fenster sind auch einladend f\u00fcr alle Leute. Mit so vielen bunten Fenstern scheint das Innere des Geb\u00e4udes leicht. Das Geb\u00e4ude ist nicht verwirrend, nur ruhig. Es ist eine Darstellung der W\u00e4rme der Liebe Gottes. Das Geb\u00e4ude ist ein Wahrzeichen des Campus. Es gibt eine Chicago Architektur Tour \u00fcber die Deering Bibliothek und das Dearborn Observatorium. Symbolik ist ein wichtiges Thema hier. Alice Millar war eine beeindruckende Frau. Sie liebte Musik und spielte f\u00fcr K\u00f6nigin Victoria. &nbsp;Sie heiratete den Pfarrer Francis A. McGaw im Jahre 1888. Sie war eine starke Frau und hat &nbsp;immer ihre Familie und ihre Religion unterst\u00fctzt. Es ist ein Geb\u00e4ude von gro\u00dfer Sch\u00f6nheit und Bedeutung f\u00fcr interreligi\u00f6se Zusammenarbeit.<\/p>\n<p><a href=\"https:\/\/projects.madstudio.northwestern.edu\/bauhaus-and-beyond\/wp-content\/uploads\/2018\/08\/Screen-Shot-2018-07-27-at-2.33.26-PM.png\"><img loading=\"lazy\" decoding=\"async\" class=\"wp-image-2488 aligncenter\" src=\"https:\/\/projects.madstudio.northwestern.edu\/bauhaus-and-beyond\/wp-content\/uploads\/2018\/08\/Screen-Shot-2018-07-27-at-2.33.26-PM-300x185.png\" alt=\"\" width=\"553\" height=\"341\" srcset=\"https:\/\/projects.madstudio.northwestern.edu\/bauhaus-and-beyond\/wp-content\/uploads\/2018\/08\/Screen-Shot-2018-07-27-at-2.33.26-PM-300x185.png 300w, https:\/\/projects.madstudio.northwestern.edu\/bauhaus-and-beyond\/wp-content\/uploads\/2018\/08\/Screen-Shot-2018-07-27-at-2.33.26-PM-768x473.png 768w, https:\/\/projects.madstudio.northwestern.edu\/bauhaus-and-beyond\/wp-content\/uploads\/2018\/08\/Screen-Shot-2018-07-27-at-2.33.26-PM-1024x631.png 1024w, https:\/\/projects.madstudio.northwestern.edu\/bauhaus-and-beyond\/wp-content\/uploads\/2018\/08\/Screen-Shot-2018-07-27-at-2.33.26-PM-649x400.png 649w\" sizes=\"auto, (max-width: 553px) 100vw, 553px\" \/><\/a><\/p>\n","protected":false},"excerpt":{"rendered":"<p>Alice Millar Kapelle &#8211; ein gro\u00dfes Geb\u00e4ude f\u00fcr eine gro\u00dfe Frau von Annie Krall (April 2018) Die Sch\u00f6nheit und Geschichte der Alice Millar Chapel spiegelt das Leben der edlen, aber bescheidenen Alice Millar im 19. Jahrhundert wider. Die Kapelle wurde 1962 gebaut. Der Architekt war Edward Gray Halstead. Der Stil ist neogotisch aber auch modern. [&hellip;]<\/p>\n","protected":false},"author":4,"featured_media":0,"parent":1784,"menu_order":0,"comment_status":"closed","ping_status":"closed","template":"","meta":{"footnotes":""},"class_list":["post-2482","page","type-page","status-publish","hentry"],"_links":{"self":[{"href":"https:\/\/projects.madstudio.northwestern.edu\/bauhaus-and-beyond\/wp-json\/wp\/v2\/pages\/2482","targetHints":{"allow":["GET"]}}],"collection":[{"href":"https:\/\/projects.madstudio.northwestern.edu\/bauhaus-and-beyond\/wp-json\/wp\/v2\/pages"}],"about":[{"href":"https:\/\/projects.madstudio.northwestern.edu\/bauhaus-and-beyond\/wp-json\/wp\/v2\/types\/page"}],"author":[{"embeddable":true,"href":"https:\/\/projects.madstudio.northwestern.edu\/bauhaus-and-beyond\/wp-json\/wp\/v2\/users\/4"}],"replies":[{"embeddable":true,"href":"https:\/\/projects.madstudio.northwestern.edu\/bauhaus-and-beyond\/wp-json\/wp\/v2\/comments?post=2482"}],"version-history":[{"count":5,"href":"https:\/\/projects.madstudio.northwestern.edu\/bauhaus-and-beyond\/wp-json\/wp\/v2\/pages\/2482\/revisions"}],"predecessor-version":[{"id":2493,"href":"https:\/\/projects.madstudio.northwestern.edu\/bauhaus-and-beyond\/wp-json\/wp\/v2\/pages\/2482\/revisions\/2493"}],"up":[{"embeddable":true,"href":"https:\/\/projects.madstudio.northwestern.edu\/bauhaus-and-beyond\/wp-json\/wp\/v2\/pages\/1784"}],"wp:attachment":[{"href":"https:\/\/projects.madstudio.northwestern.edu\/bauhaus-and-beyond\/wp-json\/wp\/v2\/media?parent=2482"}],"curies":[{"name":"wp","href":"https:\/\/api.w.org\/{rel}","templated":true}]}}