{"id":2512,"date":"2018-08-03T00:17:22","date_gmt":"2018-08-03T00:17:22","guid":{"rendered":"http:\/\/projects.madstudio.northwestern.edu\/bauhaus-and-beyond\/?page_id=2512"},"modified":"2018-08-03T00:51:07","modified_gmt":"2018-08-03T00:51:07","slug":"ein-kunstlerischer-bau-fur-einen-bau-der-kunst","status":"publish","type":"page","link":"https:\/\/projects.madstudio.northwestern.edu\/bauhaus-and-beyond\/studentenmagazin\/gebaude-in-chicago-und-umgebung\/ein-kunstlerischer-bau-fur-einen-bau-der-kunst\/","title":{"rendered":"Das Art Institute: Ein k\u00fcnstlerischer Bau f\u00fcr einen Bau der Kunst"},"content":{"rendered":"<p><strong><span style=\"color: #993366;\"><em>Das Art Institute: Ein k\u00fcnstlerischer Bau f\u00fcr einen Bau der Kunst<\/em><\/span><\/strong><br \/>\nvon Annie Krall (Mai 2018)<\/p>\n<p>Das Kunstinstitut ist mein Lieblingsgeb\u00e4ude in Chicago. In diesem Artikel m\u00f6chte ich die Geschichte und die Sch\u00f6nheit von diesem Geb\u00e4ude beschreiben. Die Architekten waren Shepley, Rutan and Coolidge. Es war ein Architekturb\u00fcro aus Boston. Das Geb\u00e4ude wurde 1893 f\u00fcr die Kolumbianische Weltausstellung gebaut. Die Architekten entwarfen das Kunstinstitut im klassischen Stil.<\/p>\n<p><a href=\"https:\/\/projects.madstudio.northwestern.edu\/bauhaus-and-beyond\/wp-content\/uploads\/2018\/08\/Screen-Shot-2018-07-27-at-7.47.03-PM.png\"><img loading=\"lazy\" decoding=\"async\" class=\"size-medium wp-image-2514 alignright\" src=\"https:\/\/projects.madstudio.northwestern.edu\/bauhaus-and-beyond\/wp-content\/uploads\/2018\/08\/Screen-Shot-2018-07-27-at-7.47.03-PM-300x167.png\" alt=\"\" width=\"300\" height=\"167\" srcset=\"https:\/\/projects.madstudio.northwestern.edu\/bauhaus-and-beyond\/wp-content\/uploads\/2018\/08\/Screen-Shot-2018-07-27-at-7.47.03-PM-300x167.png 300w, https:\/\/projects.madstudio.northwestern.edu\/bauhaus-and-beyond\/wp-content\/uploads\/2018\/08\/Screen-Shot-2018-07-27-at-7.47.03-PM-768x427.png 768w, https:\/\/projects.madstudio.northwestern.edu\/bauhaus-and-beyond\/wp-content\/uploads\/2018\/08\/Screen-Shot-2018-07-27-at-7.47.03-PM-1024x569.png 1024w, https:\/\/projects.madstudio.northwestern.edu\/bauhaus-and-beyond\/wp-content\/uploads\/2018\/08\/Screen-Shot-2018-07-27-at-7.47.03-PM-719x400.png 719w, https:\/\/projects.madstudio.northwestern.edu\/bauhaus-and-beyond\/wp-content\/uploads\/2018\/08\/Screen-Shot-2018-07-27-at-7.47.03-PM.png 1464w\" sizes=\"auto, (max-width: 300px) 100vw, 300px\" \/><\/a>Dies war typisch f\u00fcr die anderen Geb\u00e4ude, die f\u00fcr die Exposition gebaut wurden. Louis Sullivans Transportgeb\u00e4ude war eine Ausnahme. Seine Geb\u00e4ude haben immer Aspekte der Natur einbezogen. Das Kunstinstitut erinnert mehr an antike Zeiten als an die Natur. Der moderne Fl\u00fcgel wurde 2009 er\u00f6ffnet und der Architekt war Renzo Piano.<\/p>\n<p><a href=\"https:\/\/projects.madstudio.northwestern.edu\/bauhaus-and-beyond\/wp-content\/uploads\/2018\/08\/Screen-Shot-2018-08-02-at-7.28.09-PM.png\"><img loading=\"lazy\" decoding=\"async\" class=\"size-medium wp-image-2527 alignleft\" src=\"https:\/\/projects.madstudio.northwestern.edu\/bauhaus-and-beyond\/wp-content\/uploads\/2018\/08\/Screen-Shot-2018-08-02-at-7.28.09-PM-300x168.png\" alt=\"\" width=\"300\" height=\"168\" srcset=\"https:\/\/projects.madstudio.northwestern.edu\/bauhaus-and-beyond\/wp-content\/uploads\/2018\/08\/Screen-Shot-2018-08-02-at-7.28.09-PM-300x168.png 300w, https:\/\/projects.madstudio.northwestern.edu\/bauhaus-and-beyond\/wp-content\/uploads\/2018\/08\/Screen-Shot-2018-08-02-at-7.28.09-PM-768x430.png 768w, https:\/\/projects.madstudio.northwestern.edu\/bauhaus-and-beyond\/wp-content\/uploads\/2018\/08\/Screen-Shot-2018-08-02-at-7.28.09-PM-1024x574.png 1024w, https:\/\/projects.madstudio.northwestern.edu\/bauhaus-and-beyond\/wp-content\/uploads\/2018\/08\/Screen-Shot-2018-08-02-at-7.28.09-PM-714x400.png 714w, https:\/\/projects.madstudio.northwestern.edu\/bauhaus-and-beyond\/wp-content\/uploads\/2018\/08\/Screen-Shot-2018-08-02-at-7.28.09-PM.png 1042w\" sizes=\"auto, (max-width: 300px) 100vw, 300px\" \/><\/a>Sein Stil ist \u00e4hnlich wie der von Mies van der Rohe. Der moderne Fl\u00fcgel hat viele gerade Linien und war wie das \u00e4ltere Geb\u00e4ude mit Kalkstein, aber auch mit Glas und Stahl gebaut.<\/p>\n<p>Der historische Bezirk um die Michigan Avenue enth\u00e4lt einige historische Geb\u00e4ude in Chicago, darunter das Kunstinstitut. Im Jahr 1866 gr\u00fcndete eine Gruppe von 35 K\u00fcnstlern die Chicago Academy of Design mit der Absicht, eine freie Schule mit einer eigenen Kunstgalerie zu betreiben. Danach wurde im Jahre 1879 der Name zu Chicago Academy of Fine Arts ge\u00e4ndert. Es wurde 1882 schlie\u00dflich Kunstinstitut genannt. Das Geb\u00e4ude, damals Worlds Auxiliary Congress genannt, wurde als Schaukasten w\u00e4hrend der Kolumbianischen Ausstellung gebaut, aber auch um die Kunstsammlung der Stadt zu beherbergen. Die internationalen Symposien und Kongresse der Ausstellung fanden hier statt.<\/p>\n<p>Die Architekten Shepley, Rutan und Coolidge ahmten die Architekten des Altertums nach, um die \u00f6ffentliche Wahrnehmung von Chicago als Stadt der Metzger, Werkzeughersteller und Arbeiter zu ver\u00e4ndern. Chicago wurde im Jahr 1893 zu einem Zentrum der Kultur. Am Fries des Museums sind die Namen einflussreicher K\u00fcnstler wie Donatello, Rembrandt, Leonardo da Vinci, Brunelleschi, und auch der deutschen Maler Holbein und D\u00fcrer eingraviert.<\/p>\n<p><a href=\"https:\/\/projects.madstudio.northwestern.edu\/bauhaus-and-beyond\/wp-content\/uploads\/2018\/08\/Screen-Shot-2018-07-27-at-7.51.28-PM.png\"><img loading=\"lazy\" decoding=\"async\" class=\"size-medium wp-image-2516 alignright\" src=\"https:\/\/projects.madstudio.northwestern.edu\/bauhaus-and-beyond\/wp-content\/uploads\/2018\/08\/Screen-Shot-2018-07-27-at-7.51.28-PM-300x166.png\" alt=\"\" width=\"300\" height=\"166\" srcset=\"https:\/\/projects.madstudio.northwestern.edu\/bauhaus-and-beyond\/wp-content\/uploads\/2018\/08\/Screen-Shot-2018-07-27-at-7.51.28-PM-300x166.png 300w, https:\/\/projects.madstudio.northwestern.edu\/bauhaus-and-beyond\/wp-content\/uploads\/2018\/08\/Screen-Shot-2018-07-27-at-7.51.28-PM-768x425.png 768w, https:\/\/projects.madstudio.northwestern.edu\/bauhaus-and-beyond\/wp-content\/uploads\/2018\/08\/Screen-Shot-2018-07-27-at-7.51.28-PM-1024x567.png 1024w, https:\/\/projects.madstudio.northwestern.edu\/bauhaus-and-beyond\/wp-content\/uploads\/2018\/08\/Screen-Shot-2018-07-27-at-7.51.28-PM-723x400.png 723w, https:\/\/projects.madstudio.northwestern.edu\/bauhaus-and-beyond\/wp-content\/uploads\/2018\/08\/Screen-Shot-2018-07-27-at-7.51.28-PM.png 1456w\" sizes=\"auto, (max-width: 300px) 100vw, 300px\" \/><\/a>Dies ahmt eine Praxis italienischer G\u00f6nner nach, die ihre Namen in die von ihnen beauftragten Monumente eingravieren lie\u00dfen. Die Intensit\u00e4t einer aufstrebenden Stadt spiegelt sich in der Treppe des Kunstinstituts wider. Zwei L\u00f6wen bewachen den Eingang und stehen f\u00fcr k\u00f6nigliche St\u00e4rke.<a href=\"https:\/\/projects.madstudio.northwestern.edu\/bauhaus-and-beyond\/wp-content\/uploads\/2018\/08\/Screen-Shot-2018-08-02-at-7.31.15-PM.png\"><img loading=\"lazy\" decoding=\"async\" class=\"size-medium wp-image-2528 aligncenter\" src=\"https:\/\/projects.madstudio.northwestern.edu\/bauhaus-and-beyond\/wp-content\/uploads\/2018\/08\/Screen-Shot-2018-08-02-at-7.31.15-PM-300x170.png\" alt=\"\" width=\"300\" height=\"170\" srcset=\"https:\/\/projects.madstudio.northwestern.edu\/bauhaus-and-beyond\/wp-content\/uploads\/2018\/08\/Screen-Shot-2018-08-02-at-7.31.15-PM-300x170.png 300w, https:\/\/projects.madstudio.northwestern.edu\/bauhaus-and-beyond\/wp-content\/uploads\/2018\/08\/Screen-Shot-2018-08-02-at-7.31.15-PM-768x435.png 768w, https:\/\/projects.madstudio.northwestern.edu\/bauhaus-and-beyond\/wp-content\/uploads\/2018\/08\/Screen-Shot-2018-08-02-at-7.31.15-PM-706x400.png 706w, https:\/\/projects.madstudio.northwestern.edu\/bauhaus-and-beyond\/wp-content\/uploads\/2018\/08\/Screen-Shot-2018-08-02-at-7.31.15-PM.png 1010w\" sizes=\"auto, (max-width: 300px) 100vw, 300px\" \/><\/a><\/p>\n<p>Das \u00c4u\u00dfere des Kunstinstituts ist sehr prunkvoll. Mit einem von Mies van der Rohe entworfenen Geb\u00e4ude kann es nicht verwechselt werden. Griechisch inspirierte symmetrische Reliefs befinden sich auf beiden Seiten des Eingangs. Die Friese unter den K\u00fcnstlernamen sind Kopien von Entw\u00fcrfen des Parthenons in Athen. Im Gegensatz zu den Originalarbeiten von Phidias, die die Friese im Portal des Parthenons installierten, sind die Reliefs an der Frontfassade hoch \u00fcber dem Betrachter. Die abgebildete Szene ist eine Prozession der B\u00fcrger Athens am Geburtstag der Athene.<\/p>\n<p><a href=\"https:\/\/projects.madstudio.northwestern.edu\/bauhaus-and-beyond\/wp-content\/uploads\/2018\/08\/Screen-Shot-2018-07-27-at-7.54.32-PM.png\"><img loading=\"lazy\" decoding=\"async\" class=\"wp-image-2518 aligncenter\" src=\"https:\/\/projects.madstudio.northwestern.edu\/bauhaus-and-beyond\/wp-content\/uploads\/2018\/08\/Screen-Shot-2018-07-27-at-7.54.32-PM-300x166.png\" alt=\"\" width=\"257\" height=\"142\" srcset=\"https:\/\/projects.madstudio.northwestern.edu\/bauhaus-and-beyond\/wp-content\/uploads\/2018\/08\/Screen-Shot-2018-07-27-at-7.54.32-PM-300x166.png 300w, https:\/\/projects.madstudio.northwestern.edu\/bauhaus-and-beyond\/wp-content\/uploads\/2018\/08\/Screen-Shot-2018-07-27-at-7.54.32-PM-768x426.png 768w, https:\/\/projects.madstudio.northwestern.edu\/bauhaus-and-beyond\/wp-content\/uploads\/2018\/08\/Screen-Shot-2018-07-27-at-7.54.32-PM-1024x567.png 1024w, https:\/\/projects.madstudio.northwestern.edu\/bauhaus-and-beyond\/wp-content\/uploads\/2018\/08\/Screen-Shot-2018-07-27-at-7.54.32-PM-722x400.png 722w, https:\/\/projects.madstudio.northwestern.edu\/bauhaus-and-beyond\/wp-content\/uploads\/2018\/08\/Screen-Shot-2018-07-27-at-7.54.32-PM.png 1440w\" sizes=\"auto, (max-width: 257px) 100vw, 257px\" \/><\/a>Drei B\u00f6gen befinden sich \u00fcber dem Eingang. Der Eingang hat eine italienische Fassade. Die Traufe bewirkt, dass das Geb\u00e4ude sich ziemlich weit erstreckt. Der Giebel war im neoklassischen Stil gebaut.<\/p>\n<p style=\"text-align: center;\"><a href=\"https:\/\/projects.madstudio.northwestern.edu\/bauhaus-and-beyond\/wp-content\/uploads\/2018\/08\/Screen-Shot-2018-07-27-at-7.55.05-PM.png\"><img loading=\"lazy\" decoding=\"async\" class=\"size-medium wp-image-2519 aligncenter\" src=\"https:\/\/projects.madstudio.northwestern.edu\/bauhaus-and-beyond\/wp-content\/uploads\/2018\/08\/Screen-Shot-2018-07-27-at-7.55.05-PM-300x169.png\" alt=\"\" width=\"300\" height=\"169\" srcset=\"https:\/\/projects.madstudio.northwestern.edu\/bauhaus-and-beyond\/wp-content\/uploads\/2018\/08\/Screen-Shot-2018-07-27-at-7.55.05-PM-300x169.png 300w, https:\/\/projects.madstudio.northwestern.edu\/bauhaus-and-beyond\/wp-content\/uploads\/2018\/08\/Screen-Shot-2018-07-27-at-7.55.05-PM-768x432.png 768w, https:\/\/projects.madstudio.northwestern.edu\/bauhaus-and-beyond\/wp-content\/uploads\/2018\/08\/Screen-Shot-2018-07-27-at-7.55.05-PM-1024x576.png 1024w, https:\/\/projects.madstudio.northwestern.edu\/bauhaus-and-beyond\/wp-content\/uploads\/2018\/08\/Screen-Shot-2018-07-27-at-7.55.05-PM-711x400.png 711w, https:\/\/projects.madstudio.northwestern.edu\/bauhaus-and-beyond\/wp-content\/uploads\/2018\/08\/Screen-Shot-2018-07-27-at-7.55.05-PM.png 1280w\" sizes=\"auto, (max-width: 300px) 100vw, 300px\" \/><\/a>Korinthische S\u00e4ulen bringen S\u00e4ulenordnung zu dem Geb\u00e4ude.<\/p>\n<p><a href=\"https:\/\/projects.madstudio.northwestern.edu\/bauhaus-and-beyond\/wp-content\/uploads\/2018\/08\/Screen-Shot-2018-07-27-at-7.56.35-PM.png\"><img loading=\"lazy\" decoding=\"async\" class=\"size-medium wp-image-2520 aligncenter\" src=\"https:\/\/projects.madstudio.northwestern.edu\/bauhaus-and-beyond\/wp-content\/uploads\/2018\/08\/Screen-Shot-2018-07-27-at-7.56.35-PM-300x167.png\" alt=\"\" width=\"300\" height=\"167\" srcset=\"https:\/\/projects.madstudio.northwestern.edu\/bauhaus-and-beyond\/wp-content\/uploads\/2018\/08\/Screen-Shot-2018-07-27-at-7.56.35-PM-300x167.png 300w, https:\/\/projects.madstudio.northwestern.edu\/bauhaus-and-beyond\/wp-content\/uploads\/2018\/08\/Screen-Shot-2018-07-27-at-7.56.35-PM-768x428.png 768w, https:\/\/projects.madstudio.northwestern.edu\/bauhaus-and-beyond\/wp-content\/uploads\/2018\/08\/Screen-Shot-2018-07-27-at-7.56.35-PM-1024x570.png 1024w, https:\/\/projects.madstudio.northwestern.edu\/bauhaus-and-beyond\/wp-content\/uploads\/2018\/08\/Screen-Shot-2018-07-27-at-7.56.35-PM-719x400.png 719w, https:\/\/projects.madstudio.northwestern.edu\/bauhaus-and-beyond\/wp-content\/uploads\/2018\/08\/Screen-Shot-2018-07-27-at-7.56.35-PM.png 1430w\" sizes=\"auto, (max-width: 300px) 100vw, 300px\" \/><\/a>Im Gegensatz zu den Geb\u00e4uden der Bauhaus Architekten gibt es an der urspr\u00fcnglichen Fassade keinen Stahl oder Glas. Das massive Geb\u00e4ude wurde urspr\u00fcnglich aus Kalkstein gebaut. Der moderne Fl\u00fcgel f\u00fcr Kunst ist aber gr\u00f6\u00dftenteils aus Glas.<a href=\"https:\/\/projects.madstudio.northwestern.edu\/bauhaus-and-beyond\/wp-content\/uploads\/2018\/08\/Screen-Shot-2018-07-27-at-7.58.35-PM.png\"><img loading=\"lazy\" decoding=\"async\" class=\"size-medium wp-image-2521 aligncenter\" src=\"https:\/\/projects.madstudio.northwestern.edu\/bauhaus-and-beyond\/wp-content\/uploads\/2018\/08\/Screen-Shot-2018-07-27-at-7.58.35-PM-300x167.png\" alt=\"\" width=\"300\" height=\"167\" srcset=\"https:\/\/projects.madstudio.northwestern.edu\/bauhaus-and-beyond\/wp-content\/uploads\/2018\/08\/Screen-Shot-2018-07-27-at-7.58.35-PM-300x167.png 300w, https:\/\/projects.madstudio.northwestern.edu\/bauhaus-and-beyond\/wp-content\/uploads\/2018\/08\/Screen-Shot-2018-07-27-at-7.58.35-PM-768x427.png 768w, https:\/\/projects.madstudio.northwestern.edu\/bauhaus-and-beyond\/wp-content\/uploads\/2018\/08\/Screen-Shot-2018-07-27-at-7.58.35-PM-1024x570.png 1024w, https:\/\/projects.madstudio.northwestern.edu\/bauhaus-and-beyond\/wp-content\/uploads\/2018\/08\/Screen-Shot-2018-07-27-at-7.58.35-PM-719x400.png 719w, https:\/\/projects.madstudio.northwestern.edu\/bauhaus-and-beyond\/wp-content\/uploads\/2018\/08\/Screen-Shot-2018-07-27-at-7.58.35-PM.png 1642w\" sizes=\"auto, (max-width: 300px) 100vw, 300px\" \/><\/a>Das Innere des Kunstinstituts ist ebenso extravagant wie das \u00c4u\u00dfere! Die W\u00e4nde sind aus Marmor und lassen viel nat\u00fcrliches Licht herein.<\/p>\n<p><a href=\"https:\/\/projects.madstudio.northwestern.edu\/bauhaus-and-beyond\/wp-content\/uploads\/2018\/08\/Screen-Shot-2018-07-27-at-7.59.04-PM.png\"><img loading=\"lazy\" decoding=\"async\" class=\"size-medium wp-image-2522 aligncenter\" src=\"https:\/\/projects.madstudio.northwestern.edu\/bauhaus-and-beyond\/wp-content\/uploads\/2018\/08\/Screen-Shot-2018-07-27-at-7.59.04-PM-300x166.png\" alt=\"\" width=\"300\" height=\"166\" srcset=\"https:\/\/projects.madstudio.northwestern.edu\/bauhaus-and-beyond\/wp-content\/uploads\/2018\/08\/Screen-Shot-2018-07-27-at-7.59.04-PM-300x166.png 300w, https:\/\/projects.madstudio.northwestern.edu\/bauhaus-and-beyond\/wp-content\/uploads\/2018\/08\/Screen-Shot-2018-07-27-at-7.59.04-PM-768x425.png 768w, https:\/\/projects.madstudio.northwestern.edu\/bauhaus-and-beyond\/wp-content\/uploads\/2018\/08\/Screen-Shot-2018-07-27-at-7.59.04-PM-1024x567.png 1024w, https:\/\/projects.madstudio.northwestern.edu\/bauhaus-and-beyond\/wp-content\/uploads\/2018\/08\/Screen-Shot-2018-07-27-at-7.59.04-PM-722x400.png 722w, https:\/\/projects.madstudio.northwestern.edu\/bauhaus-and-beyond\/wp-content\/uploads\/2018\/08\/Screen-Shot-2018-07-27-at-7.59.04-PM.png 1448w\" sizes=\"auto, (max-width: 300px) 100vw, 300px\" \/><\/a>Die S\u00e4ulen umgeben den Innenraum und wirken dadurch ruhig und autorit\u00e4r. Das Geb\u00e4ude ist innen und au\u00dfen sehr hoch. Es ist schwer es zu verpassen, wenn Sie die Stra\u00dfe entlanggehen. Gew\u00f6lbte Elemente befinden sich sowohl im Inneren als auch au\u00dferhalb des Geb\u00e4udes. Die geraden Linien der Bauhaus Architekten sind am Kunstinstitut schwer zu finden. Dieses Geb\u00e4ude wurde symmetrisch gebaut. Das Bauen im klassischen Stil h\u00e4tte viele griechische Architekten ebenso beeindruckt wie Besucher des 21. Jahrhunderts.<\/p>\n<p>Als ich das erste Mal mit meiner Familie als Kind in das Kunstinstitut kam, erinnere ich mich daran, wie einladend es war. Die Architektur ist definitiv spielerisch und sehr warm. Es gibt eine starke \u00e4sthetische Qualit\u00e4t, die sich in den Kunstwerken widerspiegelt, die das Geb\u00e4ude enth\u00e4lt. Das elegante \u00c4u\u00dfere ist so undurchsichtig, dass Sie das Innere nicht sehen k\u00f6nnen.<\/p>\n<p><a href=\"https:\/\/projects.madstudio.northwestern.edu\/bauhaus-and-beyond\/wp-content\/uploads\/2018\/08\/Screen-Shot-2018-07-27-at-8.01.43-PM.png\"><img loading=\"lazy\" decoding=\"async\" class=\"size-medium wp-image-2523 alignleft\" src=\"https:\/\/projects.madstudio.northwestern.edu\/bauhaus-and-beyond\/wp-content\/uploads\/2018\/08\/Screen-Shot-2018-07-27-at-8.01.43-PM-300x167.png\" alt=\"\" width=\"300\" height=\"167\" srcset=\"https:\/\/projects.madstudio.northwestern.edu\/bauhaus-and-beyond\/wp-content\/uploads\/2018\/08\/Screen-Shot-2018-07-27-at-8.01.43-PM-300x167.png 300w, https:\/\/projects.madstudio.northwestern.edu\/bauhaus-and-beyond\/wp-content\/uploads\/2018\/08\/Screen-Shot-2018-07-27-at-8.01.43-PM-768x428.png 768w, https:\/\/projects.madstudio.northwestern.edu\/bauhaus-and-beyond\/wp-content\/uploads\/2018\/08\/Screen-Shot-2018-07-27-at-8.01.43-PM-1024x570.png 1024w, https:\/\/projects.madstudio.northwestern.edu\/bauhaus-and-beyond\/wp-content\/uploads\/2018\/08\/Screen-Shot-2018-07-27-at-8.01.43-PM-718x400.png 718w, https:\/\/projects.madstudio.northwestern.edu\/bauhaus-and-beyond\/wp-content\/uploads\/2018\/08\/Screen-Shot-2018-07-27-at-8.01.43-PM.png 1440w\" sizes=\"auto, (max-width: 300px) 100vw, 300px\" \/><\/a>Das Kunstinstitut ist sehr wichtig f\u00fcr die Geschichte von Chicago. Es ist wirklich ein Geb\u00e4ude der Kunst f\u00fcr ein Geb\u00e4ude der Kunst. Symbolik der alten Zeiten zieht sich durch das Geb\u00e4ude. Das Geb\u00e4ude ist nicht unbedingt ein Ort f\u00fcr eine architektonische Revolution wie das Bauhaus. Mies van der Rohe und sein Team von Bauhaus Architekten haben das sicher in Geb\u00e4uden wie dem Kunstinstitut gesehen, als sie zum ersten Mal nach Chicago kamen. Ihr Stil ist mehr wie der des modernen Fl\u00fcgels. Sie h\u00e4tten die Transparenz und Liebe zum Detail des Fl\u00fcgels geliebt. Immerhin war es Mies van der Rohe, der sagte, \u201eGott ist im Detail.\u201c Der sogenannte &#8220;fliegende Teppich,&#8221; das sch\u00fctzende und gef\u00e4cherte Dach des modernen Baus ist ein fabelhaftes Architekturprojekt.<\/p>\n<p>Ein beeindruckender Teil des Kunstinstituts ist jetzt, dass die Architektur f\u00fcr jeden etwas bietet. Dies gilt auch f\u00fcr die Kunst im Inneren des Geb\u00e4udes!<\/p>\n","protected":false},"excerpt":{"rendered":"<p>Das Art Institute: Ein k\u00fcnstlerischer Bau f\u00fcr einen Bau der Kunst von Annie Krall (Mai 2018) Das Kunstinstitut ist mein Lieblingsgeb\u00e4ude in Chicago. In diesem Artikel m\u00f6chte ich die Geschichte und die Sch\u00f6nheit von diesem Geb\u00e4ude beschreiben. Die Architekten waren Shepley, Rutan and Coolidge. Es war ein Architekturb\u00fcro aus Boston. Das Geb\u00e4ude wurde 1893 f\u00fcr [&hellip;]<\/p>\n","protected":false},"author":4,"featured_media":0,"parent":1790,"menu_order":0,"comment_status":"closed","ping_status":"closed","template":"","meta":{"footnotes":""},"class_list":["post-2512","page","type-page","status-publish","hentry"],"_links":{"self":[{"href":"https:\/\/projects.madstudio.northwestern.edu\/bauhaus-and-beyond\/wp-json\/wp\/v2\/pages\/2512","targetHints":{"allow":["GET"]}}],"collection":[{"href":"https:\/\/projects.madstudio.northwestern.edu\/bauhaus-and-beyond\/wp-json\/wp\/v2\/pages"}],"about":[{"href":"https:\/\/projects.madstudio.northwestern.edu\/bauhaus-and-beyond\/wp-json\/wp\/v2\/types\/page"}],"author":[{"embeddable":true,"href":"https:\/\/projects.madstudio.northwestern.edu\/bauhaus-and-beyond\/wp-json\/wp\/v2\/users\/4"}],"replies":[{"embeddable":true,"href":"https:\/\/projects.madstudio.northwestern.edu\/bauhaus-and-beyond\/wp-json\/wp\/v2\/comments?post=2512"}],"version-history":[{"count":6,"href":"https:\/\/projects.madstudio.northwestern.edu\/bauhaus-and-beyond\/wp-json\/wp\/v2\/pages\/2512\/revisions"}],"predecessor-version":[{"id":2532,"href":"https:\/\/projects.madstudio.northwestern.edu\/bauhaus-and-beyond\/wp-json\/wp\/v2\/pages\/2512\/revisions\/2532"}],"up":[{"embeddable":true,"href":"https:\/\/projects.madstudio.northwestern.edu\/bauhaus-and-beyond\/wp-json\/wp\/v2\/pages\/1790"}],"wp:attachment":[{"href":"https:\/\/projects.madstudio.northwestern.edu\/bauhaus-and-beyond\/wp-json\/wp\/v2\/media?parent=2512"}],"curies":[{"name":"wp","href":"https:\/\/api.w.org\/{rel}","templated":true}]}}