{"id":2685,"date":"2018-08-08T15:57:39","date_gmt":"2018-08-08T15:57:39","guid":{"rendered":"http:\/\/projects.madstudio.northwestern.edu\/bauhaus-and-beyond\/?page_id=2685"},"modified":"2018-08-08T16:14:04","modified_gmt":"2018-08-08T16:14:04","slug":"university-hall-das-alteste-gebaude-auf-dem-campus","status":"publish","type":"page","link":"https:\/\/projects.madstudio.northwestern.edu\/bauhaus-and-beyond\/studentenmagazin\/northwestern-universitat-campus\/university-hall-das-alteste-gebaude-auf-dem-campus\/","title":{"rendered":"University Hall &#8211; das \u00e4lteste Geb\u00e4ude auf dem Campus"},"content":{"rendered":"<p><span style=\"color: #800080;\"><em><strong>University Hall &#8211; Das \u00e4lteste Geb\u00e4ude auf dem Campus<\/strong> <\/em><\/span><\/p>\n<p>von Bobbi Throckmorton (Mai 2018)<\/p>\n<p><a href=\"https:\/\/projects.madstudio.northwestern.edu\/bauhaus-and-beyond\/wp-content\/uploads\/2018\/08\/Screen-Shot-2018-07-27-at-2.46.01-PM.png\"><img loading=\"lazy\" decoding=\"async\" class=\"size-medium wp-image-2687 alignleft\" src=\"https:\/\/projects.madstudio.northwestern.edu\/bauhaus-and-beyond\/wp-content\/uploads\/2018\/08\/Screen-Shot-2018-07-27-at-2.46.01-PM-225x300.png\" alt=\"\" width=\"225\" height=\"300\" srcset=\"https:\/\/projects.madstudio.northwestern.edu\/bauhaus-and-beyond\/wp-content\/uploads\/2018\/08\/Screen-Shot-2018-07-27-at-2.46.01-PM-225x300.png 225w, https:\/\/projects.madstudio.northwestern.edu\/bauhaus-and-beyond\/wp-content\/uploads\/2018\/08\/Screen-Shot-2018-07-27-at-2.46.01-PM-768x1023.png 768w, https:\/\/projects.madstudio.northwestern.edu\/bauhaus-and-beyond\/wp-content\/uploads\/2018\/08\/Screen-Shot-2018-07-27-at-2.46.01-PM-769x1024.png 769w, https:\/\/projects.madstudio.northwestern.edu\/bauhaus-and-beyond\/wp-content\/uploads\/2018\/08\/Screen-Shot-2018-07-27-at-2.46.01-PM-300x400.png 300w, https:\/\/projects.madstudio.northwestern.edu\/bauhaus-and-beyond\/wp-content\/uploads\/2018\/08\/Screen-Shot-2018-07-27-at-2.46.01-PM.png 922w\" sizes=\"auto, (max-width: 225px) 100vw, 225px\" \/><\/a>Mein Lieblingsgeb\u00e4ude auf dem Campus ist University Hall. Dieses Geb\u00e4ude steht in der N\u00e4he von The Rock, Kresge, und Harris Hall. Auch befindet sich ein gro\u00dfer Rasen mit B\u00e4umen zwischen University Hall und Sheridan Road. University Hall ist ein historisches Geb\u00e4ude auf dem Campus, weswegen es sich heute in einer zentralen Lage befindet.<\/p>\n<p>University Hall wurde im Jahre 1869 im neugotischen Stil gebaut. Der Architekt war Gurdon P. Randall, und es dauerte drei Jahre zu bauen. Jetzt ist University Hall das \u00e4lteste Geb\u00e4ude auf dem Campus. Weil dieses Geb\u00e4ude so alt ist, hat es viele Funktionen gehabt, seit es errichtet war. Zuerst war University Hall das wichtigste Geb\u00e4ude dieses Campus. Danach ist es eine Mensa, ein Schafsaal, und ein Verwaltungsgeb\u00e4ude gewesen. Heute ist es ein Geb\u00e4ude mit Klassenzimmern und es haust die Anglistik Fakult\u00e4t.<\/p>\n<p><a href=\"https:\/\/projects.madstudio.northwestern.edu\/bauhaus-and-beyond\/wp-content\/uploads\/2018\/08\/Screen-Shot-2018-07-27-at-2.46.32-PM.png\"><img loading=\"lazy\" decoding=\"async\" class=\"size-medium wp-image-2688 alignright\" src=\"https:\/\/projects.madstudio.northwestern.edu\/bauhaus-and-beyond\/wp-content\/uploads\/2018\/08\/Screen-Shot-2018-07-27-at-2.46.32-PM-222x300.png\" alt=\"\" width=\"222\" height=\"300\" srcset=\"https:\/\/projects.madstudio.northwestern.edu\/bauhaus-and-beyond\/wp-content\/uploads\/2018\/08\/Screen-Shot-2018-07-27-at-2.46.32-PM-222x300.png 222w, https:\/\/projects.madstudio.northwestern.edu\/bauhaus-and-beyond\/wp-content\/uploads\/2018\/08\/Screen-Shot-2018-07-27-at-2.46.32-PM-768x1040.png 768w, https:\/\/projects.madstudio.northwestern.edu\/bauhaus-and-beyond\/wp-content\/uploads\/2018\/08\/Screen-Shot-2018-07-27-at-2.46.32-PM-756x1024.png 756w, https:\/\/projects.madstudio.northwestern.edu\/bauhaus-and-beyond\/wp-content\/uploads\/2018\/08\/Screen-Shot-2018-07-27-at-2.46.32-PM-295x400.png 295w, https:\/\/projects.madstudio.northwestern.edu\/bauhaus-and-beyond\/wp-content\/uploads\/2018\/08\/Screen-Shot-2018-07-27-at-2.46.32-PM.png 920w\" sizes=\"auto, (max-width: 222px) 100vw, 222px\" \/><\/a>University Hall sieht grau und beige von au\u00dfen aus. Der Bau hat eine hohe, klassische Turmuhr und spitze T\u00fcrme. Das Geb\u00e4ude ist aus demselben Marmor gebaut, aus dem der Water Tower in der gro\u00dfen Stadt, Chicago, gebaut ist. Es besteht aus Mauerwerk mit massiven W\u00e4nden. Die T\u00fcren sind aus Holz gebaut und es gibt gr\u00fcne Rohre drau\u00dfen. Ich glaube, dass die Vorderseite des Geb\u00e4udes die Seite ist, die sich gegen\u00fcber dem Rock befindet. Obwohl zwei von den vier Seiten von dem Geb\u00e4ude die Vorderseite mit dem Eingang sein k\u00f6nnen, weil sie gro\u00dfe Treppen haben, blickt diese Seite auch auf den Weg zum Arch. Das Geb\u00e4ude ist nicht symmetrisch, weil jede Wand ein bisschen anders ist. Die Fenster sind alle rechteckig, au\u00dfer den Fenstern \u00fcber den T\u00fcren. Diese Fenster sind gebogen. Auch &nbsp;gibt es gotische Ornamente, wie die T\u00fcrme.<\/p>\n<p>Im Inneren des Geb\u00e4udes gibt es f\u00fcnf St\u00f6cke. Es sieht ein bisschen veraltet aus, weil es viel Holz gibt. Auf den h\u00f6heren St\u00f6cken gibt es Teppiche, aber es gibt auch Linoleum. Das Geb\u00e4ude hat zwei Treppen drinnen, und die Treppenabs\u00e4tze sind geschwungen. Die Innenarchitektur ist warm und einladend.<\/p>\n<p>University Hall ist mein Lieblingsgeb\u00e4ude, weil es so historisch und sch\u00f6n ist. Ich denke, dass das Geb\u00e4ude sehr \u00e4sthetisch aussieht. Die Treppen sind einladend und der neugotische Stil sieht klassisch aus. Ich denke, dass University Hall wichtig f\u00fcr die Geschichte dieser Universit\u00e4t ist. Obwohl der Bau vielmals renoviert wurde, sieht er noch historisch und alt aus. Wenn ich ihn ansehe, f\u00fchle ich mich mit der Geschichte verbunden.<\/p>\n","protected":false},"excerpt":{"rendered":"<p>University Hall &#8211; Das \u00e4lteste Geb\u00e4ude auf dem Campus von Bobbi Throckmorton (Mai 2018) Mein Lieblingsgeb\u00e4ude auf dem Campus ist University Hall. Dieses Geb\u00e4ude steht in der N\u00e4he von The Rock, Kresge, und Harris Hall. Auch befindet sich ein gro\u00dfer Rasen mit B\u00e4umen zwischen University Hall und Sheridan Road. University Hall ist ein historisches Geb\u00e4ude [&hellip;]<\/p>\n","protected":false},"author":4,"featured_media":0,"parent":1784,"menu_order":0,"comment_status":"closed","ping_status":"closed","template":"","meta":{"footnotes":""},"class_list":["post-2685","page","type-page","status-publish","hentry"],"_links":{"self":[{"href":"https:\/\/projects.madstudio.northwestern.edu\/bauhaus-and-beyond\/wp-json\/wp\/v2\/pages\/2685","targetHints":{"allow":["GET"]}}],"collection":[{"href":"https:\/\/projects.madstudio.northwestern.edu\/bauhaus-and-beyond\/wp-json\/wp\/v2\/pages"}],"about":[{"href":"https:\/\/projects.madstudio.northwestern.edu\/bauhaus-and-beyond\/wp-json\/wp\/v2\/types\/page"}],"author":[{"embeddable":true,"href":"https:\/\/projects.madstudio.northwestern.edu\/bauhaus-and-beyond\/wp-json\/wp\/v2\/users\/4"}],"replies":[{"embeddable":true,"href":"https:\/\/projects.madstudio.northwestern.edu\/bauhaus-and-beyond\/wp-json\/wp\/v2\/comments?post=2685"}],"version-history":[{"count":3,"href":"https:\/\/projects.madstudio.northwestern.edu\/bauhaus-and-beyond\/wp-json\/wp\/v2\/pages\/2685\/revisions"}],"predecessor-version":[{"id":2690,"href":"https:\/\/projects.madstudio.northwestern.edu\/bauhaus-and-beyond\/wp-json\/wp\/v2\/pages\/2685\/revisions\/2690"}],"up":[{"embeddable":true,"href":"https:\/\/projects.madstudio.northwestern.edu\/bauhaus-and-beyond\/wp-json\/wp\/v2\/pages\/1784"}],"wp:attachment":[{"href":"https:\/\/projects.madstudio.northwestern.edu\/bauhaus-and-beyond\/wp-json\/wp\/v2\/media?parent=2685"}],"curies":[{"name":"wp","href":"https:\/\/api.w.org\/{rel}","templated":true}]}}