{"id":2710,"date":"2018-08-08T16:39:59","date_gmt":"2018-08-08T16:39:59","guid":{"rendered":"http:\/\/projects.madstudio.northwestern.edu\/bauhaus-and-beyond\/?page_id=2710"},"modified":"2018-08-08T16:40:41","modified_gmt":"2018-08-08T16:40:41","slug":"2710-2","status":"publish","type":"page","link":"https:\/\/projects.madstudio.northwestern.edu\/bauhaus-and-beyond\/studentenmagazin\/northwestern-universitat-campus\/2710-2\/","title":{"rendered":"Block Museum of Art &#8211; das n\u00e4chste MoMA?"},"content":{"rendered":"<p><span style=\"color: #008000;\"><em><strong>Das \u201eBlock Museum of Art\u201c: Das n\u00e4chste MoMA?<\/strong> <\/em><\/span><\/p>\n<p>von Katharina Nachtigall (April 2018)<\/p>\n<p>Das Geb\u00e4ude, das ich gew\u00e4hlt habe, ist das \u201eBlock Museum of Art\u201c.&nbsp; Es wurde im Jahre 1980 errichtet, nachdem die Kunstsammler Mary und Leigh Block der Northwestern Universit\u00e4t&nbsp; Geld gespendet hatten, um ein Kunstmuseum zu bauen.&nbsp; Das Chicago Architekturb\u00fcro \u201eL\u00f6bl Schlossman und Hackl\u201c wurde beauftragt, das Geb\u00e4ude zu entwerfen.&nbsp; Es wurde im Stil der Deutschen Kunsthalle gebaut.&nbsp;<\/p>\n<p>Das Museum sollte eigentlich nur Ausstellungen beherbergen, die sich ver\u00e4nderten, um den Kunstprofessoren zu helfen, ihren Lehrplan zu unterrichten.&nbsp; Parallel hierzu ist aber eine permanente Kunstsammlung von fast 5.000 Kunstwerken sehr schnell gewachsen, und eine riesige Rekonstruktion war daher im Jahre 1999 notwendig. Das Museum hat sogar Kunst von ber\u00fchmten K\u00fcnstlern wie Barbara Hepworth, Jasper Johns und Joan Miro erhalten.&nbsp; Dirk Lohan, der Enkel von Ludwig Mies van der Rohe, sollte die neue Struktur aus Glas, Stahl und Kalkstein entwerfen.&nbsp; Das geplante Geb\u00e4ude war dreimal so gro\u00df wie die urspr\u00fcngliche Struktur.&nbsp; Es ist die Struktur die man heute noch besichtigen kann.&nbsp; Durch das Glas sieht das Geb\u00e4ude sehr schlicht und futuristisch aus.&nbsp; Ein Teil des Geb\u00e4udes wird regelm\u00e4\u00dfig erleuchtet.&nbsp; Hier werden Werbungen f\u00fcr die verschiedenen Ausstellungen gezeigt.&nbsp;<\/p>\n<p>Man findet das Museum an der s\u00fcdlichen Seite des Campus, neben dem Studentenzentrum Norris und der Pick Staiger Konzerthalle.&nbsp; Es ist ein guter Standort f\u00fcr das Museum, da es einen sch\u00f6nen Blick auf den Michigansee hat. Die umliegenden Geb\u00e4ude sind nicht so modern wie das Museum, und dadurch kommt das Museum noch besser zur Geltung.&nbsp; Das \u201eBlock\u201c ist aber nicht nur von au\u00dfen \u00e4sthetisch.&nbsp; Die zwei Etagen im Inneren sind auch ansprechend und wirkungsvoll gestaltet, mit viel Ausstellungsfl\u00e4che.&nbsp; Das Erdgeschoss ist ziemlich ger\u00e4umig und hat auch einen Theatersaal, in dem Vortr\u00e4ge und Gespr\u00e4che gef\u00fchrt werden.&nbsp; Ich bin sehr gl\u00fccklich, dass ich als Kunstgeschichte Studentin das Museum w\u00f6chentlich besuchen kann &#8211; ich empfehle es ohne Vorbehalte!<\/p>\n","protected":false},"excerpt":{"rendered":"<p>Das \u201eBlock Museum of Art\u201c: Das n\u00e4chste MoMA? von Katharina Nachtigall (April 2018) Das Geb\u00e4ude, das ich gew\u00e4hlt habe, ist das \u201eBlock Museum of Art\u201c.&nbsp; Es wurde im Jahre 1980 errichtet, nachdem die Kunstsammler Mary und Leigh Block der Northwestern Universit\u00e4t&nbsp; Geld gespendet hatten, um ein Kunstmuseum zu bauen.&nbsp; Das Chicago Architekturb\u00fcro \u201eL\u00f6bl Schlossman und [&hellip;]<\/p>\n","protected":false},"author":4,"featured_media":0,"parent":1784,"menu_order":0,"comment_status":"closed","ping_status":"closed","template":"","meta":{"footnotes":""},"class_list":["post-2710","page","type-page","status-publish","hentry"],"_links":{"self":[{"href":"https:\/\/projects.madstudio.northwestern.edu\/bauhaus-and-beyond\/wp-json\/wp\/v2\/pages\/2710","targetHints":{"allow":["GET"]}}],"collection":[{"href":"https:\/\/projects.madstudio.northwestern.edu\/bauhaus-and-beyond\/wp-json\/wp\/v2\/pages"}],"about":[{"href":"https:\/\/projects.madstudio.northwestern.edu\/bauhaus-and-beyond\/wp-json\/wp\/v2\/types\/page"}],"author":[{"embeddable":true,"href":"https:\/\/projects.madstudio.northwestern.edu\/bauhaus-and-beyond\/wp-json\/wp\/v2\/users\/4"}],"replies":[{"embeddable":true,"href":"https:\/\/projects.madstudio.northwestern.edu\/bauhaus-and-beyond\/wp-json\/wp\/v2\/comments?post=2710"}],"version-history":[{"count":2,"href":"https:\/\/projects.madstudio.northwestern.edu\/bauhaus-and-beyond\/wp-json\/wp\/v2\/pages\/2710\/revisions"}],"predecessor-version":[{"id":2712,"href":"https:\/\/projects.madstudio.northwestern.edu\/bauhaus-and-beyond\/wp-json\/wp\/v2\/pages\/2710\/revisions\/2712"}],"up":[{"embeddable":true,"href":"https:\/\/projects.madstudio.northwestern.edu\/bauhaus-and-beyond\/wp-json\/wp\/v2\/pages\/1784"}],"wp:attachment":[{"href":"https:\/\/projects.madstudio.northwestern.edu\/bauhaus-and-beyond\/wp-json\/wp\/v2\/media?parent=2710"}],"curies":[{"name":"wp","href":"https:\/\/api.w.org\/{rel}","templated":true}]}}