{"id":2736,"date":"2018-08-08T17:05:48","date_gmt":"2018-08-08T17:05:48","guid":{"rendered":"http:\/\/projects.madstudio.northwestern.edu\/bauhaus-and-beyond\/?page_id=2736"},"modified":"2018-08-26T06:13:38","modified_gmt":"2018-08-26T06:13:38","slug":"2736-2","status":"publish","type":"page","link":"https:\/\/projects.madstudio.northwestern.edu\/bauhaus-and-beyond\/studentenmagazin\/northwestern-universitat-campus\/2736-2\/","title":{"rendered":"Das Norris Zentrum: lustig, sch\u00f6n, schick &#8211; wie seine Studierenden"},"content":{"rendered":"<p><span style=\"color: #800080;\"><em><strong>Das Norris Zentrum: lustig, sch\u00f6n, schick \u2013 wie seine Studierenden<\/strong> <\/em><\/span><\/p>\n<p>von Moses Lee (April 2018)<\/p>\n<p><a href=\"https:\/\/projects.madstudio.northwestern.edu\/bauhaus-and-beyond\/wp-content\/uploads\/2018\/08\/Screen-Shot-2018-08-26-at-1.03.39-AM.png\"><img loading=\"lazy\" decoding=\"async\" class=\"size-medium wp-image-3035 alignleft\" src=\"https:\/\/projects.madstudio.northwestern.edu\/bauhaus-and-beyond\/wp-content\/uploads\/2018\/08\/Screen-Shot-2018-08-26-at-1.03.39-AM-300x203.png\" alt=\"\" width=\"300\" height=\"203\" srcset=\"https:\/\/projects.madstudio.northwestern.edu\/bauhaus-and-beyond\/wp-content\/uploads\/2018\/08\/Screen-Shot-2018-08-26-at-1.03.39-AM-300x203.png 300w, https:\/\/projects.madstudio.northwestern.edu\/bauhaus-and-beyond\/wp-content\/uploads\/2018\/08\/Screen-Shot-2018-08-26-at-1.03.39-AM-768x520.png 768w, https:\/\/projects.madstudio.northwestern.edu\/bauhaus-and-beyond\/wp-content\/uploads\/2018\/08\/Screen-Shot-2018-08-26-at-1.03.39-AM-1024x693.png 1024w, https:\/\/projects.madstudio.northwestern.edu\/bauhaus-and-beyond\/wp-content\/uploads\/2018\/08\/Screen-Shot-2018-08-26-at-1.03.39-AM-591x400.png 591w, https:\/\/projects.madstudio.northwestern.edu\/bauhaus-and-beyond\/wp-content\/uploads\/2018\/08\/Screen-Shot-2018-08-26-at-1.03.39-AM.png 1306w\" sizes=\"auto, (max-width: 300px) 100vw, 300px\" \/><\/a>Das Norris Universit\u00e4tszentrum wurde im Jahre 1971 errichtet. Der Architekt f\u00fcr Norris war Edward D. Dart. Der Name f\u00fcr dieses Geb\u00e4ude stammt von \u201eLester J. Norris,\u201c einem ehemaligen Studierenden an Northwestern. Norris war ein Student an Northwestern und arbeitete danach f\u00fcr eine Hauszeitung, die \u201eChicago Tribune\u201c. Norris ist im Jahre 1967 gestorben und seine Kinder hatten die Idee f\u00fcr das Norris Zentrum.<\/p>\n<p><a href=\"https:\/\/projects.madstudio.northwestern.edu\/bauhaus-and-beyond\/wp-content\/uploads\/2018\/08\/Screen-Shot-2018-08-26-at-1.03.59-AM.png\"><img loading=\"lazy\" decoding=\"async\" class=\"size-medium wp-image-3032 alignright\" src=\"https:\/\/projects.madstudio.northwestern.edu\/bauhaus-and-beyond\/wp-content\/uploads\/2018\/08\/Screen-Shot-2018-08-26-at-1.03.59-AM-300x196.png\" alt=\"\" width=\"300\" height=\"196\" srcset=\"https:\/\/projects.madstudio.northwestern.edu\/bauhaus-and-beyond\/wp-content\/uploads\/2018\/08\/Screen-Shot-2018-08-26-at-1.03.59-AM-300x196.png 300w, https:\/\/projects.madstudio.northwestern.edu\/bauhaus-and-beyond\/wp-content\/uploads\/2018\/08\/Screen-Shot-2018-08-26-at-1.03.59-AM-768x501.png 768w, https:\/\/projects.madstudio.northwestern.edu\/bauhaus-and-beyond\/wp-content\/uploads\/2018\/08\/Screen-Shot-2018-08-26-at-1.03.59-AM-1024x668.png 1024w, https:\/\/projects.madstudio.northwestern.edu\/bauhaus-and-beyond\/wp-content\/uploads\/2018\/08\/Screen-Shot-2018-08-26-at-1.03.59-AM-613x400.png 613w, https:\/\/projects.madstudio.northwestern.edu\/bauhaus-and-beyond\/wp-content\/uploads\/2018\/08\/Screen-Shot-2018-08-26-at-1.03.59-AM.png 1342w\" sizes=\"auto, (max-width: 300px) 100vw, 300px\" \/><\/a>Der Bau steht zwischen dem Michigan See und der Main Bibliothek und hat einen modernen Stil. Die Form von Norris ist rechteckig und das Geb\u00e4ude ist aus Beton und Stein angefertigt. Der moderne Stil ist gut f\u00fcr Norris, weil die Main Bibliothek in einem \u00e4hnlichen \u201ebrutalistischen\u201c Stil gebaut ist \u2013 es passt gut zu den anderen umliegenden Geb\u00e4uden.<\/p>\n<p>Norris ist ein Gemeinschaftszentrum f\u00fcr Studierende und Professoren.&nbsp; Im Norris Zentrum &nbsp;k\u00f6nnen Sie Freunde treffen, Kaffee im Norris Starbucks \u201eNorbucks\u201c trinken, oder Mahlzeiten essen. Die Innenarchitektur ist wie die Au\u00dfenarchitektur \u2013 die Materialien sind eine Mischung von Beton, Stein, und Holz. Die W\u00e4nde und B\u00f6den sind aus Beton und Stein und die W\u00e4nde sind auch aus Holz gebaut.<\/p>\n<p><a href=\"https:\/\/projects.madstudio.northwestern.edu\/bauhaus-and-beyond\/wp-content\/uploads\/2018\/08\/Screen-Shot-2018-08-26-at-1.03.10-AM.png\"><img loading=\"lazy\" decoding=\"async\" class=\" wp-image-3034 alignleft\" src=\"https:\/\/projects.madstudio.northwestern.edu\/bauhaus-and-beyond\/wp-content\/uploads\/2018\/08\/Screen-Shot-2018-08-26-at-1.03.10-AM-300x196.png\" alt=\"\" width=\"277\" height=\"181\" srcset=\"https:\/\/projects.madstudio.northwestern.edu\/bauhaus-and-beyond\/wp-content\/uploads\/2018\/08\/Screen-Shot-2018-08-26-at-1.03.10-AM-300x196.png 300w, https:\/\/projects.madstudio.northwestern.edu\/bauhaus-and-beyond\/wp-content\/uploads\/2018\/08\/Screen-Shot-2018-08-26-at-1.03.10-AM-768x502.png 768w, https:\/\/projects.madstudio.northwestern.edu\/bauhaus-and-beyond\/wp-content\/uploads\/2018\/08\/Screen-Shot-2018-08-26-at-1.03.10-AM-1024x669.png 1024w, https:\/\/projects.madstudio.northwestern.edu\/bauhaus-and-beyond\/wp-content\/uploads\/2018\/08\/Screen-Shot-2018-08-26-at-1.03.10-AM-612x400.png 612w, https:\/\/projects.madstudio.northwestern.edu\/bauhaus-and-beyond\/wp-content\/uploads\/2018\/08\/Screen-Shot-2018-08-26-at-1.03.10-AM.png 1328w\" sizes=\"auto, (max-width: 277px) 100vw, 277px\" \/><\/a>Das Norris Zentrum hat ein Museum (Dittmar Galerie) und man kann dort verschiedene Kunstausstellungen sehen. Norris hat auch einen gro\u00dfen Rasen. Wenn das Wetter sch\u00f6n ist, kann man auf dem Rasen liegen oder lernen.<\/p>\n<p>Northwestern Universit\u00e4t m\u00f6chte Norris in der Zukunft renovieren \u2013 mit mehr Einrichtungen und hoffentlich einer sch\u00f6neren Farbe und einem besseren Stil. Ich habe geh\u00f6rt, dass die Uni Norris mit Glas und Stahl bauen wird und gr\u00f6\u00dfer machen wird.<\/p>\n<p>&nbsp;<\/p>\n<p>&nbsp;<\/p>\n","protected":false},"excerpt":{"rendered":"<p>Das Norris Zentrum: lustig, sch\u00f6n, schick \u2013 wie seine Studierenden von Moses Lee (April 2018) Das Norris Universit\u00e4tszentrum wurde im Jahre 1971 errichtet. Der Architekt f\u00fcr Norris war Edward D. Dart. Der Name f\u00fcr dieses Geb\u00e4ude stammt von \u201eLester J. Norris,\u201c einem ehemaligen Studierenden an Northwestern. Norris war ein Student an Northwestern und arbeitete danach [&hellip;]<\/p>\n","protected":false},"author":4,"featured_media":0,"parent":1784,"menu_order":0,"comment_status":"closed","ping_status":"closed","template":"","meta":{"footnotes":""},"class_list":["post-2736","page","type-page","status-publish","hentry"],"_links":{"self":[{"href":"https:\/\/projects.madstudio.northwestern.edu\/bauhaus-and-beyond\/wp-json\/wp\/v2\/pages\/2736","targetHints":{"allow":["GET"]}}],"collection":[{"href":"https:\/\/projects.madstudio.northwestern.edu\/bauhaus-and-beyond\/wp-json\/wp\/v2\/pages"}],"about":[{"href":"https:\/\/projects.madstudio.northwestern.edu\/bauhaus-and-beyond\/wp-json\/wp\/v2\/types\/page"}],"author":[{"embeddable":true,"href":"https:\/\/projects.madstudio.northwestern.edu\/bauhaus-and-beyond\/wp-json\/wp\/v2\/users\/4"}],"replies":[{"embeddable":true,"href":"https:\/\/projects.madstudio.northwestern.edu\/bauhaus-and-beyond\/wp-json\/wp\/v2\/comments?post=2736"}],"version-history":[{"count":4,"href":"https:\/\/projects.madstudio.northwestern.edu\/bauhaus-and-beyond\/wp-json\/wp\/v2\/pages\/2736\/revisions"}],"predecessor-version":[{"id":3037,"href":"https:\/\/projects.madstudio.northwestern.edu\/bauhaus-and-beyond\/wp-json\/wp\/v2\/pages\/2736\/revisions\/3037"}],"up":[{"embeddable":true,"href":"https:\/\/projects.madstudio.northwestern.edu\/bauhaus-and-beyond\/wp-json\/wp\/v2\/pages\/1784"}],"wp:attachment":[{"href":"https:\/\/projects.madstudio.northwestern.edu\/bauhaus-and-beyond\/wp-json\/wp\/v2\/media?parent=2736"}],"curies":[{"name":"wp","href":"https:\/\/api.w.org\/{rel}","templated":true}]}}