{"id":2842,"date":"2018-08-12T04:39:38","date_gmt":"2018-08-12T04:39:38","guid":{"rendered":"http:\/\/projects.madstudio.northwestern.edu\/bauhaus-and-beyond\/?page_id=2842"},"modified":"2018-08-16T15:24:50","modified_gmt":"2018-08-16T15:24:50","slug":"2842-2","status":"publish","type":"page","link":"https:\/\/projects.madstudio.northwestern.edu\/bauhaus-and-beyond\/studentenmagazin\/gebaude-in-chicago-und-umgebung\/2842-2\/","title":{"rendered":"Soldier Field: Geschichte, Kontroversen, und innovative Architektur in einem merkw\u00fcrdigen Stadion"},"content":{"rendered":"<p><span style=\"color: #800080;\"><em><strong>Soldier Field: Geschichte, Kontroversen, und innovative Architektur in einem merkw\u00fcrdigen Stadion<\/strong><\/em><\/span><br \/>\nvon Andrew Rowberg (Oktober 2012)<\/p>\n<p><a href=\"https:\/\/projects.madstudio.northwestern.edu\/bauhaus-and-beyond\/wp-content\/uploads\/2018\/08\/Screen-Shot-2018-08-10-at-7.45.26-PM.png\"><img loading=\"lazy\" decoding=\"async\" class=\"size-medium wp-image-2845 alignleft\" src=\"https:\/\/projects.madstudio.northwestern.edu\/bauhaus-and-beyond\/wp-content\/uploads\/2018\/08\/Screen-Shot-2018-08-10-at-7.45.26-PM-300x222.png\" alt=\"\" width=\"300\" height=\"222\" srcset=\"https:\/\/projects.madstudio.northwestern.edu\/bauhaus-and-beyond\/wp-content\/uploads\/2018\/08\/Screen-Shot-2018-08-10-at-7.45.26-PM-300x222.png 300w, https:\/\/projects.madstudio.northwestern.edu\/bauhaus-and-beyond\/wp-content\/uploads\/2018\/08\/Screen-Shot-2018-08-10-at-7.45.26-PM-768x567.png 768w, https:\/\/projects.madstudio.northwestern.edu\/bauhaus-and-beyond\/wp-content\/uploads\/2018\/08\/Screen-Shot-2018-08-10-at-7.45.26-PM-1024x756.png 1024w, https:\/\/projects.madstudio.northwestern.edu\/bauhaus-and-beyond\/wp-content\/uploads\/2018\/08\/Screen-Shot-2018-08-10-at-7.45.26-PM-542x400.png 542w, https:\/\/projects.madstudio.northwestern.edu\/bauhaus-and-beyond\/wp-content\/uploads\/2018\/08\/Screen-Shot-2018-08-10-at-7.45.26-PM.png 1224w\" sizes=\"auto, (max-width: 300px) 100vw, 300px\" \/><\/a>Wenn man den Herbst in Chicago verbringt, ist es fast eine Notwendigkeit, Soldier Field zu besuchen. Die Bears sind unter den erfolgreichsten Fu\u00dfballmannschaften des Landes, und ihre Spiele machen allen Zuschauern Spa\u00df, sowohl den Bears Fans als auch den Fans der anderen Mannschaften. W\u00e4hrend der anderen Jahreszeiten kann man auch zum Stadion gehen, um Konzerte zu h\u00f6ren und andere Veranstaltungen zu sehen. Man kann auch das Stadion w\u00e4hrend der Woche besuchen, wenn man ein bisschen mehr \u00fcber die Architektur und Geschichte des Geb\u00e4udes lernen will. Dieser Artikel kann so einen Besuch nicht ersetzen, aber hoffentlich wird der Leser etwas \u00fcber diese Struktur lernen und deshalb die allgemeine Chicago Architektur besser sch\u00e4tzen.<\/p>\n<p>Die Geschichte von Soldier Field (links) begann im Jahre 1919, als die Firma Holabird &amp; Roche begonnen hat, das Stadion zu entwerfen. Das Municipal Grant Park Stadium, wie das Geb\u00e4ude damals genannt wurde, sollte ein Denkmal f\u00fcr amerikanische Soldaten sein und wurde 1924 ge\u00f6ffnet. Nach einem Jahr wurde der Name offiziell Soldier Field, und in den n\u00e4chsten f\u00fcnfzig Jahren fanden Veranstaltungen wie Fu\u00dfballspiele und Reden darin statt. Zuletzt, im Jahre 1971 begannen die Bears, das Stadion f\u00fcr ihre Spiele zu nutzen, wie sie heutzutage machen. Ber\u00fchmte Leute wie Franklin Roosevelt und Billy Graham haben in Soldier Field gesprochen, und Musiker wie Johnny Cash, die Rolling Stones, und Bruce Springsteen sind darin aufgetreten. Weil Soldier Field wahrscheinlich der gr\u00f6\u00dfte Ort, der f\u00fcr so viele verschiedene Funktionen benutzt werden kann, in der wichtigen Stadt Chicago ist, hat man keinen Grund zu glauben, dass das Stadion in der Zukunft nicht f\u00fcr viele andere \u00e4hnliche Veranstaltungen benutzt werden wird.<\/p>\n<p><a href=\"https:\/\/projects.madstudio.northwestern.edu\/bauhaus-and-beyond\/wp-content\/uploads\/2018\/08\/Screen-Shot-2018-08-10-at-7.45.43-PM.png\"><img loading=\"lazy\" decoding=\"async\" class=\"size-medium wp-image-2846 alignright\" src=\"https:\/\/projects.madstudio.northwestern.edu\/bauhaus-and-beyond\/wp-content\/uploads\/2018\/08\/Screen-Shot-2018-08-10-at-7.45.43-PM-300x194.png\" alt=\"\" width=\"300\" height=\"194\" srcset=\"https:\/\/projects.madstudio.northwestern.edu\/bauhaus-and-beyond\/wp-content\/uploads\/2018\/08\/Screen-Shot-2018-08-10-at-7.45.43-PM-300x194.png 300w, https:\/\/projects.madstudio.northwestern.edu\/bauhaus-and-beyond\/wp-content\/uploads\/2018\/08\/Screen-Shot-2018-08-10-at-7.45.43-PM-768x495.png 768w, https:\/\/projects.madstudio.northwestern.edu\/bauhaus-and-beyond\/wp-content\/uploads\/2018\/08\/Screen-Shot-2018-08-10-at-7.45.43-PM-620x400.png 620w, https:\/\/projects.madstudio.northwestern.edu\/bauhaus-and-beyond\/wp-content\/uploads\/2018\/08\/Screen-Shot-2018-08-10-at-7.45.43-PM.png 958w\" sizes=\"auto, (max-width: 300px) 100vw, 300px\" \/><\/a>Die Architektur des Stadions ist auch ganz merkw\u00fcrdig. Die originelle Struktur von Holabird &amp; Roche wurde in einem alten griechischen-r\u00f6mischen Stil entworfen, und au\u00dferhalb des Stadions steht eine prunkvolle Kolonnade mit dorischen S\u00e4ulen (rechts). Als Soldier Field zuerst gebaut wurde, war diese Fassade der h\u00f6chste Teil des Geb\u00e4udes, das die Zuschauer an die Zeit der Gladiatorenk\u00e4mpfe in Rom erinnert. Obwohl die Fassade ganz alt scheint, wurde sie mit einem Stahlskelett gebaut, und wahrscheinlich wurden Beton und Terrakotta als Materialien benutzt.<\/p>\n<p>Zwischen 2001 und 2003 leitete Dirk Lohan, der Enkelsohn von Ludwig Mies van der Rohe, eine Renovierung des Stadions, damit es die Vorteile eines modernen Stadions bekommen konnte. Die historische Kolonnade wurde nicht ver\u00e4ndert, aber das echte Stadion wurde v\u00f6llig neugebaut, damit die Kolonnade jetzt nur ein kleines St\u00fcck des Geb\u00e4udes ist. Die neue Struktur verursachte viel Kontroversen in Chicago, weil viele Leute Soldier Field f\u00fcr ein historisches Geb\u00e4ude hielten, das gesch\u00fctzt werden sollte, und deswegen finden einige Menschen es noch etwas h\u00e4sslich. Ein Sportjournalist hat geschrieben, dass das neue Stadion aussieht, als ob ein \u201eRaumschiff&#8230;auf dem Parthenon gelandet ist.\u201c Andere Leute fanden die renovierte Version besser als zuvor, weil sie eine verbesserte Struktur und notwendige Elemente eines modernen Stadions hat. Lohans Version integriert h\u00f6here Sitzpl\u00e4tze, von denen die Zuschauer \u00fcberall die Aktion sehen k\u00f6nnen, und die neuen Auskragungen stehen mehr als 60 F\u00fc\u00dfe \u00fcber den alten Fassaden. Diese neuen Elemente wurden unten mit Betonfertigteilen gesch\u00fctzt, und andere moderne Techniken wurden auch benutzt, um eine bequeme Atmosph\u00e4re f\u00fcr alle Leute herzustellen.<\/p>\n<p>Soldier Field ist auch modern in dem Sinn, dass Umweltfreundlichkeit im Zentrum steht. Dieses Jahr bekam das Stadion ein LEED-Zertifikat, das zeigt, dass es auf seine Verschwendung von Stoffen und Energienutzung aufpasst. Soldier Field hat ein besonders gro\u00dfes Programm f\u00fcr Recycleln: sowohl Flaschen und Dosen als auch verschiedene verlorene Objekten wie Handys und Brillen werden zusammengebracht und recycelt, um des Stadions Auswirkungen auf die Umwelt zu verringern. Bis jetzt ist Soldier Field das einzige NFL Stadion, das ein LEED-Zertifikat bekommen hat.<\/p>\n<p>Soldier Field ist vielleicht eins der merw\u00fcrdigsten Stadien, in denen amerikanischer Fu\u00dfball gespielt wird. Es steht in der Mitte eines Parks neben dem See, und die Struktur zeigt einen gro\u00dfen Kontrast zwischen verschiedenen Zeitperioden. Au\u00dferhalb des Stadions steht die altmodische Fassade, die eine griechische oder r\u00f6mische Kolonnade integriert, von dem originellen Geb\u00e4ude, und innen steht jetzt eine massive Struktur mit hohen Sitzpl\u00e4tzen oberhalb der alten Teile. Dieser Form folgt effektiv die Funktion eines Sportstadions, weil viele Leute darin sitzen und ein Spiel oder Konzert bequem sehen k\u00f6nnen. Obwohl es eigentlich das kleinste NFL Stadion ist, ist Soldier Field auch vielleicht eins der Innovativsten und Interessantesten. Wenn man viel Zeit in Chicago verbringt, w\u00e4re es ein Fehler, nicht mindestens einmal zu Soldier Field zu gehen.<\/p>\n<p>&nbsp;&nbsp;&nbsp;&nbsp;&nbsp;&nbsp;&nbsp;&nbsp;&nbsp;&nbsp;&nbsp;<\/p>\n","protected":false},"excerpt":{"rendered":"<p>Soldier Field: Geschichte, Kontroversen, und innovative Architektur in einem merkw\u00fcrdigen Stadion von Andrew Rowberg (Oktober 2012) Wenn man den Herbst in Chicago verbringt, ist es fast eine Notwendigkeit, Soldier Field zu besuchen. Die Bears sind unter den erfolgreichsten Fu\u00dfballmannschaften des Landes, und ihre Spiele machen allen Zuschauern Spa\u00df, sowohl den Bears Fans als auch den [&hellip;]<\/p>\n","protected":false},"author":4,"featured_media":0,"parent":1790,"menu_order":0,"comment_status":"closed","ping_status":"closed","template":"","meta":{"footnotes":""},"class_list":["post-2842","page","type-page","status-publish","hentry"],"_links":{"self":[{"href":"https:\/\/projects.madstudio.northwestern.edu\/bauhaus-and-beyond\/wp-json\/wp\/v2\/pages\/2842","targetHints":{"allow":["GET"]}}],"collection":[{"href":"https:\/\/projects.madstudio.northwestern.edu\/bauhaus-and-beyond\/wp-json\/wp\/v2\/pages"}],"about":[{"href":"https:\/\/projects.madstudio.northwestern.edu\/bauhaus-and-beyond\/wp-json\/wp\/v2\/types\/page"}],"author":[{"embeddable":true,"href":"https:\/\/projects.madstudio.northwestern.edu\/bauhaus-and-beyond\/wp-json\/wp\/v2\/users\/4"}],"replies":[{"embeddable":true,"href":"https:\/\/projects.madstudio.northwestern.edu\/bauhaus-and-beyond\/wp-json\/wp\/v2\/comments?post=2842"}],"version-history":[{"count":4,"href":"https:\/\/projects.madstudio.northwestern.edu\/bauhaus-and-beyond\/wp-json\/wp\/v2\/pages\/2842\/revisions"}],"predecessor-version":[{"id":2848,"href":"https:\/\/projects.madstudio.northwestern.edu\/bauhaus-and-beyond\/wp-json\/wp\/v2\/pages\/2842\/revisions\/2848"}],"up":[{"embeddable":true,"href":"https:\/\/projects.madstudio.northwestern.edu\/bauhaus-and-beyond\/wp-json\/wp\/v2\/pages\/1790"}],"wp:attachment":[{"href":"https:\/\/projects.madstudio.northwestern.edu\/bauhaus-and-beyond\/wp-json\/wp\/v2\/media?parent=2842"}],"curies":[{"name":"wp","href":"https:\/\/api.w.org\/{rel}","templated":true}]}}