{"id":2861,"date":"2018-08-12T05:33:43","date_gmt":"2018-08-12T05:33:43","guid":{"rendered":"http:\/\/projects.madstudio.northwestern.edu\/bauhaus-and-beyond\/?page_id=2861"},"modified":"2018-08-12T05:34:02","modified_gmt":"2018-08-12T05:34:02","slug":"lake-point-tower-chicago","status":"publish","type":"page","link":"https:\/\/projects.madstudio.northwestern.edu\/bauhaus-and-beyond\/studentenmagazin\/gebaude-in-chicago-und-umgebung\/lake-point-tower-chicago\/","title":{"rendered":"Lake Point Tower Chicago"},"content":{"rendered":"<p style=\"text-align: center;\"><span style=\"color: #008000;\"><strong><em>Der Lake Point Tower &#8211; ein elegantes Symbol f\u00fcr Chicago<\/em><\/strong><\/span><br \/>\nvon Cosima Lenz (November 2012)<\/p>\n<p><a href=\"https:\/\/projects.madstudio.northwestern.edu\/bauhaus-and-beyond\/wp-content\/uploads\/2018\/08\/Screen-Shot-2018-08-12-at-12.24.11-AM.png\"><img loading=\"lazy\" decoding=\"async\" class=\"size-medium wp-image-2866 aligncenter\" src=\"https:\/\/projects.madstudio.northwestern.edu\/bauhaus-and-beyond\/wp-content\/uploads\/2018\/08\/Screen-Shot-2018-08-12-at-12.24.11-AM-300x224.png\" alt=\"\" width=\"300\" height=\"224\" srcset=\"https:\/\/projects.madstudio.northwestern.edu\/bauhaus-and-beyond\/wp-content\/uploads\/2018\/08\/Screen-Shot-2018-08-12-at-12.24.11-AM-300x224.png 300w, https:\/\/projects.madstudio.northwestern.edu\/bauhaus-and-beyond\/wp-content\/uploads\/2018\/08\/Screen-Shot-2018-08-12-at-12.24.11-AM-768x573.png 768w, https:\/\/projects.madstudio.northwestern.edu\/bauhaus-and-beyond\/wp-content\/uploads\/2018\/08\/Screen-Shot-2018-08-12-at-12.24.11-AM-1024x763.png 1024w, https:\/\/projects.madstudio.northwestern.edu\/bauhaus-and-beyond\/wp-content\/uploads\/2018\/08\/Screen-Shot-2018-08-12-at-12.24.11-AM-537x400.png 537w, https:\/\/projects.madstudio.northwestern.edu\/bauhaus-and-beyond\/wp-content\/uploads\/2018\/08\/Screen-Shot-2018-08-12-at-12.24.11-AM.png 1572w\" sizes=\"auto, (max-width: 300px) 100vw, 300px\" \/><\/a><\/p>\n<p style=\"text-align: center;\">i.imgur.com\/gwILPQp.jpg<\/p>\n<p>Ich habe mich f\u00fcr den Lake Point Tower in Chicago entschieden, weil dieses Geb\u00e4ude einen besonderen Eindruck auf mich gemacht hat, als ich zum ersten mal nach Chicago kam. Seitdem verbinde ich dieses Geb\u00e4ude mit der Stadt Chicago. Der Lake Point Tower wurde 1968&nbsp; an der K\u00fcste von Lake Michigan gebaut. Die Architekten waren John Heinrich und George Schipporeit. Dieses Projekt war der erste Auftrag, den diese Architekten erhalten haben. Beide waren Sch\u00fcler von Mies van der Rohe. Die Einfl\u00fcsse, die die Prinzipien von Mies und daem Bauhaus auf die Architektur des Geb\u00e4udes hatten, sind interessant zu sehen.<\/p>\n<p><a href=\"https:\/\/projects.madstudio.northwestern.edu\/bauhaus-and-beyond\/wp-content\/uploads\/2018\/08\/Screen-Shot-2018-08-12-at-12.21.38-AM.png\"><img loading=\"lazy\" decoding=\"async\" class=\"size-medium wp-image-2863 alignleft\" src=\"https:\/\/projects.madstudio.northwestern.edu\/bauhaus-and-beyond\/wp-content\/uploads\/2018\/08\/Screen-Shot-2018-08-12-at-12.21.38-AM-181x300.png\" alt=\"\" width=\"181\" height=\"300\" srcset=\"https:\/\/projects.madstudio.northwestern.edu\/bauhaus-and-beyond\/wp-content\/uploads\/2018\/08\/Screen-Shot-2018-08-12-at-12.21.38-AM-181x300.png 181w, https:\/\/projects.madstudio.northwestern.edu\/bauhaus-and-beyond\/wp-content\/uploads\/2018\/08\/Screen-Shot-2018-08-12-at-12.21.38-AM-768x1271.png 768w, https:\/\/projects.madstudio.northwestern.edu\/bauhaus-and-beyond\/wp-content\/uploads\/2018\/08\/Screen-Shot-2018-08-12-at-12.21.38-AM-619x1024.png 619w, https:\/\/projects.madstudio.northwestern.edu\/bauhaus-and-beyond\/wp-content\/uploads\/2018\/08\/Screen-Shot-2018-08-12-at-12.21.38-AM-242x400.png 242w, https:\/\/projects.madstudio.northwestern.edu\/bauhaus-and-beyond\/wp-content\/uploads\/2018\/08\/Screen-Shot-2018-08-12-at-12.21.38-AM.png 852w\" sizes=\"auto, (max-width: 181px) 100vw, 181px\" \/><\/a>Eine der sichtbaren \u00c4hnlichkeiten mit Mies war, dass es in dem Internationalen Stil gebaut wurde. Das Geb\u00e4ude ist ein Wohnhochhaus und hat 70 Stockwerke, und weil das Geb\u00e4ude direkt am Wasser liegt, haben die Zimmer herrliche Aussichten nach allen Seiten. Das Geb\u00e4ude wurde in einem innovativen Design gebaut. Wegen der Modernit\u00e4t des Design wurde das Geb\u00e4ude, als es fertig gebaut war,&nbsp; als sehr modern gesehen, und heute wird es als historisch und modern gesehen. Es wurde mit drei flie\u00dfend ineinander \u00fcbergehenden Fl\u00fcgeln gebaut, und aus der Vogelperspektive sieht es wie ein dreibl\u00e4ttriges Kleeblatt aus. In der Mitte der drei Fl\u00fcgel ist ein gro\u00dfer dreieckiger Kern, der das ganze vertikale Gewicht des Geb\u00e4udes aufrecht h\u00e4lt.<\/p>\n<p>Urspr\u00fcnglich sollte das Geb\u00e4ude mit vier Fl\u00fcgeln gebaut werden, aber es wurden drei, alle 120 Grad auseinander. Diese Konstruktion sorgt daf\u00fcr, dass die Bewohner nicht in die Apartments ihrer Nachbarn hineingucken k\u00f6nnen. Die Fassade des Geb\u00e4udes ist ganz einfach, ohne Ornamente. Dieser Teil der Architektur reflektiert die Prinzipien von Mies, weil er \u201c weniger ist mehr\u201d gesagt hat. Die Fassade ist eine schwarze Curtain Wall, aber wenn die Sonne das Wasser am See reflektiert, sieht es wie Gold aus. Die Fenster sind mit Bronze get\u00f6nt und rechteckig. Der Kontrast zwischen der flie\u00dfenden Natur der Konstruktion und den geradlinigen, rechteckigen Fenstern erstellt ein ansprechend Geb\u00e4ude.&nbsp;<\/p>\n<p>Das Design f\u00fcr Lake Point Tower wurde vielleicht von dem Design von Mies van der Rohe 1922 f\u00fcr ein Glas-Vorhang Hochhaus in Berlin inspiriert. Der Lake Point Tower ist aber viel gr\u00f6\u00dfer als das Geb\u00e4ude, das Mies entworfen hatte. Zwischen 1968 bis 1971 war Lake Point Tower der h\u00f6chste Stahlbetonbau der Welt, bis die One Shell Plaza&nbsp; in Housten, Texas, gebaut wurde. Die Architekten haben die Entwickler \u00fcberzeugt, ein h\u00f6heres Geb\u00e4ude zu bauen, weil sie mehr Platz wollten f\u00fcr den Park, der das Geb\u00e4ude umgibt. Auf dem Dach des <a href=\"https:\/\/projects.madstudio.northwestern.edu\/bauhaus-and-beyond\/wp-content\/uploads\/2018\/08\/Screen-Shot-2018-08-10-at-7.51.05-PM.png\"><img loading=\"lazy\" decoding=\"async\" class=\"size-medium wp-image-2862 alignleft\" src=\"https:\/\/projects.madstudio.northwestern.edu\/bauhaus-and-beyond\/wp-content\/uploads\/2018\/08\/Screen-Shot-2018-08-10-at-7.51.05-PM-300x237.png\" alt=\"\" width=\"300\" height=\"237\" srcset=\"https:\/\/projects.madstudio.northwestern.edu\/bauhaus-and-beyond\/wp-content\/uploads\/2018\/08\/Screen-Shot-2018-08-10-at-7.51.05-PM-300x237.png 300w, https:\/\/projects.madstudio.northwestern.edu\/bauhaus-and-beyond\/wp-content\/uploads\/2018\/08\/Screen-Shot-2018-08-10-at-7.51.05-PM-768x608.png 768w, https:\/\/projects.madstudio.northwestern.edu\/bauhaus-and-beyond\/wp-content\/uploads\/2018\/08\/Screen-Shot-2018-08-10-at-7.51.05-PM-505x400.png 505w, https:\/\/projects.madstudio.northwestern.edu\/bauhaus-and-beyond\/wp-content\/uploads\/2018\/08\/Screen-Shot-2018-08-10-at-7.51.05-PM.png 796w\" sizes=\"auto, (max-width: 300px) 100vw, 300px\" \/><\/a>Geb\u00e4udes hat Alfred Caldwell die G\u00e4rten entworfen. Auf dem Dach gibt es auch einen Spielplatz f\u00fcr die Kinder, die in dem Geb\u00e4ude wohnen. Die&nbsp;&nbsp;&nbsp;&nbsp; Innenarchitektur reflektiert die Au\u00dfenseite des Geb\u00e4udes. Die Simplizit\u00e4t und Konzentration auf die Details spiegeln die Mottos von Mies wider. Die Wohnungen und die Lobby sind ganz einfach gebaut. Sie haben viel Platz, sind aus schwarzem Stahl angefertigt, und haben viele, viele Fenstern. Die vielen Fenster lassen viel nat\u00fcrliches Licht in die R\u00e4ume. Mit diesem Licht ist die Atmosph\u00e4re sehr angenehm und warm.<\/p>\n<p>Lake Point Tower ist f\u00fcr mich ein Symbol von Chicago,&nbsp; und es ist einer meiner Lieblingsgeb\u00e4ude in der Stadt.<\/p>\n","protected":false},"excerpt":{"rendered":"<p>Der Lake Point Tower &#8211; ein elegantes Symbol f\u00fcr Chicago von Cosima Lenz (November 2012) i.imgur.com\/gwILPQp.jpg Ich habe mich f\u00fcr den Lake Point Tower in Chicago entschieden, weil dieses Geb\u00e4ude einen besonderen Eindruck auf mich gemacht hat, als ich zum ersten mal nach Chicago kam. Seitdem verbinde ich dieses Geb\u00e4ude mit der Stadt Chicago. Der [&hellip;]<\/p>\n","protected":false},"author":4,"featured_media":0,"parent":1790,"menu_order":0,"comment_status":"closed","ping_status":"closed","template":"","meta":{"footnotes":""},"class_list":["post-2861","page","type-page","status-publish","hentry"],"_links":{"self":[{"href":"https:\/\/projects.madstudio.northwestern.edu\/bauhaus-and-beyond\/wp-json\/wp\/v2\/pages\/2861","targetHints":{"allow":["GET"]}}],"collection":[{"href":"https:\/\/projects.madstudio.northwestern.edu\/bauhaus-and-beyond\/wp-json\/wp\/v2\/pages"}],"about":[{"href":"https:\/\/projects.madstudio.northwestern.edu\/bauhaus-and-beyond\/wp-json\/wp\/v2\/types\/page"}],"author":[{"embeddable":true,"href":"https:\/\/projects.madstudio.northwestern.edu\/bauhaus-and-beyond\/wp-json\/wp\/v2\/users\/4"}],"replies":[{"embeddable":true,"href":"https:\/\/projects.madstudio.northwestern.edu\/bauhaus-and-beyond\/wp-json\/wp\/v2\/comments?post=2861"}],"version-history":[{"count":2,"href":"https:\/\/projects.madstudio.northwestern.edu\/bauhaus-and-beyond\/wp-json\/wp\/v2\/pages\/2861\/revisions"}],"predecessor-version":[{"id":2868,"href":"https:\/\/projects.madstudio.northwestern.edu\/bauhaus-and-beyond\/wp-json\/wp\/v2\/pages\/2861\/revisions\/2868"}],"up":[{"embeddable":true,"href":"https:\/\/projects.madstudio.northwestern.edu\/bauhaus-and-beyond\/wp-json\/wp\/v2\/pages\/1790"}],"wp:attachment":[{"href":"https:\/\/projects.madstudio.northwestern.edu\/bauhaus-and-beyond\/wp-json\/wp\/v2\/media?parent=2861"}],"curies":[{"name":"wp","href":"https:\/\/api.w.org\/{rel}","templated":true}]}}