{"id":2950,"date":"2018-08-16T16:31:36","date_gmt":"2018-08-16T16:31:36","guid":{"rendered":"http:\/\/projects.madstudio.northwestern.edu\/bauhaus-and-beyond\/?page_id=2950"},"modified":"2018-08-16T16:51:32","modified_gmt":"2018-08-16T16:51:32","slug":"patten-ein-historischer-sportplatz","status":"publish","type":"page","link":"https:\/\/projects.madstudio.northwestern.edu\/bauhaus-and-beyond\/studentenmagazin\/northwestern-universitat-campus\/patten-ein-historischer-sportplatz\/","title":{"rendered":"Patten &#8211; ein historischer Sportplatz"},"content":{"rendered":"<p><span style=\"color: #008000;\"><em><strong>Patten \u2013 ein historischer Sportplatz<\/strong> <\/em><\/span><br \/>\nvon Felicitas Lenz (Oktober 2012)<\/p>\n<p><a href=\"https:\/\/projects.madstudio.northwestern.edu\/bauhaus-and-beyond\/wp-content\/uploads\/2018\/08\/Screen-Shot-2018-08-10-at-8.12.14-PM.png\"><img loading=\"lazy\" decoding=\"async\" class=\"size-medium wp-image-2954 aligncenter\" src=\"https:\/\/projects.madstudio.northwestern.edu\/bauhaus-and-beyond\/wp-content\/uploads\/2018\/08\/Screen-Shot-2018-08-10-at-8.12.14-PM-300x225.png\" alt=\"\" width=\"300\" height=\"225\" srcset=\"https:\/\/projects.madstudio.northwestern.edu\/bauhaus-and-beyond\/wp-content\/uploads\/2018\/08\/Screen-Shot-2018-08-10-at-8.12.14-PM-300x225.png 300w, https:\/\/projects.madstudio.northwestern.edu\/bauhaus-and-beyond\/wp-content\/uploads\/2018\/08\/Screen-Shot-2018-08-10-at-8.12.14-PM.png 480w\" sizes=\"auto, (max-width: 300px) 100vw, 300px\" \/><\/a><br \/>\nPatten&nbsp;Gymnasium, ein elegantes historische&nbsp;Geb\u00e4ude, liegt im Norden des&nbsp;Northwestern Universit\u00e4tsgelaendes. Viele Studenten wissen nichts&nbsp;\u00fcber Patten, weil es im Vergleich zu den anderen Sporthallen der&nbsp;Universit\u00e4t&nbsp;ziemlich klein ist. Aber 1939 fand das erste NCAA Basketball Turnier&nbsp;f\u00fcr M\u00e4nner&nbsp;in&nbsp;Patten&nbsp;statt und&nbsp;Patten ist jezt der Treffpunkt der Fechtmannschaft Northwesterns.<\/p>\n<p><a href=\"https:\/\/projects.madstudio.northwestern.edu\/bauhaus-and-beyond\/wp-content\/uploads\/2018\/08\/Screen-Shot-2018-08-10-at-8.12.37-PM.png\"><img loading=\"lazy\" decoding=\"async\" class=\"size-medium wp-image-2958 alignleft\" src=\"https:\/\/projects.madstudio.northwestern.edu\/bauhaus-and-beyond\/wp-content\/uploads\/2018\/08\/Screen-Shot-2018-08-10-at-8.12.37-PM-300x221.png\" alt=\"\" width=\"300\" height=\"221\" srcset=\"https:\/\/projects.madstudio.northwestern.edu\/bauhaus-and-beyond\/wp-content\/uploads\/2018\/08\/Screen-Shot-2018-08-10-at-8.12.37-PM-300x221.png 300w, https:\/\/projects.madstudio.northwestern.edu\/bauhaus-and-beyond\/wp-content\/uploads\/2018\/08\/Screen-Shot-2018-08-10-at-8.12.37-PM.png 508w\" sizes=\"auto, (max-width: 300px) 100vw, 300px\" \/><\/a>Patten&nbsp;wurde zwei Mal gebaut, erst 1909 und dann wieder 30 Jahre&nbsp;sp\u00e4ter. Der&nbsp;Architekt von&nbsp;Swift&nbsp;Hall, George&nbsp;Maher, hat das&nbsp;orginielle Patten Gym, mit Einfluss der&nbsp;Prairie&nbsp;Schule Stil, 1909, entworfen. Mit dem Bau von&nbsp;Patten&nbsp;griff&nbsp;Maher&nbsp;auf die&nbsp;Prairie&nbsp;Schule Eigenschaften, besonders gerade Linien, Symmetrie, geometrische&nbsp;Ornamentik, und den Gebrauch von Stein&nbsp;zur\u00fcck. Das damalige&nbsp;Patten Gym&nbsp;bestand aus einem runden Dach und einer Fassade mit drei einfachen rechteckigen Fenstern, drei schwarzen Tueren, und&nbsp;kreisf\u00f6rmiger Ornamentik. Das&nbsp;originelle Geb\u00e4ude&nbsp;wurde abgerissen und die neue Architekten,&nbsp;Holabird&nbsp;und&nbsp;Root, haben 1939 eine&nbsp;Integrierung&nbsp;des gotischen Stils der&nbsp;Universit\u00e4t&nbsp;mit dem geplanten&nbsp;Tech&nbsp;Institut vorgestellt.&nbsp;Spuren&nbsp;der&nbsp;Gotik&nbsp;enthalten aber noch immer die Fenster und die&nbsp;Spitzb\u00f6gen.<\/p>\n<p><a href=\"https:\/\/projects.madstudio.northwestern.edu\/bauhaus-and-beyond\/wp-content\/uploads\/2018\/08\/Screen-Shot-2018-08-10-at-8.12.43-PM.png\"><img loading=\"lazy\" decoding=\"async\" class=\"size-medium wp-image-2959 alignright\" src=\"https:\/\/projects.madstudio.northwestern.edu\/bauhaus-and-beyond\/wp-content\/uploads\/2018\/08\/Screen-Shot-2018-08-10-at-8.12.43-PM-300x221.png\" alt=\"\" width=\"300\" height=\"221\" srcset=\"https:\/\/projects.madstudio.northwestern.edu\/bauhaus-and-beyond\/wp-content\/uploads\/2018\/08\/Screen-Shot-2018-08-10-at-8.12.43-PM-300x221.png 300w, https:\/\/projects.madstudio.northwestern.edu\/bauhaus-and-beyond\/wp-content\/uploads\/2018\/08\/Screen-Shot-2018-08-10-at-8.12.43-PM.png 476w\" sizes=\"auto, (max-width: 300px) 100vw, 300px\" \/><\/a>Die Verkleidung besteht aus verschiedenen&nbsp;grossen&nbsp;Ziegeln aus&nbsp;Lannon. Obwohl die Fassade aus der Ferne schlicht erscheint, sind die Ziegel grob und steinig. Das flache Dach,&nbsp;rechtwinklige Geb\u00e4ude, und wenig Ornamentik&nbsp;erinnert mich an den Internationalen Stil und an den Baushaus Stil. Die zwei Herman&nbsp;McNeil&nbsp;Skulpturen, treffend&nbsp;Pat&nbsp;n\u2019 Jim genannt, stehen beide am Rande des Endes des Treppenaufgangs und in Verbindung mit den drei massiven&nbsp;Spitzb\u00f6gen tragen&nbsp;zu einer klassischen Stimmung bei, so wie der Eingang eines griechischen Tempels. Die&nbsp;Au\u00dfenseite&nbsp;des schlichten aber&nbsp;sch\u00f6nen Geb\u00e4udes&nbsp;fasst auch die Natur im Entwurf zusammen. \u00d6fters&nbsp;ist die Fassade mit Efeu abgedeckt.&nbsp;Patten Gym&nbsp;befindet sich&nbsp;gegen\u00fcber&nbsp;einer Wiese und in der&nbsp;N\u00e4he&nbsp;vom See. Die drei riesigen&nbsp;Spitzb\u00f6gen&nbsp;am Eingang dienen als Rahmen&nbsp;f\u00fcr&nbsp;die&nbsp;B\u00e4ume&nbsp;in der Umgebung.&nbsp;<\/p>\n<p><a href=\"https:\/\/projects.madstudio.northwestern.edu\/bauhaus-and-beyond\/wp-content\/uploads\/2018\/08\/Screen-Shot-2018-08-10-at-8.12.31-PM.png\"><img loading=\"lazy\" decoding=\"async\" class=\"size-medium wp-image-2957 alignleft\" src=\"https:\/\/projects.madstudio.northwestern.edu\/bauhaus-and-beyond\/wp-content\/uploads\/2018\/08\/Screen-Shot-2018-08-10-at-8.12.31-PM-300x224.png\" alt=\"\" width=\"300\" height=\"224\" srcset=\"https:\/\/projects.madstudio.northwestern.edu\/bauhaus-and-beyond\/wp-content\/uploads\/2018\/08\/Screen-Shot-2018-08-10-at-8.12.31-PM-300x224.png 300w, https:\/\/projects.madstudio.northwestern.edu\/bauhaus-and-beyond\/wp-content\/uploads\/2018\/08\/Screen-Shot-2018-08-10-at-8.12.31-PM.png 442w\" sizes=\"auto, (max-width: 300px) 100vw, 300px\" \/><\/a>Au\u00dfer&nbsp;einer&nbsp;\u00e4sthetischen Au\u00dfenseite erf\u00fcllt&nbsp;die Innenarchitektur&nbsp;Pattens&nbsp;den Zweck einer Sportanlage.&nbsp;Patten&nbsp;bietet Studenten drei&nbsp;Mehrzwecksporthallen, Zimmer&nbsp;f\u00fcr&nbsp;Gewichtheben, Umkleidekabinen, und ein Golfzimmer an. Das&nbsp;Geb\u00e4ude&nbsp;von 1939 hatte damals auch einen Schwimmbad und einen&nbsp;Schiessplatz&nbsp;im Untergeschoss, aber die wurden beide abgebaut. Heute deutet die Eingangshalle,&nbsp;au\u00dfer&nbsp;dem Rest der&nbsp;Siegeszeichenkasten, die ehemalige Pracht des Zimmers nicht an. Dazu sieht die Eingangshalle wie ein normales&nbsp;Trainungszentrum&nbsp;aus, aber das&nbsp;gro\u00dfe&nbsp;Portrait mit den Goldrahmen von dem ehemaligen&nbsp;B\u00fcrgermeister Evanstons James Patten macht die Menschen auf die Geschichte der&nbsp;Geb\u00e4ude&nbsp;ein bisschen aufmerksam. Charakteristische Merkmale der Sporthalle beinhalten die hohe Decke und die rostigen Balken mit dem&nbsp;d\u00e4mmrigen aufgeh\u00e4ngten&nbsp;Licht damit auch das&nbsp;nat\u00fcrliche&nbsp;Licht, dass von den rechteckigen Fenstern kommt.<\/p>\n<p><a href=\"https:\/\/projects.madstudio.northwestern.edu\/bauhaus-and-beyond\/wp-content\/uploads\/2018\/08\/Screen-Shot-2018-08-10-at-8.12.25-PM.png\"><img loading=\"lazy\" decoding=\"async\" class=\"size-medium wp-image-2956 alignleft\" src=\"https:\/\/projects.madstudio.northwestern.edu\/bauhaus-and-beyond\/wp-content\/uploads\/2018\/08\/Screen-Shot-2018-08-10-at-8.12.25-PM-300x225.png\" alt=\"\" width=\"300\" height=\"225\" srcset=\"https:\/\/projects.madstudio.northwestern.edu\/bauhaus-and-beyond\/wp-content\/uploads\/2018\/08\/Screen-Shot-2018-08-10-at-8.12.25-PM-300x225.png 300w, https:\/\/projects.madstudio.northwestern.edu\/bauhaus-and-beyond\/wp-content\/uploads\/2018\/08\/Screen-Shot-2018-08-10-at-8.12.25-PM.png 430w\" sizes=\"auto, (max-width: 300px) 100vw, 300px\" \/><\/a>Obwohl moderne Architektur sehr beliebt ist, ist es toll, meiner Meinung nach, dass&nbsp;Patten Gym&nbsp;als historisches&nbsp;Geb\u00e4ude gesch\u00fctzt&nbsp;ist. Damit&nbsp;d\u00fcrfen&nbsp;Studenten der&nbsp;Northwestern Universit\u00e4t&nbsp;diese tollen&nbsp;Einfl\u00fcsse&nbsp;des 20. Jahrhunderts selber&nbsp;genie\u00dfen.<\/p>\n<p>&nbsp;<\/p>\n<p><a href=\"https:\/\/projects.madstudio.northwestern.edu\/bauhaus-and-beyond\/wp-content\/uploads\/2018\/08\/Screen-Shot-2018-08-10-at-8.12.21-PM.png\"><img loading=\"lazy\" decoding=\"async\" class=\"size-medium wp-image-2955 aligncenter\" src=\"https:\/\/projects.madstudio.northwestern.edu\/bauhaus-and-beyond\/wp-content\/uploads\/2018\/08\/Screen-Shot-2018-08-10-at-8.12.21-PM-223x300.png\" alt=\"\" width=\"223\" height=\"300\" srcset=\"https:\/\/projects.madstudio.northwestern.edu\/bauhaus-and-beyond\/wp-content\/uploads\/2018\/08\/Screen-Shot-2018-08-10-at-8.12.21-PM-223x300.png 223w, https:\/\/projects.madstudio.northwestern.edu\/bauhaus-and-beyond\/wp-content\/uploads\/2018\/08\/Screen-Shot-2018-08-10-at-8.12.21-PM.png 274w\" sizes=\"auto, (max-width: 223px) 100vw, 223px\" \/><\/a><\/p>\n<p>&nbsp;<\/p>\n","protected":false},"excerpt":{"rendered":"<p>Patten \u2013 ein historischer Sportplatz von Felicitas Lenz (Oktober 2012) Patten&nbsp;Gymnasium, ein elegantes historische&nbsp;Geb\u00e4ude, liegt im Norden des&nbsp;Northwestern Universit\u00e4tsgelaendes. Viele Studenten wissen nichts&nbsp;\u00fcber Patten, weil es im Vergleich zu den anderen Sporthallen der&nbsp;Universit\u00e4t&nbsp;ziemlich klein ist. Aber 1939 fand das erste NCAA Basketball Turnier&nbsp;f\u00fcr M\u00e4nner&nbsp;in&nbsp;Patten&nbsp;statt und&nbsp;Patten ist jezt der Treffpunkt der Fechtmannschaft Northwesterns. Patten&nbsp;wurde zwei Mal [&hellip;]<\/p>\n","protected":false},"author":4,"featured_media":0,"parent":1784,"menu_order":0,"comment_status":"closed","ping_status":"closed","template":"","meta":{"footnotes":""},"class_list":["post-2950","page","type-page","status-publish","hentry"],"_links":{"self":[{"href":"https:\/\/projects.madstudio.northwestern.edu\/bauhaus-and-beyond\/wp-json\/wp\/v2\/pages\/2950","targetHints":{"allow":["GET"]}}],"collection":[{"href":"https:\/\/projects.madstudio.northwestern.edu\/bauhaus-and-beyond\/wp-json\/wp\/v2\/pages"}],"about":[{"href":"https:\/\/projects.madstudio.northwestern.edu\/bauhaus-and-beyond\/wp-json\/wp\/v2\/types\/page"}],"author":[{"embeddable":true,"href":"https:\/\/projects.madstudio.northwestern.edu\/bauhaus-and-beyond\/wp-json\/wp\/v2\/users\/4"}],"replies":[{"embeddable":true,"href":"https:\/\/projects.madstudio.northwestern.edu\/bauhaus-and-beyond\/wp-json\/wp\/v2\/comments?post=2950"}],"version-history":[{"count":4,"href":"https:\/\/projects.madstudio.northwestern.edu\/bauhaus-and-beyond\/wp-json\/wp\/v2\/pages\/2950\/revisions"}],"predecessor-version":[{"id":2962,"href":"https:\/\/projects.madstudio.northwestern.edu\/bauhaus-and-beyond\/wp-json\/wp\/v2\/pages\/2950\/revisions\/2962"}],"up":[{"embeddable":true,"href":"https:\/\/projects.madstudio.northwestern.edu\/bauhaus-and-beyond\/wp-json\/wp\/v2\/pages\/1784"}],"wp:attachment":[{"href":"https:\/\/projects.madstudio.northwestern.edu\/bauhaus-and-beyond\/wp-json\/wp\/v2\/media?parent=2950"}],"curies":[{"name":"wp","href":"https:\/\/api.w.org\/{rel}","templated":true}]}}