{"id":2968,"date":"2018-08-16T21:57:35","date_gmt":"2018-08-16T21:57:35","guid":{"rendered":"http:\/\/projects.madstudio.northwestern.edu\/bauhaus-and-beyond\/?page_id=2968"},"modified":"2018-08-16T22:00:10","modified_gmt":"2018-08-16T22:00:10","slug":"2968-2","status":"publish","type":"page","link":"https:\/\/projects.madstudio.northwestern.edu\/bauhaus-and-beyond\/studentenmagazin\/northwestern-universitat-campus\/2968-2\/","title":{"rendered":"Die Dearborn Sternwarte"},"content":{"rendered":"<p><span style=\"color: #ff6600;\"><em><strong>Die Dearborn Sternwarte und ihre historische Bedeutung<\/strong><\/em><\/span><br \/>\nvon Stefan Falstauer (Oktober 2012)<\/p>\n<p>Die Geschichte der Dearborn Sternwarte an der Northwestern University begann mit dem Bau eine 18.5\u201c Linse f\u00fcr ein Teleskop, das damals das gr\u00f6\u00dfte Linsenfernrohr der Welt war. Frederick Augustus Porter Barnard wollte eine Sternwarte bauen mit der neu geschaffenen Linse, aber der Amerikanische B\u00fcrgerkrieg begann bevor die Linse an die University of Mississippi gebracht werden konnte. So blieb die Linse in Cambridge und wurde zum Verkauf angeboten.<\/p>\n<p>Die Linse wurde dann von Thomas Hoyne, einem Gr\u00fcndungsmitglied der Chicago Astronomical Society, f\u00fcr die Summe von $11,187 gekauft. Die Chicago Astronomical Society gab die Linse der Alten Universit\u00e4t von Chicago, und ein Turm wurde um die Linse gebaut. Diese Struktur erhielt den Namen Dearborn Sternwarte (Dearborn Observatory), von Mary Ann Haven Dearborn, der Frau von J. Young Scammon, dem wichtigsten Geldgeber des Projekts.<\/p>\n<p>Der Bau der Sternwarte begann 1863 und wurde zwei Jahre sp\u00e4ter abgeschlossen. Allerdings ging die Alte Universit\u00e4t von Chicago im Jahr 1881, bankrott und verlor die Dearborn Sternwarte an die Chicago Astronomical Society.<\/p>\n<p>Im Jahr 1887 unterzeichnete die Chicago Astronomical Society einen Vertrag mit der Northwestern University, um das Teleskop nach Evanston zu bringen. Eine neue Sternwarte wurde um das Teleskop auf dem Evanston Campus gebaut. Das Astronomical Society-Mitglied und der Northwesterner James B. Hobbs finanzierte das Projekt. Die neue Sternwarte wurde von Cobb und Frost, einer Architekturfirma entworfen.<\/p>\n<p>Die Struktur besteht aus Kalkstein und ist im Richardsonian romanischen Stil gebaut. Der erste Direktor der Sternwarte an Northwestern war Astronom George Washington Hough. Im Jahr 1929, nach dem Wall Street Crash, befand sich die Chicago Astronomical Society in finanzieller Not und fand es zu teuer sich um die Sternwarte zu k\u00fcmmern.<\/p>\n<p>Am 30. April 1930 gab die Gesellschaft die Sternwarte an die Northwestern University, unter der Bedingung, dass die Sternwarte f\u00fcr die \u00d6ffentlichkeit zug\u00e4nglich ist und nichts kostet.<\/p>\n<p>Im Jahr 1931 war die Sternwarte veraltet und Northwestern musste neue Ger\u00e4te f\u00fcr die Sternwarte kaufen. Im Jahr 1939 musste Northwestern University die Sternwarte 664 Fu\u00df wegen der Konstruktion des Technologischen Instituts s\u00fcdlich verlegen.<\/p>\n<p>Heute ist das Teleskop noch im aktiven Einsatz, und die Sternwarte wirkt als B\u00fcro und Klassenzimmer Raum.<\/p>\n","protected":false},"excerpt":{"rendered":"<p>Die Dearborn Sternwarte und ihre historische Bedeutung von Stefan Falstauer (Oktober 2012) Die Geschichte der Dearborn Sternwarte an der Northwestern University begann mit dem Bau eine 18.5\u201c Linse f\u00fcr ein Teleskop, das damals das gr\u00f6\u00dfte Linsenfernrohr der Welt war. Frederick Augustus Porter Barnard wollte eine Sternwarte bauen mit der neu geschaffenen Linse, aber der Amerikanische [&hellip;]<\/p>\n","protected":false},"author":4,"featured_media":0,"parent":1784,"menu_order":0,"comment_status":"closed","ping_status":"closed","template":"","meta":{"footnotes":""},"class_list":["post-2968","page","type-page","status-publish","hentry"],"_links":{"self":[{"href":"https:\/\/projects.madstudio.northwestern.edu\/bauhaus-and-beyond\/wp-json\/wp\/v2\/pages\/2968","targetHints":{"allow":["GET"]}}],"collection":[{"href":"https:\/\/projects.madstudio.northwestern.edu\/bauhaus-and-beyond\/wp-json\/wp\/v2\/pages"}],"about":[{"href":"https:\/\/projects.madstudio.northwestern.edu\/bauhaus-and-beyond\/wp-json\/wp\/v2\/types\/page"}],"author":[{"embeddable":true,"href":"https:\/\/projects.madstudio.northwestern.edu\/bauhaus-and-beyond\/wp-json\/wp\/v2\/users\/4"}],"replies":[{"embeddable":true,"href":"https:\/\/projects.madstudio.northwestern.edu\/bauhaus-and-beyond\/wp-json\/wp\/v2\/comments?post=2968"}],"version-history":[{"count":3,"href":"https:\/\/projects.madstudio.northwestern.edu\/bauhaus-and-beyond\/wp-json\/wp\/v2\/pages\/2968\/revisions"}],"predecessor-version":[{"id":2970,"href":"https:\/\/projects.madstudio.northwestern.edu\/bauhaus-and-beyond\/wp-json\/wp\/v2\/pages\/2968\/revisions\/2970"}],"up":[{"embeddable":true,"href":"https:\/\/projects.madstudio.northwestern.edu\/bauhaus-and-beyond\/wp-json\/wp\/v2\/pages\/1784"}],"wp:attachment":[{"href":"https:\/\/projects.madstudio.northwestern.edu\/bauhaus-and-beyond\/wp-json\/wp\/v2\/media?parent=2968"}],"curies":[{"name":"wp","href":"https:\/\/api.w.org\/{rel}","templated":true}]}}