{"id":305,"date":"2013-10-31T19:34:17","date_gmt":"2013-10-31T19:34:17","guid":{"rendered":"http:\/\/projects.madstudio.northwestern.edu\/bauhaus-and-beyond\/?page_id=305"},"modified":"2014-08-04T22:18:35","modified_gmt":"2014-08-04T22:18:35","slug":"galerie-berlin","status":"publish","type":"page","link":"https:\/\/projects.madstudio.northwestern.edu\/bauhaus-and-beyond\/bauhaus\/galerie-berlin\/","title":{"rendered":"Galerie &#8211; Berlin"},"content":{"rendered":"<p>Berlin ist eine Stadt, die sich stets neu erfindet und die immer im Wandel ist. Die historischen Perioden des Zwanzigsten Jahrhunderts spiegeln sich in der Architektur, den Nachbarschaften, der Stadtlandschaft, und den Sehensw\u00fcrdigkeiten der Stadt wieder. Hier finden Sie Fotos von architektonischen Meisterwerken wie der Neuen Nationalgalerie von Mies van der Rohe, dem Potsdamer Platz mit dem Sony Center von Helmut Jahn, dem J\u00fcdischen Museum von Daniel Liebeskind, dem Reichstagsgeb\u00e4ude von Sir Norman Foster, und viel mehr! Klicken Sie auf die individuellen Stationen, um mehr \u00fcber die Bauten zu erfahren.<\/p>\n<p>&nbsp;<\/p>\n","protected":false},"excerpt":{"rendered":"<p>Berlin ist eine Stadt, die sich stets neu erfindet und die immer im Wandel ist. Die historischen Perioden des Zwanzigsten Jahrhunderts spiegeln sich in der Architektur, den Nachbarschaften, der Stadtlandschaft, und den Sehensw\u00fcrdigkeiten der Stadt wieder. Hier finden Sie Fotos von architektonischen Meisterwerken wie der Neuen Nationalgalerie von Mies van der Rohe, dem Potsdamer Platz [&hellip;]<\/p>\n","protected":false},"author":2,"featured_media":0,"parent":8,"menu_order":7,"comment_status":"open","ping_status":"open","template":"","meta":{"footnotes":""},"class_list":["post-305","page","type-page","status-publish","hentry"],"_links":{"self":[{"href":"https:\/\/projects.madstudio.northwestern.edu\/bauhaus-and-beyond\/wp-json\/wp\/v2\/pages\/305","targetHints":{"allow":["GET"]}}],"collection":[{"href":"https:\/\/projects.madstudio.northwestern.edu\/bauhaus-and-beyond\/wp-json\/wp\/v2\/pages"}],"about":[{"href":"https:\/\/projects.madstudio.northwestern.edu\/bauhaus-and-beyond\/wp-json\/wp\/v2\/types\/page"}],"author":[{"embeddable":true,"href":"https:\/\/projects.madstudio.northwestern.edu\/bauhaus-and-beyond\/wp-json\/wp\/v2\/users\/2"}],"replies":[{"embeddable":true,"href":"https:\/\/projects.madstudio.northwestern.edu\/bauhaus-and-beyond\/wp-json\/wp\/v2\/comments?post=305"}],"version-history":[{"count":4,"href":"https:\/\/projects.madstudio.northwestern.edu\/bauhaus-and-beyond\/wp-json\/wp\/v2\/pages\/305\/revisions"}],"predecessor-version":[{"id":2065,"href":"https:\/\/projects.madstudio.northwestern.edu\/bauhaus-and-beyond\/wp-json\/wp\/v2\/pages\/305\/revisions\/2065"}],"up":[{"embeddable":true,"href":"https:\/\/projects.madstudio.northwestern.edu\/bauhaus-and-beyond\/wp-json\/wp\/v2\/pages\/8"}],"wp:attachment":[{"href":"https:\/\/projects.madstudio.northwestern.edu\/bauhaus-and-beyond\/wp-json\/wp\/v2\/media?parent=305"}],"curies":[{"name":"wp","href":"https:\/\/api.w.org\/{rel}","templated":true}]}}