{"id":3344,"date":"2023-11-09T07:32:34","date_gmt":"2023-11-09T07:32:34","guid":{"rendered":"https:\/\/projects.madstudio.northwestern.edu\/bauhaus-and-beyond\/?page_id=3344"},"modified":"2026-03-14T12:37:12","modified_gmt":"2026-03-14T12:37:12","slug":"james-r-thompson-center-ein-gefahrdetes-wahrzeichen","status":"publish","type":"page","link":"https:\/\/projects.madstudio.northwestern.edu\/bauhaus-and-beyond\/studentenmagazin\/gebaude-in-chicago-und-umgebung\/james-r-thompson-center-ein-gefahrdetes-wahrzeichen\/","title":{"rendered":"James R. Thompson Center &#8211; ein gef\u00e4hrdetes Wahrzeichen"},"content":{"rendered":"<p><span style=\"color: #800080;\"><strong>James R. Thompson Center &#8211; ein gef\u00e4hrdetes Wahrzeichen<\/strong><\/span><br \/>\nvon Denis Gribincea (Mai 2021)<\/p>\n<p><a href=\"https:\/\/projects.madstudio.northwestern.edu\/bauhaus-and-beyond\/wp-content\/uploads\/2023\/11\/Screen-Shot-2023-11-09-at-1.34.35-AM.png\"><img loading=\"lazy\" decoding=\"async\" class=\"wp-image-3347 alignleft\" src=\"https:\/\/projects.madstudio.northwestern.edu\/bauhaus-and-beyond\/wp-content\/uploads\/2023\/11\/Screen-Shot-2023-11-09-at-1.34.35-AM-300x179.png\" alt=\"\" width=\"527\" height=\"315\" srcset=\"https:\/\/projects.madstudio.northwestern.edu\/bauhaus-and-beyond\/wp-content\/uploads\/2023\/11\/Screen-Shot-2023-11-09-at-1.34.35-AM-300x179.png 300w, https:\/\/projects.madstudio.northwestern.edu\/bauhaus-and-beyond\/wp-content\/uploads\/2023\/11\/Screen-Shot-2023-11-09-at-1.34.35-AM-768x458.png 768w, https:\/\/projects.madstudio.northwestern.edu\/bauhaus-and-beyond\/wp-content\/uploads\/2023\/11\/Screen-Shot-2023-11-09-at-1.34.35-AM-671x400.png 671w, https:\/\/projects.madstudio.northwestern.edu\/bauhaus-and-beyond\/wp-content\/uploads\/2023\/11\/Screen-Shot-2023-11-09-at-1.34.35-AM.png 946w\" sizes=\"auto, (max-width: 527px) 100vw, 527px\" \/><\/a><\/p>\n<p>The photograph is courtesy of Helmut Jahn. https:\/\/www.dezeen.com\/2019\/04\/09\/james-r-thompson-center-pritzker-bill-news-chicago\/<\/p>\n<p>Das James R. Thompson Center wurde 1985 erbaut und umfasst B\u00fcros der Regierung des Bundesstaates Illinois, einige Gesch\u00e4fte, ein Postamt und eine U-Bahnstation. Es wurde 1993 &#8220;James R. Thompson Center&#8221; genannt, um den ehemaligen republikanischen Gouverneur von Illinois, James R. Thompson, zu ehren. Es wurde von Helmut Jahn entworfen und gilt als eines der bedeutendsten postmodernen Geb\u00e4ude der Stadt Chicago. Seine Gr\u00f6\u00dfe und Form kontrastieren sch\u00f6n mit den umliegenden Geb\u00e4uden &#8211; es ist nicht sehr hoch, hat eine runde Form auf einer Seite, eine Struktur oben wie eine &#8220;Kuppel&#8221; und einen sehr nahtlosen Eingang. Es hat auch viele \u00c4hnlichkeiten mit dem Sony Center in Berlin, das ebenfalls von Helmut Jahn entworfen wurde. Und genau wie das Sony Center ist dieses Geb\u00e4ude einzigartig und einige besondere Elemente m\u00fcssen erw\u00e4hnt werden.<\/p>\n<p>Zun\u00e4chst verdienen die offensichtlichsten Elemente Aufmerksamkeit &#8211; das innere Atrium und die Glasw\u00e4nde, die wahrscheinlich die einzigartigsten Merkmale sind. Sie schaffen zusammen das Gef\u00fchl eines \u00f6ffentlichen Platzes (einer &#8220;Piazza&#8221;) in einem Geb\u00e4ude. Dies ist auch der Grund, warum der Eingang so nahtlos ist. Wenn man hinein geht, f\u00fchlt man sich aufgrund dieser zwei Elemente fast nicht wie in einem Geb\u00e4ude. Eigentlich ist das gesamte Geb\u00e4ude als Freiraum entworfen. Zum Beispiel haben die B\u00fcros auf jeder Etage nicht viele W\u00e4nde und T\u00fcren. Dieses Merkmal soll den Eindruck einer &#8220;offenen Regierung&#8221; erwecken. Es ist eine innovative und mutige Idee, aber dieser gro\u00dfe Freiraum schafft jedoch auch einige Probleme &#8211; da f\u00fcr seine Fassade nicht insulierte (non-insulated) Glasscheiben verwendet wurden, ist es sehr schwierig, die Temperatur eines so gro\u00dfen Freiraums zu kontrollieren. Daher passiert es oft, dass es im Winter innen sehr kalt und im Sommer sehr hei\u00df ist.<\/p>\n<p>Ein ganz besonderes Element sind auch die Glasscheiben f\u00fcr die Vorhangfassade. Diese gebogenen Glasscheiben wurden in Deutschland entwickelt und erstmals hier eingesetzt. Au\u00dferhalb des Geb\u00e4udes gibt es auch einen \u00f6ffentlichen Platz mit einer Skulptur des franz\u00f6sischen K\u00fcn<a href=\"https:\/\/projects.madstudio.northwestern.edu\/bauhaus-and-beyond\/wp-content\/uploads\/2023\/11\/Screen-Shot-2023-11-09-at-1.34.49-AM.png\"><img loading=\"lazy\" decoding=\"async\" class=\"size-medium wp-image-3348 alignright\" src=\"https:\/\/projects.madstudio.northwestern.edu\/bauhaus-and-beyond\/wp-content\/uploads\/2023\/11\/Screen-Shot-2023-11-09-at-1.34.49-AM-300x252.png\" alt=\"\" width=\"300\" height=\"252\" srcset=\"https:\/\/projects.madstudio.northwestern.edu\/bauhaus-and-beyond\/wp-content\/uploads\/2023\/11\/Screen-Shot-2023-11-09-at-1.34.49-AM-300x252.png 300w, https:\/\/projects.madstudio.northwestern.edu\/bauhaus-and-beyond\/wp-content\/uploads\/2023\/11\/Screen-Shot-2023-11-09-at-1.34.49-AM-477x400.png 477w, https:\/\/projects.madstudio.northwestern.edu\/bauhaus-and-beyond\/wp-content\/uploads\/2023\/11\/Screen-Shot-2023-11-09-at-1.34.49-AM.png 756w\" sizes=\"auto, (max-width: 300px) 100vw, 300px\" \/><\/a>stlers Jean Dubuffet und einigen W\u00e4nden und Pfeilern. Eine Interpretation dieser W\u00e4nde und Pfeiler ist, dass Helmut Jahn das Geb\u00e4ude auf dem gesamten Gebiet bis zur Stra\u00dfe bauen wollte, aber auch etwas Freiraum drau\u00dfen haben wollte. Daher war der Kompromiss, diese eigenst\u00e4ndigen W\u00e4nde und Pfeiler zu haben.<\/p>\n<p>Das Thompson Center ist auch Gegenstand einer Debatte. Obwohl es als eines der bedeutendsten postmodernen Geb\u00e4ude der Stadt gilt, ist es sehr jung und kann daher nicht den Status eines &#8220;historischen Wahrzeichens&#8221; erhalten. Daher kann es verkauft und abgerissen werden. Im Jahr 2019 unterzeichnete der Gouverneur von Illinois, Jay Robert Pritzker, eine Genehmigung zum Verkauf und Abriss des Geb\u00e4udes. Das Ziel war etwas Geld zu sammeln und an seiner Stelle etwas viel Gr\u00f6\u00dferes zu bauen, vielleicht einen Wolkenkratzer. Diese Debatte wurde nach dem Tod von Helmut Jahn letzte Woche wieder sehr aktuell. Es ist noch nicht klar, was in Zukunft mit dem Thompson Center passieren wird, aber ich pers\u00f6nlich denke, dass es ein sehr interessantes und einzigartiges Geb\u00e4ude ist und irgendwie erhalten bleiben sollte.<\/p>\n","protected":false},"excerpt":{"rendered":"<p>James R. Thompson Center &#8211; ein gef\u00e4hrdetes Wahrzeichen von Denis Gribincea (Mai 2021) The photograph is courtesy of Helmut Jahn. https:\/\/www.dezeen.com\/2019\/04\/09\/james-r-thompson-center-pritzker-bill-news-chicago\/ Das James R. Thompson Center wurde 1985 erbaut und umfasst B\u00fcros der Regierung des Bundesstaates Illinois, einige Gesch\u00e4fte, ein Postamt und eine U-Bahnstation. Es wurde 1993 &#8220;James R. Thompson Center&#8221; genannt, um den ehemaligen [&hellip;]<\/p>\n","protected":false},"author":4,"featured_media":0,"parent":1790,"menu_order":0,"comment_status":"closed","ping_status":"closed","template":"","meta":{"footnotes":""},"class_list":["post-3344","page","type-page","status-publish","hentry"],"_links":{"self":[{"href":"https:\/\/projects.madstudio.northwestern.edu\/bauhaus-and-beyond\/wp-json\/wp\/v2\/pages\/3344","targetHints":{"allow":["GET"]}}],"collection":[{"href":"https:\/\/projects.madstudio.northwestern.edu\/bauhaus-and-beyond\/wp-json\/wp\/v2\/pages"}],"about":[{"href":"https:\/\/projects.madstudio.northwestern.edu\/bauhaus-and-beyond\/wp-json\/wp\/v2\/types\/page"}],"author":[{"embeddable":true,"href":"https:\/\/projects.madstudio.northwestern.edu\/bauhaus-and-beyond\/wp-json\/wp\/v2\/users\/4"}],"replies":[{"embeddable":true,"href":"https:\/\/projects.madstudio.northwestern.edu\/bauhaus-and-beyond\/wp-json\/wp\/v2\/comments?post=3344"}],"version-history":[{"count":3,"href":"https:\/\/projects.madstudio.northwestern.edu\/bauhaus-and-beyond\/wp-json\/wp\/v2\/pages\/3344\/revisions"}],"predecessor-version":[{"id":3350,"href":"https:\/\/projects.madstudio.northwestern.edu\/bauhaus-and-beyond\/wp-json\/wp\/v2\/pages\/3344\/revisions\/3350"}],"up":[{"embeddable":true,"href":"https:\/\/projects.madstudio.northwestern.edu\/bauhaus-and-beyond\/wp-json\/wp\/v2\/pages\/1790"}],"wp:attachment":[{"href":"https:\/\/projects.madstudio.northwestern.edu\/bauhaus-and-beyond\/wp-json\/wp\/v2\/media?parent=3344"}],"curies":[{"name":"wp","href":"https:\/\/api.w.org\/{rel}","templated":true}]}}