{"id":461,"date":"2013-11-12T19:55:30","date_gmt":"2013-11-12T19:55:30","guid":{"rendered":"http:\/\/projects.madstudio.northwestern.edu\/bauhaus-and-beyond\/?page_id=461"},"modified":"2014-09-15T21:19:29","modified_gmt":"2014-09-15T21:19:29","slug":"dirk-lohan-2004","status":"publish","type":"page","link":"https:\/\/projects.madstudio.northwestern.edu\/bauhaus-and-beyond\/bauhaus\/perspektiven\/dirk-lohan-2004\/","title":{"rendered":"Dirk Lohan (2004)"},"content":{"rendered":"<p><a href=\"https:\/\/projects.madstudio.northwestern.edu\/bauhaus-and-beyond\/wp-content\/uploads\/2013\/11\/centennialfountainlittleboyfromleftsept122012-copy.jpg\"><img loading=\"lazy\" decoding=\"async\" class=\"wp-image-433 alignright\" alt=\"centennialfountainlittleboyfromleftsept122012 copy\" src=\"https:\/\/projects.madstudio.northwestern.edu\/bauhaus-and-beyond\/wp-content\/uploads\/2013\/11\/centennialfountainlittleboyfromleftsept122012-copy-1024x682.jpg\" width=\"430\" height=\"286\" srcset=\"https:\/\/projects.madstudio.northwestern.edu\/bauhaus-and-beyond\/wp-content\/uploads\/2013\/11\/centennialfountainlittleboyfromleftsept122012-copy-1024x682.jpg 1024w, https:\/\/projects.madstudio.northwestern.edu\/bauhaus-and-beyond\/wp-content\/uploads\/2013\/11\/centennialfountainlittleboyfromleftsept122012-copy-300x200.jpg 300w, https:\/\/projects.madstudio.northwestern.edu\/bauhaus-and-beyond\/wp-content\/uploads\/2013\/11\/centennialfountainlittleboyfromleftsept122012-copy-600x400.jpg 600w\" sizes=\"auto, (max-width: 430px) 100vw, 430px\" \/><\/a>Klicken Sie oben auf Sektionen des Interviews mit Dirk Lohan! Die Videoclips sind chronologisch geordnet, aber Sie k\u00f6nnen sie auch nach Themen ausw\u00e4hlen.<\/p>\n<p>&nbsp;<\/p>\n<p>Der deutsch-amerikanische Architekt Dirk Lohan ist einer der bekanntesten Architekten in Chicago und genie\u00dft auch weltweit gro\u00dfes Ansehen. Er wurde am 16. M\u00e4rz, 1938 in Rathenau, einem Ort in der N\u00e4he von Berlin, geboren und studierte zuerst in M\u00fcnchen und dann am Illinois Institute of Technology bei seinem ber\u00fchmten Gro\u00dfvater Mies van der Rohe.<\/p>\n<p>&nbsp;<\/p>\n<p>Nachdem ihm mit seinem Design des McDonald&#8217;s Corporate Headquarters Campus in Oakbrook sein Karriere-Durchbruch gelungen war, trug er durch weitere herausragende Bauten zu der beeindruckenden Skyline von Chicago bei. Unter den Geb\u00e4uden, die von ihm und seinem Team entworfen wurden, befinden sich das John G. Shedd Aquarium Oceanarium, das Soldier Field and New Burnham Park Redevelopment, der Chicago Sinai Temple, und der Adler Planetarium Sky Pavilion. Dirk Lohan leitet derzeitig die Architektenfirma Lohan Anderson in Chicago.<\/p>\n<p>&nbsp;<\/p>\n<p>In diesem Interview, das von Mitarbeitern und Mitgliedern des Trainernetzwerks des Goethe-Instituts, der Chicago Architecture Foundation, und Professorinnen an der Northwestern Universit\u00e4t\u00a0 organisiert wurde und mit Hilfe des Multimedia Learning Centers an der Northwestern University 2004 durchgef\u00fchrt wurde, spricht Dirk Lohan \u00fcber seinen legend\u00e4ren Gro\u00dfvater Ludwig Mies van der Rohe und dessen Leben und Karriere in Chicago sowie seine eigene Herkunft, seinen Weg zur Architektur, Architektur in der Gro\u00dfstadt, und seinen eigenen architektonischen Stil im Kontext der modernen Architektur.<\/p>\n<p>&nbsp;<\/p>\n","protected":false},"excerpt":{"rendered":"<p>Klicken Sie oben auf Sektionen des Interviews mit Dirk Lohan! Die Videoclips sind chronologisch geordnet, aber Sie k\u00f6nnen sie auch nach Themen ausw\u00e4hlen. &nbsp; Der deutsch-amerikanische Architekt Dirk Lohan ist einer der bekanntesten Architekten in Chicago und genie\u00dft auch weltweit gro\u00dfes Ansehen. Er wurde am 16. M\u00e4rz, 1938 in Rathenau, einem Ort in der N\u00e4he [&hellip;]<\/p>\n","protected":false},"author":2,"featured_media":0,"parent":9,"menu_order":0,"comment_status":"open","ping_status":"open","template":"","meta":{"footnotes":""},"class_list":["post-461","page","type-page","status-publish","hentry"],"_links":{"self":[{"href":"https:\/\/projects.madstudio.northwestern.edu\/bauhaus-and-beyond\/wp-json\/wp\/v2\/pages\/461","targetHints":{"allow":["GET"]}}],"collection":[{"href":"https:\/\/projects.madstudio.northwestern.edu\/bauhaus-and-beyond\/wp-json\/wp\/v2\/pages"}],"about":[{"href":"https:\/\/projects.madstudio.northwestern.edu\/bauhaus-and-beyond\/wp-json\/wp\/v2\/types\/page"}],"author":[{"embeddable":true,"href":"https:\/\/projects.madstudio.northwestern.edu\/bauhaus-and-beyond\/wp-json\/wp\/v2\/users\/2"}],"replies":[{"embeddable":true,"href":"https:\/\/projects.madstudio.northwestern.edu\/bauhaus-and-beyond\/wp-json\/wp\/v2\/comments?post=461"}],"version-history":[{"count":15,"href":"https:\/\/projects.madstudio.northwestern.edu\/bauhaus-and-beyond\/wp-json\/wp\/v2\/pages\/461\/revisions"}],"predecessor-version":[{"id":2170,"href":"https:\/\/projects.madstudio.northwestern.edu\/bauhaus-and-beyond\/wp-json\/wp\/v2\/pages\/461\/revisions\/2170"}],"up":[{"embeddable":true,"href":"https:\/\/projects.madstudio.northwestern.edu\/bauhaus-and-beyond\/wp-json\/wp\/v2\/pages\/9"}],"wp:attachment":[{"href":"https:\/\/projects.madstudio.northwestern.edu\/bauhaus-and-beyond\/wp-json\/wp\/v2\/media?parent=461"}],"curies":[{"name":"wp","href":"https:\/\/api.w.org\/{rel}","templated":true}]}}