{"id":49,"date":"2013-05-15T18:49:23","date_gmt":"2013-05-15T18:49:23","guid":{"rendered":"http:\/\/projects.madstudio.northwestern.edu\/bauhaus-and-beyond\/?page_id=49"},"modified":"2013-11-07T22:24:59","modified_gmt":"2013-11-07T22:24:59","slug":"studium-und-praxis","status":"publish","type":"page","link":"https:\/\/projects.madstudio.northwestern.edu\/bauhaus-and-beyond\/bauhaus\/history-of-bauhaus\/studium-und-praxis\/","title":{"rendered":"Studium und Praxis"},"content":{"rendered":"<p>Die praktische Arbeit in den sogenannten Werkst\u00e4tten z\u00e4hlten zu den wichtigsten Aspekten der Ausbildung am Bauhaus. In Anlehnung an das Mittelalter, in dem man Vorbilder f\u00fcr eine klassenlose Gesellschaft sah, unterschied man zwischen <a href = \"#\" class=\"vocabWord\" id=\"SMSN-VW0\" bubbleText=\"<button type='button' class='balloonClose'> <\/button><p class = 'trans'>apprentice<\/p><\/br><form><input class='vocabCheck' id = 'SMSN-VC0' type='checkbox' word='Lehrling' translation='apprentice'><label class = 'checkprompt' for = 'SMSN-VC0'>Add to my vocab sheet<\/label><\/input><\/form>\">Lehrling<\/a>, <a href = \"#\" class=\"vocabWord\" id=\"SMSN-VW1\" bubbleText=\"<button type='button' class='balloonClose'> <\/button><p class = 'trans'>journeyman; fellow<\/p><\/br><form><input class='vocabCheck' id = 'SMSN-VC1' type='checkbox' word='Geselle' translation='journeyman; fellow'><label class = 'checkprompt' for = 'SMSN-VC1'>Add to my vocab sheet<\/label><\/input><\/form>\">Geselle<\/a>, und <a href = \"#\" class=\"vocabWord\" id=\"SMSN-VW2\" bubbleText=\"<button type='button' class='balloonClose'> <\/button><p class = 'trans'>master; foreman<\/p><\/br><form><input class='vocabCheck' id = 'SMSN-VC2' type='checkbox' word='Meister' translation='master; foreman'><label class = 'checkprompt' for = 'SMSN-VC2'>Add to my vocab sheet<\/label><\/input><\/form>\">Meister<\/a>. Alle Studierenden mussten einen Vorkurs belegen, durch den sie mit den Grundlagen der Materienlehre bekannt gemacht wurden, und sie mussten an dualistisch strukturierten Werkst\u00e4tten teilnehmen, die jeweils von einem handwerklichen Werkmeister und einem k\u00fcnstlerischen Formmeister geleitet wurden. Der Formmeister war f\u00fcr die gestalterisch-aesthetischen Aspekte <a href = \"#\" class=\"vocabWord\" id=\"SMSN-VW3\" bubbleText=\"<button type='button' class='balloonClose'> <\/button><p class = 'trans'>responsible for<\/p><\/br><form><input class='vocabCheck' id = 'SMSN-VC3' type='checkbox' word='zust\u00e4ndig' translation='responsible for'><label class = 'checkprompt' for = 'SMSN-VC3'>Add to my vocab sheet<\/label><\/input><\/form>\">zust\u00e4ndig<\/a>, der Werkmeister f\u00fcr die handwerklichen Aspekte. Durch die <a href = \"#\" class=\"vocabWord\" id=\"SMSN-VW4\" bubbleText=\"<button type='button' class='balloonClose'> <\/button><p class = 'trans'>emphasis<\/p><\/br><form><input class='vocabCheck' id = 'SMSN-VC4' type='checkbox' word='Betonung' translation='emphasis'><label class = 'checkprompt' for = 'SMSN-VC4'>Add to my vocab sheet<\/label><\/input><\/form>\">Betonung<\/a> auf beide Aspekte der Herstellung eines Werks sollte eine ideale Einheit kreiert werden. Die folgenden Werkst\u00e4tten wurden angeboten: Keramikwerkstatt, Weberei, Tischlerei, Metallwerkstatt, Graphische Druckerei, Druck- und Reklamewerkstatt, Fotografie, Glas- und Wandmalereiwerkstatt, Stein-und Holzbildhauerei \/ Plastische Werkstatt, B\u00fchne.<\/p>\n\n<!-- iframe plugin v.4.5 wordpress.org\/plugins\/iframe\/ -->\n<iframe loading=\"lazy\" src=\"https:\/\/projects.madstudio.northwestern.edu\/bauhaus-and-beyond\/hotpot\/historyofbauhaus\/stadium_und_praxis.htm\" height=\"450\" width=\"100%\" scrolling=\"yes\" class=\"iframe-class\" frameborder=\"0\"><\/iframe>\n\n","protected":false},"excerpt":{"rendered":"<p>Die praktische Arbeit in den sogenannten Werkst\u00e4tten z\u00e4hlten zu den wichtigsten Aspekten der Ausbildung am Bauhaus. In Anlehnung an das Mittelalter, in dem man Vorbilder f\u00fcr eine klassenlose Gesellschaft sah, unterschied man zwischen , , und . Alle Studierenden mussten einen Vorkurs belegen, durch den sie mit den Grundlagen der Materienlehre bekannt gemacht wurden, und [&hellip;]<\/p>\n","protected":false},"author":1,"featured_media":0,"parent":17,"menu_order":4,"comment_status":"open","ping_status":"open","template":"","meta":{"footnotes":""},"class_list":["post-49","page","type-page","status-publish","hentry"],"_links":{"self":[{"href":"https:\/\/projects.madstudio.northwestern.edu\/bauhaus-and-beyond\/wp-json\/wp\/v2\/pages\/49","targetHints":{"allow":["GET"]}}],"collection":[{"href":"https:\/\/projects.madstudio.northwestern.edu\/bauhaus-and-beyond\/wp-json\/wp\/v2\/pages"}],"about":[{"href":"https:\/\/projects.madstudio.northwestern.edu\/bauhaus-and-beyond\/wp-json\/wp\/v2\/types\/page"}],"author":[{"embeddable":true,"href":"https:\/\/projects.madstudio.northwestern.edu\/bauhaus-and-beyond\/wp-json\/wp\/v2\/users\/1"}],"replies":[{"embeddable":true,"href":"https:\/\/projects.madstudio.northwestern.edu\/bauhaus-and-beyond\/wp-json\/wp\/v2\/comments?post=49"}],"version-history":[{"count":4,"href":"https:\/\/projects.madstudio.northwestern.edu\/bauhaus-and-beyond\/wp-json\/wp\/v2\/pages\/49\/revisions"}],"predecessor-version":[{"id":362,"href":"https:\/\/projects.madstudio.northwestern.edu\/bauhaus-and-beyond\/wp-json\/wp\/v2\/pages\/49\/revisions\/362"}],"up":[{"embeddable":true,"href":"https:\/\/projects.madstudio.northwestern.edu\/bauhaus-and-beyond\/wp-json\/wp\/v2\/pages\/17"}],"wp:attachment":[{"href":"https:\/\/projects.madstudio.northwestern.edu\/bauhaus-and-beyond\/wp-json\/wp\/v2\/media?parent=49"}],"curies":[{"name":"wp","href":"https:\/\/api.w.org\/{rel}","templated":true}]}}