{"id":530,"date":"2013-11-14T16:57:12","date_gmt":"2013-11-14T16:57:12","guid":{"rendered":"http:\/\/projects.madstudio.northwestern.edu\/bauhaus-and-beyond\/?page_id=530"},"modified":"2014-03-15T22:20:14","modified_gmt":"2014-03-15T22:20:14","slug":"bauhaus-in-weimar","status":"publish","type":"page","link":"https:\/\/projects.madstudio.northwestern.edu\/bauhaus-and-beyond\/bauhaus\/galerie-weimar\/bauhaus-in-weimar\/","title":{"rendered":"Bauhaus in Weimar"},"content":{"rendered":"<p>Das Bauhaus wurde in Weimar gegr\u00fcndet.\u00a0 Hier sehen Sie die Spuren der Anf\u00e4nge des Bauhauses und auch das Bauhaus Museum. Der erste Bau, der das Bauhaus hauste, war ein Geb\u00e4ude von Henry van de Velde und ist heute Teil der Bauhaus Universit\u00e4t.<\/p>\n<p><img decoding=\"async\" class=\"ngg_displayed_gallery mceItem\" alt=\"\" src=\"https:\/\/projects.madstudio.northwestern.edu\/bauhaus-and-beyond\/nextgen-attach_to_post\/preview\/id--537\" \/><\/p>\n<p>&nbsp;<\/p>\n","protected":false},"excerpt":{"rendered":"<p>Das Bauhaus wurde in Weimar gegr\u00fcndet.\u00a0 Hier sehen Sie die Spuren der Anf\u00e4nge des Bauhauses und auch das Bauhaus Museum. Der erste Bau, der das Bauhaus hauste, war ein Geb\u00e4ude von Henry van de Velde und ist heute Teil der Bauhaus Universit\u00e4t. &nbsp;<\/p>\n","protected":false},"author":4,"featured_media":0,"parent":300,"menu_order":0,"comment_status":"open","ping_status":"open","template":"","meta":{"footnotes":""},"class_list":["post-530","page","type-page","status-publish","hentry"],"_links":{"self":[{"href":"https:\/\/projects.madstudio.northwestern.edu\/bauhaus-and-beyond\/wp-json\/wp\/v2\/pages\/530","targetHints":{"allow":["GET"]}}],"collection":[{"href":"https:\/\/projects.madstudio.northwestern.edu\/bauhaus-and-beyond\/wp-json\/wp\/v2\/pages"}],"about":[{"href":"https:\/\/projects.madstudio.northwestern.edu\/bauhaus-and-beyond\/wp-json\/wp\/v2\/types\/page"}],"author":[{"embeddable":true,"href":"https:\/\/projects.madstudio.northwestern.edu\/bauhaus-and-beyond\/wp-json\/wp\/v2\/users\/4"}],"replies":[{"embeddable":true,"href":"https:\/\/projects.madstudio.northwestern.edu\/bauhaus-and-beyond\/wp-json\/wp\/v2\/comments?post=530"}],"version-history":[{"count":4,"href":"https:\/\/projects.madstudio.northwestern.edu\/bauhaus-and-beyond\/wp-json\/wp\/v2\/pages\/530\/revisions"}],"predecessor-version":[{"id":1459,"href":"https:\/\/projects.madstudio.northwestern.edu\/bauhaus-and-beyond\/wp-json\/wp\/v2\/pages\/530\/revisions\/1459"}],"up":[{"embeddable":true,"href":"https:\/\/projects.madstudio.northwestern.edu\/bauhaus-and-beyond\/wp-json\/wp\/v2\/pages\/300"}],"wp:attachment":[{"href":"https:\/\/projects.madstudio.northwestern.edu\/bauhaus-and-beyond\/wp-json\/wp\/v2\/media?parent=530"}],"curies":[{"name":"wp","href":"https:\/\/api.w.org\/{rel}","templated":true}]}}