{"id":9,"date":"2013-05-15T18:37:57","date_gmt":"2013-05-15T18:37:57","guid":{"rendered":"http:\/\/projects.madstudio.northwestern.edu\/bauhaus-and-beyond\/?page_id=9"},"modified":"2018-08-29T22:13:21","modified_gmt":"2018-08-29T22:13:21","slug":"perspektiven","status":"publish","type":"page","link":"https:\/\/projects.madstudio.northwestern.edu\/bauhaus-and-beyond\/bauhaus\/perspektiven\/","title":{"rendered":"Perspektiven"},"content":{"rendered":"<p>Diese Sektion beinhaltet Gespr\u00e4che \u00fcber das Thema Architektur.\u00a0 Architekten und andere Repr\u00e4sentanten unserer Gesellschaft \u00e4u\u00dfern sich zum Bauhaus, zur gr\u00fcnen Architektur, und zu anderen Aspekten der Geschichte der Architektur und der Modernen Architektur, besonders in Bezug auf die deutschen Einfl\u00fcsse auf die Architektur. Lernen Sie den Architekten Dirk Lohan, Mies van der Rohes Enkel, kennen, sowie George Danforth, einen ehemaligen Studenten von Mies van der Rohe am IIT (Illinois Institute of Technology):<\/p>\n<p><a title=\"Dirk Lohan (2004)\" href=\"https:\/\/projects.madstudio.northwestern.edu\/bauhaus-and-beyond\/perspektiven\/dirk-lohan-2004\" target=\"_blank\">Interview mit Dirk Lohan (2004)<\/a><\/p>\n<p>Klassenpr\u00e4sentation mit Dirk Lohan (2012)<\/p>\n<p>Interview mit George Danforth (2004)<\/p>\n<p>&nbsp;<\/p>\n","protected":false},"excerpt":{"rendered":"<p>Diese Sektion beinhaltet Gespr\u00e4che \u00fcber das Thema Architektur.\u00a0 Architekten und andere Repr\u00e4sentanten unserer Gesellschaft \u00e4u\u00dfern sich zum Bauhaus, zur gr\u00fcnen Architektur, und zu anderen Aspekten der Geschichte der Architektur und der Modernen Architektur, besonders in Bezug auf die deutschen Einfl\u00fcsse auf die Architektur. Lernen Sie den Architekten Dirk Lohan, Mies van der Rohes Enkel, kennen, [&hellip;]<\/p>\n","protected":false},"author":1,"featured_media":0,"parent":8,"menu_order":3,"comment_status":"open","ping_status":"closed","template":"","meta":{"footnotes":""},"class_list":["post-9","page","type-page","status-publish","hentry"],"_links":{"self":[{"href":"https:\/\/projects.madstudio.northwestern.edu\/bauhaus-and-beyond\/wp-json\/wp\/v2\/pages\/9","targetHints":{"allow":["GET"]}}],"collection":[{"href":"https:\/\/projects.madstudio.northwestern.edu\/bauhaus-and-beyond\/wp-json\/wp\/v2\/pages"}],"about":[{"href":"https:\/\/projects.madstudio.northwestern.edu\/bauhaus-and-beyond\/wp-json\/wp\/v2\/types\/page"}],"author":[{"embeddable":true,"href":"https:\/\/projects.madstudio.northwestern.edu\/bauhaus-and-beyond\/wp-json\/wp\/v2\/users\/1"}],"replies":[{"embeddable":true,"href":"https:\/\/projects.madstudio.northwestern.edu\/bauhaus-and-beyond\/wp-json\/wp\/v2\/comments?post=9"}],"version-history":[{"count":15,"href":"https:\/\/projects.madstudio.northwestern.edu\/bauhaus-and-beyond\/wp-json\/wp\/v2\/pages\/9\/revisions"}],"predecessor-version":[{"id":1676,"href":"https:\/\/projects.madstudio.northwestern.edu\/bauhaus-and-beyond\/wp-json\/wp\/v2\/pages\/9\/revisions\/1676"}],"up":[{"embeddable":true,"href":"https:\/\/projects.madstudio.northwestern.edu\/bauhaus-and-beyond\/wp-json\/wp\/v2\/pages\/8"}],"wp:attachment":[{"href":"https:\/\/projects.madstudio.northwestern.edu\/bauhaus-and-beyond\/wp-json\/wp\/v2\/media?parent=9"}],"curies":[{"name":"wp","href":"https:\/\/api.w.org\/{rel}","templated":true}]}}