{"id":92,"date":"2013-05-20T17:05:59","date_gmt":"2013-05-20T17:05:59","guid":{"rendered":"http:\/\/projects.madstudio.northwestern.edu\/bauhaus-and-beyond\/?page_id=92"},"modified":"2013-11-19T21:11:40","modified_gmt":"2013-11-19T21:11:40","slug":"der-erste-handelsposten","status":"publish","type":"page","link":"https:\/\/projects.madstudio.northwestern.edu\/bauhaus-and-beyond\/chicago-skyline\/geschichte-der-skyline\/der-erste-handelsposten\/","title":{"rendered":"Der erste Handelsposten"},"content":{"rendered":"<p><a href=\"https:\/\/projects.madstudio.northwestern.edu\/bauhaus-and-beyond\/wp-content\/uploads\/2013\/11\/DuSableStaueCrop.jpg\"><img loading=\"lazy\" decoding=\"async\" class=\"size-medium wp-image-651 alignleft\" alt=\"B\u00fcste von Jean Baptiste Point du Sable am Chicago River\" src=\"https:\/\/projects.madstudio.northwestern.edu\/bauhaus-and-beyond\/wp-content\/uploads\/2013\/11\/DuSableStaueCrop-300x256.jpg\" width=\"257\" height=\"219\" srcset=\"https:\/\/projects.madstudio.northwestern.edu\/bauhaus-and-beyond\/wp-content\/uploads\/2013\/11\/DuSableStaueCrop-300x256.jpg 300w, https:\/\/projects.madstudio.northwestern.edu\/bauhaus-and-beyond\/wp-content\/uploads\/2013\/11\/DuSableStaueCrop-1024x874.jpg 1024w, https:\/\/projects.madstudio.northwestern.edu\/bauhaus-and-beyond\/wp-content\/uploads\/2013\/11\/DuSableStaueCrop-468x400.jpg 468w\" sizes=\"auto, (max-width: 257px) 100vw, 257px\" \/><\/a>Zwischen 1780 und 1790 errichtete der H\u00e4ndler Jean Baptiste Point du Sable den ersten <a href = \"#\" class=\"vocabWord\" id=\"SMSN-VW0\" bubbleText=\"<button type='button' class='balloonClose'> <\/button><p class = 'trans'>trade post<\/p><\/br><form><input class='vocabCheck' id = 'SMSN-VC0' type='checkbox' word=' Handelsposten' translation='trade post'><label class = 'checkprompt' for = 'SMSN-VC0'>Add to my vocab sheet<\/label><\/input><\/form>\"> Handelsposten<\/a> auf dem Boden der heutigen Stadt und gilt somit als der Gr\u00fcnder Chicagos. Die Herkunft Du Sables ist <a href = \"#\" class=\"vocabWord\" id=\"SMSN-VW1\" bubbleText=\"<button type='button' class='balloonClose'> <\/button><p class = 'trans'>uncertain<\/p><\/br><form><input class='vocabCheck' id = 'SMSN-VC1' type='checkbox' word=' ungewiss' translation='uncertain'><label class = 'checkprompt' for = 'SMSN-VC1'>Add to my vocab sheet<\/label><\/input><\/form>\"> ungewiss<\/a>, allerdings ist bekannt, dass seine <a href = \"#\" class=\"vocabWord\" id=\"SMSN-VW2\" bubbleText=\"<button type='button' class='balloonClose'> <\/button><p class = 'trans'>ancestors<\/p><\/br><form><input class='vocabCheck' id = 'SMSN-VC2' type='checkbox' word=' Vorfahren' translation='ancestors'><label class = 'checkprompt' for = 'SMSN-VC2'>Add to my vocab sheet<\/label><\/input><\/form>\"> Vorfahren<\/a> zum Teil Afrikaner waren und es wird <a href = \"#\" class=\"vocabWord\" id=\"SMSN-VW3\" bubbleText=\"<button type='button' class='balloonClose'> <\/button><p class = 'trans'>it is assumed<\/p><\/br><form><input class='vocabCheck' id = 'SMSN-VC3' type='checkbox' word='vermutet' translation='it is assumed'><label class = 'checkprompt' for = 'SMSN-VC3'>Add to my vocab sheet<\/label><\/input><\/form>\">vermutet<\/a>, dass er in Haiti oder in der Dominikanischen Republik geboren war. Er heiratete eine Potowatomi Indianerin, mit der er zwei Kinder hatte. Heute h\u00e4ngt ein <a href = \"#\" class=\"vocabWord\" id=\"SMSN-VW4\" bubbleText=\"<button type='button' class='balloonClose'> <\/button><p class = 'trans'>trade post<\/p><\/br><form><input class='vocabCheck' id = 'SMSN-VC4' type='checkbox' word=' sign ' translation='trade post'><label class = 'checkprompt' for = 'SMSN-VC4'>Add to my vocab sheet<\/label><\/input><\/form>\"> sign <\/a> am Pioneer Court, wo dieser Posten stand, an 401 N. Michigan Avenue, an der M\u00fcndung des Chicago Flusses in den Michigan See. Ein bekanntes Zitat \u00fcber Du Sable ist: &#8220;Der erste wei\u00dfe Mann, der sich hier niederlie\u00df, war ein Schwarzer.&#8221;<\/p>\n<div><\/div>\n<div>\n<!-- iframe plugin v.4.5 wordpress.org\/plugins\/iframe\/ -->\n<iframe loading=\"lazy\" src=\"https:\/\/projects.madstudio.northwestern.edu\/bauhaus-and-beyond\/hotpot\/chicagoskyline\/dererstehandelsposten.htm\" height=\"390\" width=\"100%\" scrolling=\"yes\" class=\"iframe-class\" frameborder=\"0\"><\/iframe>\n<\/div>\n","protected":false},"excerpt":{"rendered":"<p>Zwischen 1780 und 1790 errichtete der H\u00e4ndler Jean Baptiste Point du Sable den ersten auf dem Boden der heutigen Stadt und gilt somit als der Gr\u00fcnder Chicagos. Die Herkunft Du Sables ist , allerdings ist bekannt, dass seine zum Teil Afrikaner waren und es wird , dass er in Haiti oder in der Dominikanischen Republik [&hellip;]<\/p>\n","protected":false},"author":2,"featured_media":0,"parent":22,"menu_order":3,"comment_status":"open","ping_status":"open","template":"","meta":{"footnotes":""},"class_list":["post-92","page","type-page","status-publish","hentry"],"_links":{"self":[{"href":"https:\/\/projects.madstudio.northwestern.edu\/bauhaus-and-beyond\/wp-json\/wp\/v2\/pages\/92","targetHints":{"allow":["GET"]}}],"collection":[{"href":"https:\/\/projects.madstudio.northwestern.edu\/bauhaus-and-beyond\/wp-json\/wp\/v2\/pages"}],"about":[{"href":"https:\/\/projects.madstudio.northwestern.edu\/bauhaus-and-beyond\/wp-json\/wp\/v2\/types\/page"}],"author":[{"embeddable":true,"href":"https:\/\/projects.madstudio.northwestern.edu\/bauhaus-and-beyond\/wp-json\/wp\/v2\/users\/2"}],"replies":[{"embeddable":true,"href":"https:\/\/projects.madstudio.northwestern.edu\/bauhaus-and-beyond\/wp-json\/wp\/v2\/comments?post=92"}],"version-history":[{"count":10,"href":"https:\/\/projects.madstudio.northwestern.edu\/bauhaus-and-beyond\/wp-json\/wp\/v2\/pages\/92\/revisions"}],"predecessor-version":[{"id":924,"href":"https:\/\/projects.madstudio.northwestern.edu\/bauhaus-and-beyond\/wp-json\/wp\/v2\/pages\/92\/revisions\/924"}],"up":[{"embeddable":true,"href":"https:\/\/projects.madstudio.northwestern.edu\/bauhaus-and-beyond\/wp-json\/wp\/v2\/pages\/22"}],"wp:attachment":[{"href":"https:\/\/projects.madstudio.northwestern.edu\/bauhaus-and-beyond\/wp-json\/wp\/v2\/media?parent=92"}],"curies":[{"name":"wp","href":"https:\/\/api.w.org\/{rel}","templated":true}]}}